 {"id":29632,"date":"2023-11-14T12:24:08","date_gmt":"2023-11-14T11:24:08","guid":{"rendered":"https:\/\/greendisc.dev-project.digital\/\/product\/eco-elektrischer-sprueher-zerstaeuber-4ltr-blau\/"},"modified":"2024-12-16T09:32:44","modified_gmt":"2024-12-16T08:32:44","slug":"eco-elektrischer-sprueher-zerstaeuber-4ltr-blau","status":"publish","type":"product","link":"https:\/\/greendisc.dev-project.digital\/de\/produkt\/eco-elektrischer-sprueher-zerstaeuber-4ltr-blau\/","title":{"rendered":"ECO Elektrischer Spr\u00fcher \/ Zerst\u00e4uber 4ltr. (blau)"},"content":{"rendered":"<p data-mce-fragment=\"1\">Mit diesem elektrischen Hochdruck-Sprinkler\/Spr\u00fcher k\u00f6nnen Sie Ihre Pflanzen bew\u00e4ssern oder mit dem versorgen, was \u00fcber die Bl\u00e4tter aufgenommen werden muss. Er eignet sich auch hervorragend zum Zerst\u00e4uben von Pestiziden gegen Sch\u00e4dlinge wie Spinnmilben und dergleichen in Ihrem Raum.<\/p>\n<div id=\"page\" class=\"container_9 clearfix\" data-mce-fragment=\"1\">\n<div id=\"columns\" class=\"grid_9 alpha omega clearfix\" data-mce-fragment=\"1\">\n<div id=\"center_column\" class=\"grid_5\" data-mce-fragment=\"1\">\n<div id=\"center_column_prod\" data-mce-fragment=\"1\">\n<div id=\"primary_block\" class=\"clearfix\" data-mce-fragment=\"1\">\n<div id=\"pb-right-column\" data-mce-fragment=\"1\">\n<div id=\"short_description_block\" data-mce-fragment=\"1\">\n<div id=\"short_description_content\" class=\"rte align_justify\" data-mce-fragment=\"1\">\n<p data-mce-fragment=\"1\">Tankinhalt 4 Liter.<br data-mce-fragment=\"1\">Leistung 1200 Watt und Reichweite 6 Meter<br data-mce-fragment=\"1\">1 D\u00fcse<\/p>\n<\/div>\n<\/div>\n<\/div>\n<\/div>\n<\/div>\n<\/div>\n<\/div>\n<\/div>\n","protected":false},"excerpt":{"rendered":"<p>Mit diesem elektrischen Hochdruck-Sprinkler\/Spr\u00fcher k\u00f6nnen Sie Ihre Pflanzen bew\u00e4ssern oder mit dem versorgen, was \u00fcber die Bl\u00e4tter aufgenommen werden muss.<\/p>\n","protected":false},"featured_media":25245,"template":"","meta":[],"product_brand":[],"product_cat":[512,533],"product_tag":[],"class_list":{"0":"post-29632","1":"product","2":"type-product","3":"status-publish","4":"has-post-thumbnail","6":"product_cat-bewasserung","7":"product_cat-vernebler","9":"first","10":"instock","11":"taxable","12":"shipping-taxable","13":"purchasable","14":"product-type-simple"},"_links":{"self":[{"href":"https:\/\/greendisc.dev-project.digital\/de\/wp-json\/wp\/v2\/product\/29632","targetHints":{"allow":["GET"]}}],"collection":[{"href":"https:\/\/greendisc.dev-project.digital\/de\/wp-json\/wp\/v2\/product"}],"about":[{"href":"https:\/\/greendisc.dev-project.digital\/de\/wp-json\/wp\/v2\/types\/product"}],"version-history":[{"count":0,"href":"https:\/\/greendisc.dev-project.digital\/de\/wp-json\/wp\/v2\/product\/29632\/revisions"}],"wp:featuredmedia":[{"embeddable":true,"href":"https:\/\/greendisc.dev-project.digital\/de\/wp-json\/wp\/v2\/media\/25245"}],"wp:attachment":[{"href":"https:\/\/greendisc.dev-project.digital\/de\/wp-json\/wp\/v2\/media?parent=29632"}],"wp:term":[{"taxonomy":"product_brand","embeddable":true,"href":"https:\/\/greendisc.dev-project.digital\/de\/wp-json\/wp\/v2\/product_brand?post=29632"},{"taxonomy":"product_cat","embeddable":true,"href":"https:\/\/greendisc.dev-project.digital\/de\/wp-json\/wp\/v2\/product_cat?post=29632"},{"taxonomy":"product_tag","embeddable":true,"href":"https:\/\/greendisc.dev-project.digital\/de\/wp-json\/wp\/v2\/product_tag?post=29632"}],"curies":[{"name":"wp","href":"https:\/\/api.w.org\/{rel}","templated":true}]}}