 {"id":29630,"date":"2023-11-14T12:18:27","date_gmt":"2023-11-14T11:18:27","guid":{"rendered":"https:\/\/greendisc.dev-project.digital\/\/product\/aquaking-hochdruckspruehgeraet-5-ltr\/"},"modified":"2024-12-16T09:32:44","modified_gmt":"2024-12-16T08:32:44","slug":"aquaking-hochdruckspruehgeraet-5-ltr","status":"publish","type":"product","link":"https:\/\/greendisc.dev-project.digital\/de\/produkt\/aquaking-hochdruckspruehgeraet-5-ltr\/","title":{"rendered":"Aquaking Hochdruckspr\u00fchger\u00e4t 5 ltr."},"content":{"rendered":"<p data-mce-fragment=\"1\">Sie k\u00f6nnen diesen AquaKing Hochdruckreiniger f\u00fcr zahlreiche Anwendungen in und um Ihr Haus und Ihren Garten verwenden. Der Zerst\u00e4uber ist aus einem robusten milchig-wei\u00dfen Kunststoff gefertigt und hat eine gut lesbare Inhaltsskala. Die Spr\u00fchdose von Aquaking kann mit einem verstellbaren Tragegurt auf dem R\u00fccken getragen werden. Der Spr\u00fchkopf ist von feinem Nebel bis zu einem konzentrierten Strahl einstellbar. Der Spr\u00fchgriff kann f\u00fcr eine konstante Zerst\u00e4ubung arretiert werden (Spr\u00fchsperre). Der AquaKing Spr\u00fcher macht Ihnen das Spr\u00fchen also sehr viel leichter.  <br data-mce-fragment=\"1\"><\/p>\n<p data-mce-fragment=\"1\"><strong data-mce-fragment=\"1\">Eigenschaften<\/strong><br data-mce-fragment=\"1\">&#8211; Deutliche Skala f\u00fcr Genauigkeit beim Abmessen von Fl\u00fcssigkeiten<br data-mce-fragment=\"1\">&#8211; Bequemer Griff und verstellbarer Trageriemen<br data-mce-fragment=\"1\">&#8211; Einstellbarer Spr\u00fchkopf &gt; von einem konzentrierten Strahl bis zu einem feinen Nebel<br data-mce-fragment=\"1\">&#8211; Spr\u00fchlanze f\u00fcr einfache Handhabung &#8211; Spr\u00fchgriff mit Spray-Lock-Schalter &#8211; Ausgestattet mit einem \u00dcberdruckventil  <\/p>\n<p data-mce-fragment=\"1\">H\u00f6he: 42 cm (16,5 Zoll)<br data-mce-fragment=\"1\">Durchmesser: 18 cm (7 &#8222;)<br data-mce-fragment=\"1\">Gewicht: 1,3 kg<\/p>\n","protected":false},"excerpt":{"rendered":"<p>Sie k\u00f6nnen diesen AquaKing Hochdruckreiniger f\u00fcr zahlreiche Anwendungen in und um Ihr Haus und Ihren Garten verwenden. Der Zerst\u00e4uber ist aus einem robusten milchig-wei\u00dfen Kunststoff gefertigt und hat eine gut lesbare Inhaltsskala. <\/p>\n","protected":false},"featured_media":24481,"template":"","meta":[],"product_brand":[],"product_cat":[512,533],"product_tag":[],"class_list":{"0":"post-29630","1":"product","2":"type-product","3":"status-publish","4":"has-post-thumbnail","6":"product_cat-bewasserung","7":"product_cat-vernebler","9":"first","10":"instock","11":"taxable","12":"shipping-taxable","13":"purchasable","14":"product-type-simple"},"_links":{"self":[{"href":"https:\/\/greendisc.dev-project.digital\/de\/wp-json\/wp\/v2\/product\/29630","targetHints":{"allow":["GET"]}}],"collection":[{"href":"https:\/\/greendisc.dev-project.digital\/de\/wp-json\/wp\/v2\/product"}],"about":[{"href":"https:\/\/greendisc.dev-project.digital\/de\/wp-json\/wp\/v2\/types\/product"}],"version-history":[{"count":0,"href":"https:\/\/greendisc.dev-project.digital\/de\/wp-json\/wp\/v2\/product\/29630\/revisions"}],"wp:featuredmedia":[{"embeddable":true,"href":"https:\/\/greendisc.dev-project.digital\/de\/wp-json\/wp\/v2\/media\/24481"}],"wp:attachment":[{"href":"https:\/\/greendisc.dev-project.digital\/de\/wp-json\/wp\/v2\/media?parent=29630"}],"wp:term":[{"taxonomy":"product_brand","embeddable":true,"href":"https:\/\/greendisc.dev-project.digital\/de\/wp-json\/wp\/v2\/product_brand?post=29630"},{"taxonomy":"product_cat","embeddable":true,"href":"https:\/\/greendisc.dev-project.digital\/de\/wp-json\/wp\/v2\/product_cat?post=29630"},{"taxonomy":"product_tag","embeddable":true,"href":"https:\/\/greendisc.dev-project.digital\/de\/wp-json\/wp\/v2\/product_tag?post=29630"}],"curies":[{"name":"wp","href":"https:\/\/api.w.org\/{rel}","templated":true}]}}