 {"id":29628,"date":"2023-11-14T12:18:26","date_gmt":"2023-11-14T11:18:26","guid":{"rendered":"https:\/\/greendisc.dev-project.digital\/\/product\/aquaking-nebler-elektrischer-nebler\/"},"modified":"2024-12-16T09:32:43","modified_gmt":"2024-12-16T08:32:43","slug":"aquaking-nebler-elektrischer-nebler","status":"publish","type":"product","link":"https:\/\/greendisc.dev-project.digital\/de\/produkt\/aquaking-nebler-elektrischer-nebler\/","title":{"rendered":"Aquaking Nebler, elektrischer Nebler"},"content":{"rendered":"<p data-mce-fragment=\"1\">Der Aquaking Fogger ist ein perfektes Spr\u00fchger\u00e4t. Der Fogger ist ideal f\u00fcr die schnelle, einfache und pr\u00e4zise Vernebelung aller Arten von Fl\u00fcssigkeiten. Dank seines gro\u00dfen 5-Liter-Beh\u00e4lters ist dieses Produkt ideal f\u00fcr die Zerst\u00e4ubung von Blattd\u00fcnger, Desinfektionsmitteln und Pestiziden sowohl auf einer Pflanze als auch in einem Raum.<br data-mce-fragment=\"1\"><br data-mce-fragment=\"1\">Der elektrische Vernebler von Aquaking ist sehr benutzerfreundlich, da er entweder mit einem Griff oder einem Schultergurt getragen werden kann.<br data-mce-fragment=\"1\"><br data-mce-fragment=\"1\">Mit seinem 1000-Watt-Motor ist dies ein sehr leistungsstarker Vernebler, bei dem die Tr\u00f6pfchengr\u00f6\u00dfe zwischen 10 und 150 Mikrometern eingestellt werden kann.<br data-mce-fragment=\"1\">Der elektrische Spr\u00fcher hat ein 10 Meter langes Kabel und damit eine sehr gro\u00dfe Reichweite.<\/p>\n<p data-mce-fragment=\"1\"> <br data-mce-fragment=\"1\"><\/p>\n<p data-mce-fragment=\"1\"><strong data-mce-fragment=\"1\"><br data-mce-fragment=\"1\"><br data-mce-fragment=\"1\">Eigenschaften:<\/strong>Leistung: 1000Watt;<strong data-mce-fragment=\"1\"><\/strong><br data-mce-fragment=\"1\">Spannung: 230 Volt;<br data-mce-fragment=\"1\">Vorratstank: 5 Liter;<br data-mce-fragment=\"1\">Tropfengr\u00f6\u00dfe: einstellbar zwischen 10 und 150 Mikrometern;<br data-mce-fragment=\"1\">Spr\u00fchvolumen: 470 ml;<br data-mce-fragment=\"1\">Kabell\u00e4nge: 10 Meter.<\/p>\n","protected":false},"excerpt":{"rendered":"<p>Der Aquaking Fogger ist ein perfektes Spr\u00fchger\u00e4t. Der Fogger ist ideal f\u00fcr die schnelle, einfache und pr\u00e4zise Vernebelung aller Arten von Fl\u00fcssigkeiten. <\/p>\n","protected":false},"featured_media":24479,"template":"","meta":[],"product_brand":[],"product_cat":[512,533],"product_tag":[],"class_list":{"0":"post-29628","1":"product","2":"type-product","3":"status-publish","4":"has-post-thumbnail","6":"product_cat-bewasserung","7":"product_cat-vernebler","9":"first","10":"instock","11":"taxable","12":"shipping-taxable","13":"purchasable","14":"product-type-simple"},"_links":{"self":[{"href":"https:\/\/greendisc.dev-project.digital\/de\/wp-json\/wp\/v2\/product\/29628","targetHints":{"allow":["GET"]}}],"collection":[{"href":"https:\/\/greendisc.dev-project.digital\/de\/wp-json\/wp\/v2\/product"}],"about":[{"href":"https:\/\/greendisc.dev-project.digital\/de\/wp-json\/wp\/v2\/types\/product"}],"version-history":[{"count":0,"href":"https:\/\/greendisc.dev-project.digital\/de\/wp-json\/wp\/v2\/product\/29628\/revisions"}],"wp:featuredmedia":[{"embeddable":true,"href":"https:\/\/greendisc.dev-project.digital\/de\/wp-json\/wp\/v2\/media\/24479"}],"wp:attachment":[{"href":"https:\/\/greendisc.dev-project.digital\/de\/wp-json\/wp\/v2\/media?parent=29628"}],"wp:term":[{"taxonomy":"product_brand","embeddable":true,"href":"https:\/\/greendisc.dev-project.digital\/de\/wp-json\/wp\/v2\/product_brand?post=29628"},{"taxonomy":"product_cat","embeddable":true,"href":"https:\/\/greendisc.dev-project.digital\/de\/wp-json\/wp\/v2\/product_cat?post=29628"},{"taxonomy":"product_tag","embeddable":true,"href":"https:\/\/greendisc.dev-project.digital\/de\/wp-json\/wp\/v2\/product_tag?post=29628"}],"curies":[{"name":"wp","href":"https:\/\/api.w.org\/{rel}","templated":true}]}}