 {"id":29615,"date":"2023-11-14T12:18:32","date_gmt":"2023-11-14T11:18:32","guid":{"rendered":"https:\/\/greendisc.dev-project.digital\/\/product\/aquaking-zusammenlegbares-fass-380-ltr\/"},"modified":"2024-12-16T09:32:35","modified_gmt":"2024-12-16T08:32:35","slug":"aquaking-zusammenlegbares-fass-380-ltr","status":"publish","type":"product","link":"https:\/\/greendisc.dev-project.digital\/de\/produkt\/aquaking-zusammenlegbares-fass-380-ltr\/","title":{"rendered":"Aquaking zusammenlegbares Fass 380 ltr"},"content":{"rendered":"<p data-mce-fragment=\"1\">Das faltbare Wasserfass 380L von AquaKing ist aus frischer gr\u00fcner PVC-Plane (500D) hergestellt, UV-best\u00e4ndig und ungiftig. Die AquaKing Wasserf\u00e4sser sind komplett mit \u00dcberlauf und Auslaufhahn. Das Wasserfass ist au\u00dferdem mit einem Deckel mit Rei\u00dfverschluss versehen, damit kein Schmutz in Ihr Wasser gelangt. Unauff\u00e4llig in Ihrem Garten und in wenigen Minuten aufgebaut. Im Handumdrehen haben Sie einen robusten Wassertank mit den n\u00f6tigen Optionen.<\/p>\n<p data-mce-fragment=\"1\"> <br data-mce-fragment=\"1\"><\/p>\n<h2 data-mce-fragment=\"1\">Spezifikationen:<\/h2>\n<ul data-mce-fragment=\"1\">\n<li data-mce-fragment=\"1\"><strong data-mce-fragment=\"1\">&#8211; Fassungsverm\u00f6gen: 380 L<\/strong><\/li>\n<li data-mce-fragment=\"1\"><strong data-mce-fragment=\"1\">&#8211; Abmessungen: \u00d870 cm x 100 (H) cm<\/strong><\/li>\n<li data-mce-fragment=\"1\"><strong data-mce-fragment=\"1\">&#8211; Gewicht: 6 kg<\/strong><\/li>\n<\/ul>\n<p data-mce-fragment=\"1\"> <br data-mce-fragment=\"1\"><\/p>\n<h2 data-mce-fragment=\"1\">Merkmale:<\/h2>\n<ul data-mce-fragment=\"1\">\n<li data-mce-fragment=\"1\"><strong data-mce-fragment=\"1\">&#8211; Zusammenklappbares Wasserfass<\/strong><\/li>\n<li data-mce-fragment=\"1\"><strong data-mce-fragment=\"1\">&#8211; Einlass oben auf dem Wassertank<\/strong><\/li>\n<li data-mce-fragment=\"1\"><strong data-mce-fragment=\"1\">&#8211; Wird mit Ablassventil geliefert<\/strong><\/li>\n<li data-mce-fragment=\"1\"><strong data-mce-fragment=\"1\">&#8211; Ausgestattet mit einem Deckel mit Rei\u00dfverschluss<\/strong><\/li>\n<li data-mce-fragment=\"1\"><strong data-mce-fragment=\"1\">&#8211; Leicht zu transportieren und aufzubewahren<\/strong><\/li>\n<li data-mce-fragment=\"1\"><strong data-mce-fragment=\"1\">&#8211; Leicht auf- und abbaubar<\/strong><\/li>\n<li data-mce-fragment=\"1\"><strong data-mce-fragment=\"1\">&#8211; Frische gr\u00fcne Farbe, so diskret in jedem Garten<\/strong><\/li>\n<li data-mce-fragment=\"1\"><strong data-mce-fragment=\"1\">&#8211; H\u00e4lt Schmutz und Bl\u00e4tter auf<\/strong><\/li>\n<li data-mce-fragment=\"1\"><strong data-mce-fragment=\"1\">&#8211; UV-best\u00e4ndig<\/strong><\/li>\n<li data-mce-fragment=\"1\"><strong data-mce-fragment=\"1\">&#8211; Ungiftig<\/strong><\/li>\n<li data-mce-fragment=\"1\"><strong data-mce-fragment=\"1\">&#8211; Hergestellt aus PVC-Plane<\/strong><\/li>\n<\/ul>\n","protected":false},"excerpt":{"rendered":"<p>Das faltbare Wasserfass 380L von AquaKing ist aus frischer gr\u00fcner PVC-Plane (500D) hergestellt, UV-best\u00e4ndig und ungiftig. Die AquaKing Wasserf\u00e4sser sind komplett mit \u00dcberlauf und Auslaufhahn.<\/p>\n","protected":false},"featured_media":24493,"template":"","meta":[],"product_brand":[],"product_cat":[512,529],"product_tag":[],"class_list":{"0":"post-29615","1":"product","2":"type-product","3":"status-publish","4":"has-post-thumbnail","6":"product_cat-bewasserung","7":"product_cat-wasserfasser","9":"first","10":"instock","11":"taxable","12":"shipping-taxable","13":"purchasable","14":"product-type-simple"},"_links":{"self":[{"href":"https:\/\/greendisc.dev-project.digital\/de\/wp-json\/wp\/v2\/product\/29615","targetHints":{"allow":["GET"]}}],"collection":[{"href":"https:\/\/greendisc.dev-project.digital\/de\/wp-json\/wp\/v2\/product"}],"about":[{"href":"https:\/\/greendisc.dev-project.digital\/de\/wp-json\/wp\/v2\/types\/product"}],"version-history":[{"count":0,"href":"https:\/\/greendisc.dev-project.digital\/de\/wp-json\/wp\/v2\/product\/29615\/revisions"}],"wp:featuredmedia":[{"embeddable":true,"href":"https:\/\/greendisc.dev-project.digital\/de\/wp-json\/wp\/v2\/media\/24493"}],"wp:attachment":[{"href":"https:\/\/greendisc.dev-project.digital\/de\/wp-json\/wp\/v2\/media?parent=29615"}],"wp:term":[{"taxonomy":"product_brand","embeddable":true,"href":"https:\/\/greendisc.dev-project.digital\/de\/wp-json\/wp\/v2\/product_brand?post=29615"},{"taxonomy":"product_cat","embeddable":true,"href":"https:\/\/greendisc.dev-project.digital\/de\/wp-json\/wp\/v2\/product_cat?post=29615"},{"taxonomy":"product_tag","embeddable":true,"href":"https:\/\/greendisc.dev-project.digital\/de\/wp-json\/wp\/v2\/product_tag?post=29615"}],"curies":[{"name":"wp","href":"https:\/\/api.w.org\/{rel}","templated":true}]}}