 {"id":29588,"date":"2023-11-14T12:18:38","date_gmt":"2023-11-14T11:18:38","guid":{"rendered":"https:\/\/greendisc.dev-project.digital\/\/product\/aquaking-q800103-wasserpumpe-5000-l-h\/"},"modified":"2024-12-16T09:32:25","modified_gmt":"2024-12-16T08:32:25","slug":"aquaking-q800103-wasserpumpe-5000-l-h","status":"publish","type":"product","link":"https:\/\/greendisc.dev-project.digital\/de\/produkt\/aquaking-q800103-wasserpumpe-5000-l-h\/","title":{"rendered":"Aquaking Q800103 Wasserpumpe, 5000 l\/h"},"content":{"rendered":"<p data-mce-fragment=\"1\">Die Tauchpumpe Q800103 ist sehr einfach zu bedienen und sorgt daf\u00fcr, dass Ihr Wasser schnell bewegt werden kann. Sie k\u00f6nnen einen Schlauch an den oberen Anschluss anschlie\u00dfen und auf diese Weise gro\u00dfe Mengen Wasser abpumpen. Mit ihrer gro\u00dfen Kapazit\u00e4t von 5500 Litern pro Stunde kann diese Tauchpumpe zum Beispiel auch beim Entleeren eines Schwimmbeckens gute Dienste leisten.<\/p>\n<p data-mce-fragment=\"1\">\n<h2 data-mce-fragment=\"1\">Technische Daten AquaKing Q800103<\/h2>\n<p data-mce-fragment=\"1\">Der AquaKing Q800103 verf\u00fcgt \u00fcber mehrere Spezifikationen. Die Kapazit\u00e4t, mit der diese Tauchpumpe arbeiten kann, betr\u00e4gt 55000 Liter pro Stunde, die Wattzahl 800 Watt und der Druck 30 Meter Wassers\u00e4ule.<\/p>\n<ul data-mce-fragment=\"1\">\n<li data-mce-fragment=\"1\"><strong data-mce-fragment=\"1\">Kapazit\u00e4t: 5500 l\/h<\/strong><\/li>\n<li data-mce-fragment=\"1\"><strong data-mce-fragment=\"1\">Wattleistung: 800W<\/strong><\/li>\n<li data-mce-fragment=\"1\"><strong data-mce-fragment=\"1\">Druck: 30MWK<\/strong><\/li>\n<li data-mce-fragment=\"1\"><strong data-mce-fragment=\"1\">Innengewinde: 1&#8243;<\/strong><\/li>\n<\/ul>\n","protected":false},"excerpt":{"rendered":"<p>Die Tauchpumpe Q800103 ist sehr einfach zu bedienen und sorgt daf\u00fcr, dass Ihr Wasser schnell bewegt werden kann. Sie k\u00f6nnen einen Schlauch an den oberen Anschluss anschlie\u00dfen und auf diese Weise gro\u00dfe Mengen Wasser abpumpen. <\/p>\n","protected":false},"featured_media":31014,"template":"","meta":[],"product_brand":[],"product_cat":[512,526],"product_tag":[],"class_list":{"0":"post-29588","1":"product","2":"type-product","3":"status-publish","4":"has-post-thumbnail","6":"product_cat-bewasserung","7":"product_cat-wasserpumpen","9":"first","10":"outofstock","11":"taxable","12":"shipping-taxable","13":"purchasable","14":"product-type-simple"},"_links":{"self":[{"href":"https:\/\/greendisc.dev-project.digital\/de\/wp-json\/wp\/v2\/product\/29588","targetHints":{"allow":["GET"]}}],"collection":[{"href":"https:\/\/greendisc.dev-project.digital\/de\/wp-json\/wp\/v2\/product"}],"about":[{"href":"https:\/\/greendisc.dev-project.digital\/de\/wp-json\/wp\/v2\/types\/product"}],"version-history":[{"count":0,"href":"https:\/\/greendisc.dev-project.digital\/de\/wp-json\/wp\/v2\/product\/29588\/revisions"}],"wp:featuredmedia":[{"embeddable":true,"href":"https:\/\/greendisc.dev-project.digital\/de\/wp-json\/wp\/v2\/media\/31014"}],"wp:attachment":[{"href":"https:\/\/greendisc.dev-project.digital\/de\/wp-json\/wp\/v2\/media?parent=29588"}],"wp:term":[{"taxonomy":"product_brand","embeddable":true,"href":"https:\/\/greendisc.dev-project.digital\/de\/wp-json\/wp\/v2\/product_brand?post=29588"},{"taxonomy":"product_cat","embeddable":true,"href":"https:\/\/greendisc.dev-project.digital\/de\/wp-json\/wp\/v2\/product_cat?post=29588"},{"taxonomy":"product_tag","embeddable":true,"href":"https:\/\/greendisc.dev-project.digital\/de\/wp-json\/wp\/v2\/product_tag?post=29588"}],"curies":[{"name":"wp","href":"https:\/\/api.w.org\/{rel}","templated":true}]}}