 {"id":29585,"date":"2023-11-14T12:18:37","date_gmt":"2023-11-14T11:18:37","guid":{"rendered":"https:\/\/greendisc.dev-project.digital\/\/product\/aquaking-q50011-wasserpumpe-10-000-l-h\/"},"modified":"2024-12-16T09:32:24","modified_gmt":"2024-12-16T08:32:24","slug":"aquaking-q50011-wasserpumpe-10-000-l-h","status":"publish","type":"product","link":"https:\/\/greendisc.dev-project.digital\/de\/produkt\/aquaking-q50011-wasserpumpe-10-000-l-h\/","title":{"rendered":"Aquaking Q50011 Wasserpumpe, 10.000 l\/h"},"content":{"rendered":"<p data-mce-fragment=\"1\">Einer der gr\u00f6\u00dften Vorteile des AquaKing Q50011 ist, dass er \u00fcber einen internen Schwimmer verf\u00fcgt. Durch den internen Schwimmer eignet sich diese Tauchpumpe hervorragend f\u00fcr die Aufstellung in einem Teichpumpen- oder Filterraum. Weitere Vorteile des AquaKing Q50011, sind:<\/p>\n<ul data-mce-fragment=\"1\">\n<li data-mce-fragment=\"1\"><strong data-mce-fragment=\"1\">&#8211; Einfach zu installieren<\/strong><\/li>\n<li data-mce-fragment=\"1\"><strong data-mce-fragment=\"1\">&#8211; L\u00f6st Ihre \u00dcberschwemmungsprobleme schnell<\/strong><\/li>\n<li data-mce-fragment=\"1\"><strong data-mce-fragment=\"1\">&#8211; Perfektes Preis-Leistungs-Verh\u00e4ltnis<\/strong><\/li>\n<\/ul>\n<p data-mce-fragment=\"1\"> <br data-mce-fragment=\"1\"><\/p>\n<h2 data-mce-fragment=\"1\">Technische Daten AquaKing Q50011<\/h2>\n<p data-mce-fragment=\"1\">Die Kapazit\u00e4t dieser Tauchpumpe liegt bei 10000 Litern pro Stunde, die Wattzahl bei 500 Watt. Dar\u00fcber hinaus betr\u00e4gt der Druck der Tauchpumpe 8,5 Meter Wassers\u00e4ule. Die Anschl\u00fcsse sind ein 25 mm Schlauch und ein 1&#8243; Au\u00dfengewinde.<\/p>\n<ul data-mce-fragment=\"1\">\n<li data-mce-fragment=\"1\"><strong data-mce-fragment=\"1\">Kapazit\u00e4t: 10000 l\/h<\/strong><\/li>\n<li data-mce-fragment=\"1\"><strong data-mce-fragment=\"1\">Wattleistung: 500W<\/strong><\/li>\n<li data-mce-fragment=\"1\"><strong data-mce-fragment=\"1\">Druck: 8,5 mwk<\/strong><\/li>\n<li data-mce-fragment=\"1\"><strong data-mce-fragment=\"1\">Anschl\u00fcsse: Schlauch (25 mm) und Au\u00dfengewinde 1&#8243;<\/strong><\/li>\n<li data-mce-fragment=\"1\"><strong data-mce-fragment=\"1\">28 cm (+ Anschluss) x 13 x 32 cm (lxbxh)<\/strong><\/li>\n<\/ul>\n","protected":false},"excerpt":{"rendered":"<p>Einer der gr\u00f6\u00dften Vorteile des AquaKing Q50011 ist, dass er \u00fcber einen internen Schwimmer verf\u00fcgt. Durch den internen Schwimmer eignet sich diese Tauchpumpe hervorragend f\u00fcr die Aufstellung in einem Teichpumpen- oder Filterraum.<\/p>\n","protected":false},"featured_media":24505,"template":"","meta":[],"product_brand":[],"product_cat":[512,526],"product_tag":[],"class_list":{"0":"post-29585","1":"product","2":"type-product","3":"status-publish","4":"has-post-thumbnail","6":"product_cat-bewasserung","7":"product_cat-wasserpumpen","9":"first","10":"instock","11":"taxable","12":"shipping-taxable","13":"purchasable","14":"product-type-simple"},"_links":{"self":[{"href":"https:\/\/greendisc.dev-project.digital\/de\/wp-json\/wp\/v2\/product\/29585","targetHints":{"allow":["GET"]}}],"collection":[{"href":"https:\/\/greendisc.dev-project.digital\/de\/wp-json\/wp\/v2\/product"}],"about":[{"href":"https:\/\/greendisc.dev-project.digital\/de\/wp-json\/wp\/v2\/types\/product"}],"version-history":[{"count":0,"href":"https:\/\/greendisc.dev-project.digital\/de\/wp-json\/wp\/v2\/product\/29585\/revisions"}],"wp:featuredmedia":[{"embeddable":true,"href":"https:\/\/greendisc.dev-project.digital\/de\/wp-json\/wp\/v2\/media\/24505"}],"wp:attachment":[{"href":"https:\/\/greendisc.dev-project.digital\/de\/wp-json\/wp\/v2\/media?parent=29585"}],"wp:term":[{"taxonomy":"product_brand","embeddable":true,"href":"https:\/\/greendisc.dev-project.digital\/de\/wp-json\/wp\/v2\/product_brand?post=29585"},{"taxonomy":"product_cat","embeddable":true,"href":"https:\/\/greendisc.dev-project.digital\/de\/wp-json\/wp\/v2\/product_cat?post=29585"},{"taxonomy":"product_tag","embeddable":true,"href":"https:\/\/greendisc.dev-project.digital\/de\/wp-json\/wp\/v2\/product_tag?post=29585"}],"curies":[{"name":"wp","href":"https:\/\/api.w.org\/{rel}","templated":true}]}}