 {"id":29582,"date":"2023-11-14T12:18:37","date_gmt":"2023-11-14T11:18:37","guid":{"rendered":"https:\/\/greendisc.dev-project.digital\/\/product\/aquaking-q5503-wasserpumpe-11-000-l-h\/"},"modified":"2024-12-16T09:32:23","modified_gmt":"2024-12-16T08:32:23","slug":"aquaking-q5503-wasserpumpe-11-000-l-h","status":"publish","type":"product","link":"https:\/\/greendisc.dev-project.digital\/de\/produkt\/aquaking-q5503-wasserpumpe-11-000-l-h\/","title":{"rendered":"Aquaking Q5503 Wasserpumpe, 11.000 l\/h"},"content":{"rendered":"<p data-mce-fragment=\"1\">Mit dem AquaKing sorgen Sie also daf\u00fcr, dass Sie Ihr \u00fcbersch\u00fcssiges Wasser sicher und schnell abpumpen k\u00f6nnen. Einer der Vorteile dieses Produkts ist daher, dass es vielseitig einsetzbar ist und daher f\u00fcr mehrere Objekte verwendet werden kann. Weitere Vorteile sind:<\/p>\n<ul data-mce-fragment=\"1\">\n<li data-mce-fragment=\"1\"><strong data-mce-fragment=\"1\">&#8211; Sehr benutzerfreundlich<\/strong><\/li>\n<li data-mce-fragment=\"1\"><strong data-mce-fragment=\"1\">&#8211; Einfach zu installieren<\/strong><\/li>\n<li data-mce-fragment=\"1\"><strong data-mce-fragment=\"1\">&#8211; Hervorragendes Preis-Qualit\u00e4ts-Verh\u00e4ltnis<\/strong><\/li>\n<\/ul>\n<p data-mce-fragment=\"1\"> <br data-mce-fragment=\"1\"><\/p>\n<h2 data-mce-fragment=\"1\">Technische Daten AquaKing Q5503<\/h2>\n<p data-mce-fragment=\"1\">Dass der AquaKing Ihren Teich schnell trockenlegen kann, liegt an den Spezifikationen dieses Produkts. So hat diese Tauchpumpe eine Kapazit\u00e4t von 11000 Litern pro Stunde, eine Wattzahl von 550 Watt und einen Druck von 8,5 Metern Wassers\u00e4ule.<\/p>\n<ul data-mce-fragment=\"1\">\n<li data-mce-fragment=\"1\"><strong data-mce-fragment=\"1\">Kapazit\u00e4t: 11000 l\/h<\/strong><\/li>\n<li data-mce-fragment=\"1\"><strong data-mce-fragment=\"1\">Wattleistung: 550 Watt<\/strong><\/li>\n<li data-mce-fragment=\"1\"><strong data-mce-fragment=\"1\">Druck: 8,5 mwk<\/strong><\/li>\n<li data-mce-fragment=\"1\"><strong data-mce-fragment=\"1\">Anschl\u00fcsse: Schlauch 25\/30 mm, 1&#8243; Au\u00dfengewinde<\/strong><\/li>\n<\/ul>\n","protected":false},"excerpt":{"rendered":"<p>Mit dem AquaKing sorgen Sie also daf\u00fcr, dass Sie Ihr \u00fcbersch\u00fcssiges Wasser sicher und schnell abpumpen k\u00f6nnen. Einer der Vorteile dieses Produkts ist daher, dass es vielseitig einsetzbar ist und daher f\u00fcr mehrere Objekte verwendet werden kann.<\/p>\n","protected":false},"featured_media":24507,"template":"","meta":[],"product_brand":[],"product_cat":[512,526],"product_tag":[],"class_list":{"0":"post-29582","1":"product","2":"type-product","3":"status-publish","4":"has-post-thumbnail","6":"product_cat-bewasserung","7":"product_cat-wasserpumpen","9":"first","10":"instock","11":"taxable","12":"shipping-taxable","13":"purchasable","14":"product-type-simple"},"_links":{"self":[{"href":"https:\/\/greendisc.dev-project.digital\/de\/wp-json\/wp\/v2\/product\/29582","targetHints":{"allow":["GET"]}}],"collection":[{"href":"https:\/\/greendisc.dev-project.digital\/de\/wp-json\/wp\/v2\/product"}],"about":[{"href":"https:\/\/greendisc.dev-project.digital\/de\/wp-json\/wp\/v2\/types\/product"}],"version-history":[{"count":0,"href":"https:\/\/greendisc.dev-project.digital\/de\/wp-json\/wp\/v2\/product\/29582\/revisions"}],"wp:featuredmedia":[{"embeddable":true,"href":"https:\/\/greendisc.dev-project.digital\/de\/wp-json\/wp\/v2\/media\/24507"}],"wp:attachment":[{"href":"https:\/\/greendisc.dev-project.digital\/de\/wp-json\/wp\/v2\/media?parent=29582"}],"wp:term":[{"taxonomy":"product_brand","embeddable":true,"href":"https:\/\/greendisc.dev-project.digital\/de\/wp-json\/wp\/v2\/product_brand?post=29582"},{"taxonomy":"product_cat","embeddable":true,"href":"https:\/\/greendisc.dev-project.digital\/de\/wp-json\/wp\/v2\/product_cat?post=29582"},{"taxonomy":"product_tag","embeddable":true,"href":"https:\/\/greendisc.dev-project.digital\/de\/wp-json\/wp\/v2\/product_tag?post=29582"}],"curies":[{"name":"wp","href":"https:\/\/api.w.org\/{rel}","templated":true}]}}