 {"id":29579,"date":"2023-11-14T12:18:29","date_gmt":"2023-11-14T11:18:29","guid":{"rendered":"https:\/\/greendisc.dev-project.digital\/\/product\/aquaking-hx-4500-wasserpumpe-2500-l-h\/"},"modified":"2024-12-16T09:32:23","modified_gmt":"2024-12-16T08:32:23","slug":"aquaking-hx-4500-wasserpumpe-2500-l-h","status":"publish","type":"product","link":"https:\/\/greendisc.dev-project.digital\/de\/produkt\/aquaking-hx-4500-wasserpumpe-2500-l-h\/","title":{"rendered":"Aquaking HX 4500, Wasserpumpe, 2500 l\/h"},"content":{"rendered":"<p data-mce-fragment=\"1\">Die Aquaking HX-4500 Umw\u00e4lzpumpe ist f\u00fcr den 24\/7 Betrieb geeignet. Da die Pumpe im Dauerbetrieb laufen kann, eignet sie sich u.a. ideal f\u00fcr die Umw\u00e4lzung von Speisewasser in einem Wassertank. Durch seine kompakte Bauweise nimmt er auch wenig Platz ein. Dar\u00fcber hinaus ist der HX-4500 sowohl f\u00fcr die Verwendung in Salz- als auch in S\u00fc\u00dfwasser und f\u00fcr die normale Aufl\u00f6sung von Lebensmitteln bis zu einem pH-Wert von 5,0 geeignet.<\/p>\n<h2 data-mce-fragment=\"1\">Spezifikationen<\/h2>\n<ul data-mce-fragment=\"1\">\n<li data-mce-fragment=\"1\">Fassungsverm\u00f6gen: 2000 L\/U<\/li>\n<li data-mce-fragment=\"1\">Maximale F\u00f6rderh\u00f6he: 2,8 m<\/li>\n<li data-mce-fragment=\"1\">Durchmesser des Auslasses: \u00d820 mm<\/li>\n<li data-mce-fragment=\"1\">Leistungsaufnahme: 36 Watt<\/li>\n<li data-mce-fragment=\"1\">Minimale Wassertiefe: 25 mm<\/li>\n<li data-mce-fragment=\"1\">Abmessungen: 150 \u00d7 135 \u00d7 120 mm<\/li>\n<li data-mce-fragment=\"1\">Gewicht: 1,6 kg<\/li>\n<\/ul>\n","protected":false},"excerpt":{"rendered":"<p>Die Aquaking HX-4500 Umw\u00e4lzpumpe ist f\u00fcr den 24\/7 Betrieb geeignet. Da die Pumpe im Dauerbetrieb laufen kann, eignet sie sich u.a. ideal f\u00fcr die Umw\u00e4lzung von Speisewasser in einem Wassertank.<\/p>\n","protected":false},"featured_media":24485,"template":"","meta":[],"product_brand":[],"product_cat":[512,526],"product_tag":[],"class_list":{"0":"post-29579","1":"product","2":"type-product","3":"status-publish","4":"has-post-thumbnail","6":"product_cat-bewasserung","7":"product_cat-wasserpumpen","9":"first","10":"instock","11":"taxable","12":"shipping-taxable","13":"purchasable","14":"product-type-simple"},"_links":{"self":[{"href":"https:\/\/greendisc.dev-project.digital\/de\/wp-json\/wp\/v2\/product\/29579","targetHints":{"allow":["GET"]}}],"collection":[{"href":"https:\/\/greendisc.dev-project.digital\/de\/wp-json\/wp\/v2\/product"}],"about":[{"href":"https:\/\/greendisc.dev-project.digital\/de\/wp-json\/wp\/v2\/types\/product"}],"version-history":[{"count":0,"href":"https:\/\/greendisc.dev-project.digital\/de\/wp-json\/wp\/v2\/product\/29579\/revisions"}],"wp:featuredmedia":[{"embeddable":true,"href":"https:\/\/greendisc.dev-project.digital\/de\/wp-json\/wp\/v2\/media\/24485"}],"wp:attachment":[{"href":"https:\/\/greendisc.dev-project.digital\/de\/wp-json\/wp\/v2\/media?parent=29579"}],"wp:term":[{"taxonomy":"product_brand","embeddable":true,"href":"https:\/\/greendisc.dev-project.digital\/de\/wp-json\/wp\/v2\/product_brand?post=29579"},{"taxonomy":"product_cat","embeddable":true,"href":"https:\/\/greendisc.dev-project.digital\/de\/wp-json\/wp\/v2\/product_cat?post=29579"},{"taxonomy":"product_tag","embeddable":true,"href":"https:\/\/greendisc.dev-project.digital\/de\/wp-json\/wp\/v2\/product_tag?post=29579"}],"curies":[{"name":"wp","href":"https:\/\/api.w.org\/{rel}","templated":true}]}}