 {"id":29578,"date":"2023-11-14T12:18:36","date_gmt":"2023-11-14T11:18:36","guid":{"rendered":"https:\/\/greendisc.dev-project.digital\/\/product\/aquaking-q2007-wasserpumpe-3600-l-h\/"},"modified":"2024-12-16T09:32:22","modified_gmt":"2024-12-16T08:32:22","slug":"aquaking-q2007-wasserpumpe-3600-l-h","status":"publish","type":"product","link":"https:\/\/greendisc.dev-project.digital\/de\/produkt\/aquaking-q2007-wasserpumpe-3600-l-h\/","title":{"rendered":"Aquaking Q2007 Wasserpumpe, 3600 l\/h"},"content":{"rendered":"<p data-mce-fragment=\"1\">Die verschiedenen Spezifikationen des AquaKing Q2007 sorgen also daf\u00fcr, dass Sie Ihren Teich problemlos leeren k\u00f6nnen. So hat diese Tauchpumpe eine Kapazit\u00e4t von 3600 Litern pro Stunde, eine Wattzahl von 200 Watt und einen Druck von 5 Metern Wassers\u00e4ule.<\/p>\n<ul data-mce-fragment=\"1\">\n<li data-mce-fragment=\"1\"><strong data-mce-fragment=\"1\">Kapazit\u00e4t: 3600 l\/h<\/strong><\/li>\n<li data-mce-fragment=\"1\"><strong data-mce-fragment=\"1\">Wattleistung: 200 Watt<\/strong><\/li>\n<li data-mce-fragment=\"1\"><strong data-mce-fragment=\"1\">Druck: 5,0 mwk<\/strong><\/li>\n<li data-mce-fragment=\"1\"><strong data-mce-fragment=\"1\">Anschl\u00fcsse: Schlaucht\u00fclle 20\/25, 1&#8243; Au\u00dfengewinde<\/strong><\/li>\n<li data-mce-fragment=\"1\"><strong data-mce-fragment=\"1\">Eindringen von Schmutz: 1 mm<\/strong><\/li>\n<li data-mce-fragment=\"1\"><strong data-mce-fragment=\"1\">Gummikabel: 10 Meter<\/strong><\/li>\n<\/ul>\n","protected":false},"excerpt":{"rendered":"<p>Die verschiedenen Spezifikationen des AquaKing Q2007 sorgen also daf\u00fcr, dass Sie Ihren Teich problemlos leeren k\u00f6nnen. So hat diese Tauchpumpe eine Kapazit\u00e4t von 3600 Litern pro Stunde, eine Wattzahl von 200 Watt und einen Druck von 5 Metern Wassers\u00e4ule.<\/p>\n","protected":false},"featured_media":24503,"template":"","meta":[],"product_brand":[],"product_cat":[512,526],"product_tag":[],"class_list":{"0":"post-29578","1":"product","2":"type-product","3":"status-publish","4":"has-post-thumbnail","6":"product_cat-bewasserung","7":"product_cat-wasserpumpen","9":"first","10":"instock","11":"taxable","12":"shipping-taxable","13":"purchasable","14":"product-type-simple"},"_links":{"self":[{"href":"https:\/\/greendisc.dev-project.digital\/de\/wp-json\/wp\/v2\/product\/29578","targetHints":{"allow":["GET"]}}],"collection":[{"href":"https:\/\/greendisc.dev-project.digital\/de\/wp-json\/wp\/v2\/product"}],"about":[{"href":"https:\/\/greendisc.dev-project.digital\/de\/wp-json\/wp\/v2\/types\/product"}],"version-history":[{"count":0,"href":"https:\/\/greendisc.dev-project.digital\/de\/wp-json\/wp\/v2\/product\/29578\/revisions"}],"wp:featuredmedia":[{"embeddable":true,"href":"https:\/\/greendisc.dev-project.digital\/de\/wp-json\/wp\/v2\/media\/24503"}],"wp:attachment":[{"href":"https:\/\/greendisc.dev-project.digital\/de\/wp-json\/wp\/v2\/media?parent=29578"}],"wp:term":[{"taxonomy":"product_brand","embeddable":true,"href":"https:\/\/greendisc.dev-project.digital\/de\/wp-json\/wp\/v2\/product_brand?post=29578"},{"taxonomy":"product_cat","embeddable":true,"href":"https:\/\/greendisc.dev-project.digital\/de\/wp-json\/wp\/v2\/product_cat?post=29578"},{"taxonomy":"product_tag","embeddable":true,"href":"https:\/\/greendisc.dev-project.digital\/de\/wp-json\/wp\/v2\/product_tag?post=29578"}],"curies":[{"name":"wp","href":"https:\/\/api.w.org\/{rel}","templated":true}]}}