 {"id":29575,"date":"2023-11-14T12:18:28","date_gmt":"2023-11-14T11:18:28","guid":{"rendered":"https:\/\/greendisc.dev-project.digital\/\/product\/aquaking-hx-2500-wasserpumpe-1000-l-h\/"},"modified":"2024-12-16T09:32:22","modified_gmt":"2024-12-16T08:32:22","slug":"aquaking-hx-2500-wasserpumpe-1000-l-h","status":"publish","type":"product","link":"https:\/\/greendisc.dev-project.digital\/de\/produkt\/aquaking-hx-2500-wasserpumpe-1000-l-h\/","title":{"rendered":"Aquaking HX 2500, Wasserpumpe, 1000 l\/h"},"content":{"rendered":"<p data-mce-fragment=\"1\">Die Aquaking HX-2500 Umw\u00e4lzpumpe ist f\u00fcr den Dauereinsatz geeignet. Es kann also 24\/7 eingeschaltet sein. Er ist unter anderem ideal f\u00fcr die Zirkulation von Speisewasser in einem Wassertank. Durch seine kompakte Bauweise nimmt er auch wenig Platz ein. Dar\u00fcber hinaus ist das HX-2500 sowohl f\u00fcr die Verwendung in Salz- als auch in S\u00fc\u00dfwasser und f\u00fcr die normale Aufl\u00f6sung von Lebensmitteln bis zu einem pH-Wert von 5,0 geeignet.<\/p>\n<h2 data-mce-fragment=\"1\">Spezifikationen<\/h2>\n<ul data-mce-fragment=\"1\">\n<li data-mce-fragment=\"1\">Fassungsverm\u00f6gen: 1000 L\/U<\/li>\n<li data-mce-fragment=\"1\">Maximale F\u00f6rderh\u00f6he: 1,6 m<\/li>\n<li data-mce-fragment=\"1\">Leistungsaufnahme: 22 Watt<\/li>\n<li data-mce-fragment=\"1\">Spannung: 220-240V<\/li>\n<li data-mce-fragment=\"1\">Frequenz: 50\/60Hz<\/li>\n<li data-mce-fragment=\"1\">Minimale Wassertiefe: 25 mm<\/li>\n<li data-mce-fragment=\"1\">Abmessungen: 140 x 102 x 110 mm<\/li>\n<li data-mce-fragment=\"1\">Gewicht: 0,6 kg<\/li>\n<\/ul>\n","protected":false},"excerpt":{"rendered":"<p>Die Aquaking HX-2500 Umw\u00e4lzpumpe ist f\u00fcr den Dauereinsatz geeignet. Es kann also 24\/7 eingeschaltet sein. Er ist unter anderem ideal f\u00fcr die Zirkulation von Speisewasser in einem Wassertank.<\/p>\n","protected":false},"featured_media":24483,"template":"","meta":[],"product_brand":[],"product_cat":[512,526],"product_tag":[],"class_list":{"0":"post-29575","1":"product","2":"type-product","3":"status-publish","4":"has-post-thumbnail","6":"product_cat-bewasserung","7":"product_cat-wasserpumpen","9":"first","10":"instock","11":"taxable","12":"shipping-taxable","13":"purchasable","14":"product-type-simple"},"_links":{"self":[{"href":"https:\/\/greendisc.dev-project.digital\/de\/wp-json\/wp\/v2\/product\/29575","targetHints":{"allow":["GET"]}}],"collection":[{"href":"https:\/\/greendisc.dev-project.digital\/de\/wp-json\/wp\/v2\/product"}],"about":[{"href":"https:\/\/greendisc.dev-project.digital\/de\/wp-json\/wp\/v2\/types\/product"}],"version-history":[{"count":0,"href":"https:\/\/greendisc.dev-project.digital\/de\/wp-json\/wp\/v2\/product\/29575\/revisions"}],"wp:featuredmedia":[{"embeddable":true,"href":"https:\/\/greendisc.dev-project.digital\/de\/wp-json\/wp\/v2\/media\/24483"}],"wp:attachment":[{"href":"https:\/\/greendisc.dev-project.digital\/de\/wp-json\/wp\/v2\/media?parent=29575"}],"wp:term":[{"taxonomy":"product_brand","embeddable":true,"href":"https:\/\/greendisc.dev-project.digital\/de\/wp-json\/wp\/v2\/product_brand?post=29575"},{"taxonomy":"product_cat","embeddable":true,"href":"https:\/\/greendisc.dev-project.digital\/de\/wp-json\/wp\/v2\/product_cat?post=29575"},{"taxonomy":"product_tag","embeddable":true,"href":"https:\/\/greendisc.dev-project.digital\/de\/wp-json\/wp\/v2\/product_tag?post=29575"}],"curies":[{"name":"wp","href":"https:\/\/api.w.org\/{rel}","templated":true}]}}