 {"id":29566,"date":"2023-11-14T12:33:15","date_gmt":"2023-11-14T11:33:15","guid":{"rendered":"https:\/\/greendisc.dev-project.digital\/\/product\/einziehbarer-spruehstab-gruen\/"},"modified":"2024-12-16T09:32:20","modified_gmt":"2024-12-16T08:32:20","slug":"einziehbarer-spruehstab-gruen","status":"publish","type":"product","link":"https:\/\/greendisc.dev-project.digital\/de\/produkt\/einziehbarer-spruehstab-gruen\/","title":{"rendered":"Einziehbarer Spr\u00fchstab gr\u00fcn"},"content":{"rendered":"<p>Einziehbare Gie\u00dflanze gr\u00fcn<\/p>\n","protected":false},"excerpt":{"rendered":"<p>Einziehbare Gie\u00dflanze gr\u00fcn<\/p>\n","protected":false},"featured_media":37029,"template":"","meta":[],"product_brand":[],"product_cat":[512,516],"product_tag":[],"class_list":{"0":"post-29566","1":"product","2":"type-product","3":"status-publish","4":"has-post-thumbnail","6":"product_cat-bewasserung","7":"product_cat-gartenschlauch-armaturen","9":"first","10":"instock","11":"taxable","12":"shipping-taxable","13":"purchasable","14":"product-type-simple"},"_links":{"self":[{"href":"https:\/\/greendisc.dev-project.digital\/de\/wp-json\/wp\/v2\/product\/29566","targetHints":{"allow":["GET"]}}],"collection":[{"href":"https:\/\/greendisc.dev-project.digital\/de\/wp-json\/wp\/v2\/product"}],"about":[{"href":"https:\/\/greendisc.dev-project.digital\/de\/wp-json\/wp\/v2\/types\/product"}],"version-history":[{"count":0,"href":"https:\/\/greendisc.dev-project.digital\/de\/wp-json\/wp\/v2\/product\/29566\/revisions"}],"wp:featuredmedia":[{"embeddable":true,"href":"https:\/\/greendisc.dev-project.digital\/de\/wp-json\/wp\/v2\/media\/37029"}],"wp:attachment":[{"href":"https:\/\/greendisc.dev-project.digital\/de\/wp-json\/wp\/v2\/media?parent=29566"}],"wp:term":[{"taxonomy":"product_brand","embeddable":true,"href":"https:\/\/greendisc.dev-project.digital\/de\/wp-json\/wp\/v2\/product_brand?post=29566"},{"taxonomy":"product_cat","embeddable":true,"href":"https:\/\/greendisc.dev-project.digital\/de\/wp-json\/wp\/v2\/product_cat?post=29566"},{"taxonomy":"product_tag","embeddable":true,"href":"https:\/\/greendisc.dev-project.digital\/de\/wp-json\/wp\/v2\/product_tag?post=29566"}],"curies":[{"name":"wp","href":"https:\/\/api.w.org\/{rel}","templated":true}]}}