 {"id":29501,"date":"2023-11-14T12:34:41","date_gmt":"2023-11-14T11:34:41","guid":{"rendered":"https:\/\/greendisc.dev-project.digital\/\/product\/zpe-tylenrohr-25mm-100m-pro-rolle\/"},"modified":"2024-12-16T09:31:56","modified_gmt":"2024-12-16T08:31:56","slug":"zpe-tylenrohr-25mm-100m-pro-rolle","status":"publish","type":"product","link":"https:\/\/greendisc.dev-project.digital\/de\/produkt\/zpe-tylenrohr-25mm-100m-pro-rolle\/","title":{"rendered":"ZPE Tylenrohr 25mm (100m pro Rolle)"},"content":{"rendered":"<p>PE Tylenrohr 25mm (100m pro Rolle)<\/p>\n<p>Sch\u00f6ne kompakte Rolle aus Tylen mit einer Gesamtl\u00e4nge von 100 Metern. Mit diesem Schlauch k\u00f6nnen Sie ganz einfach ein Bew\u00e4sserungssystem in Ihrem Garten oder Gew\u00e4chshaus einrichten.<\/p>\n<ul>\n<li>Durchmesser des Tylens: 25mm<\/li>\n<li>Wandst\u00e4rke 1,9 mm<\/li>\n<li>Maximaler Druck: 6 bar<\/li>\n<li>L\u00e4nge der Rolle: 100 Meter<\/li>\n<\/ul>\n","protected":false},"excerpt":{"rendered":"<p>PE Tylenrohr 25mm (100m pro Rolle) Sch\u00f6ne kompakte Rolle aus Tylen mit einer Gesamtl\u00e4nge von 100 Metern. Mit diesem Schlauch k\u00f6nnen Sie ganz einfach ein Bew\u00e4sserungssystem in Ihrem Garten oder Gew\u00e4chshaus einrichten.<\/p>\n","protected":false},"featured_media":26645,"template":"","meta":[],"product_brand":[],"product_cat":[512,517],"product_tag":[],"class_list":{"0":"post-29501","1":"product","2":"type-product","3":"status-publish","4":"has-post-thumbnail","6":"product_cat-bewasserung","7":"product_cat-tylen-armaturen","9":"first","10":"instock","11":"taxable","12":"shipping-taxable","13":"purchasable","14":"product-type-simple"},"_links":{"self":[{"href":"https:\/\/greendisc.dev-project.digital\/de\/wp-json\/wp\/v2\/product\/29501","targetHints":{"allow":["GET"]}}],"collection":[{"href":"https:\/\/greendisc.dev-project.digital\/de\/wp-json\/wp\/v2\/product"}],"about":[{"href":"https:\/\/greendisc.dev-project.digital\/de\/wp-json\/wp\/v2\/types\/product"}],"version-history":[{"count":0,"href":"https:\/\/greendisc.dev-project.digital\/de\/wp-json\/wp\/v2\/product\/29501\/revisions"}],"wp:featuredmedia":[{"embeddable":true,"href":"https:\/\/greendisc.dev-project.digital\/de\/wp-json\/wp\/v2\/media\/26645"}],"wp:attachment":[{"href":"https:\/\/greendisc.dev-project.digital\/de\/wp-json\/wp\/v2\/media?parent=29501"}],"wp:term":[{"taxonomy":"product_brand","embeddable":true,"href":"https:\/\/greendisc.dev-project.digital\/de\/wp-json\/wp\/v2\/product_brand?post=29501"},{"taxonomy":"product_cat","embeddable":true,"href":"https:\/\/greendisc.dev-project.digital\/de\/wp-json\/wp\/v2\/product_cat?post=29501"},{"taxonomy":"product_tag","embeddable":true,"href":"https:\/\/greendisc.dev-project.digital\/de\/wp-json\/wp\/v2\/product_tag?post=29501"}],"curies":[{"name":"wp","href":"https:\/\/api.w.org\/{rel}","templated":true}]}}