 {"id":29479,"date":"2023-11-14T12:30:40","date_gmt":"2023-11-14T11:30:40","guid":{"rendered":"https:\/\/greendisc.dev-project.digital\/\/product\/pe-piercer-25-mm\/"},"modified":"2024-12-16T09:31:48","modified_gmt":"2024-12-16T08:31:48","slug":"pe-piercer-25-mm","status":"publish","type":"product","link":"https:\/\/greendisc.dev-project.digital\/de\/produkt\/pe-piercer-25-mm\/","title":{"rendered":"PE-Piercer 2,5 mm"},"content":{"rendered":"<p><span>Ein handliches und praktisches<\/span><strong> Stanzger\u00e4t<\/strong><span> um schnell viele L\u00f6cher f\u00fcr Tropfer in PE-Schl\u00e4uche zu stanzen.<\/span><\/p>\n","protected":false},"excerpt":{"rendered":"<p>Ein handliches und praktisches Stanzger\u00e4t um schnell viele L\u00f6cher f\u00fcr Tropfer in PE-Schl\u00e4uche zu stanzen.<\/p>\n","protected":false},"featured_media":26047,"template":"","meta":[],"product_brand":[],"product_cat":[512,517],"product_tag":[],"class_list":{"0":"post-29479","1":"product","2":"type-product","3":"status-publish","4":"has-post-thumbnail","6":"product_cat-bewasserung","7":"product_cat-tylen-armaturen","9":"first","10":"instock","11":"taxable","12":"shipping-taxable","13":"purchasable","14":"product-type-simple"},"_links":{"self":[{"href":"https:\/\/greendisc.dev-project.digital\/de\/wp-json\/wp\/v2\/product\/29479","targetHints":{"allow":["GET"]}}],"collection":[{"href":"https:\/\/greendisc.dev-project.digital\/de\/wp-json\/wp\/v2\/product"}],"about":[{"href":"https:\/\/greendisc.dev-project.digital\/de\/wp-json\/wp\/v2\/types\/product"}],"version-history":[{"count":0,"href":"https:\/\/greendisc.dev-project.digital\/de\/wp-json\/wp\/v2\/product\/29479\/revisions"}],"wp:featuredmedia":[{"embeddable":true,"href":"https:\/\/greendisc.dev-project.digital\/de\/wp-json\/wp\/v2\/media\/26047"}],"wp:attachment":[{"href":"https:\/\/greendisc.dev-project.digital\/de\/wp-json\/wp\/v2\/media?parent=29479"}],"wp:term":[{"taxonomy":"product_brand","embeddable":true,"href":"https:\/\/greendisc.dev-project.digital\/de\/wp-json\/wp\/v2\/product_brand?post=29479"},{"taxonomy":"product_cat","embeddable":true,"href":"https:\/\/greendisc.dev-project.digital\/de\/wp-json\/wp\/v2\/product_cat?post=29479"},{"taxonomy":"product_tag","embeddable":true,"href":"https:\/\/greendisc.dev-project.digital\/de\/wp-json\/wp\/v2\/product_tag?post=29479"}],"curies":[{"name":"wp","href":"https:\/\/api.w.org\/{rel}","templated":true}]}}