 {"id":29467,"date":"2023-11-14T12:17:39","date_gmt":"2023-11-14T11:17:39","guid":{"rendered":"https:\/\/greendisc.dev-project.digital\/\/product\/agra-wolle-rfx-1-240-liter-mapito-pro-karton-3-beutel-a-80-ltr\/"},"modified":"2025-03-31T19:51:56","modified_gmt":"2025-03-31T17:51:56","slug":"agra-wolle-rfx-1-240-liter-mapito-pro-karton-3-beutel-a-80-ltr","status":"publish","type":"product","link":"https:\/\/greendisc.dev-project.digital\/de\/produkt\/agra-wolle-rfx-1-240-liter-mapito-pro-karton-3-beutel-a-80-ltr\/","title":{"rendered":"Agra-Wolle RFX-1, 240 Liter mapito pro Karton (3 Beutel a 80 ltr)"},"content":{"rendered":"<p>Wir freuen uns, Ihnen unser neues Sortiment an Steinwolleprodukten f\u00fcr die Hydrokultur vorstellen zu k\u00f6nnen. Wir wissen, dass es in letzter Zeit viele Bedenken bez\u00fcglich der Qualit\u00e4t von Steinwolleprodukten gab, daher haben wir unsere Produkte an die Bed\u00fcrfnisse unserer Branche angepasst. Unser Produkt wurde speziell entwickelt, um die h\u00f6chsten Qualit\u00e4ts- und Leistungsstandards zu erf\u00fcllen.<\/p>\n<p>RFX-1 MIX (mapito) Steinwolleprodukte sind bereits eingewaschen und v\u00f6llig sauber, d.h. sie wurden nicht recycelt. Dies hat es zu einem Spitzenprodukt gemacht, das perfekt f\u00fcr die Hydrokultur geeignet ist. Die Verpackung wurde sorgf\u00e4ltig entworfen, um Ihnen eine praktische und effiziente L\u00f6sung f\u00fcr Ihren hydroponischen Bedarf zu bieten. Sie erhalten einen Karton (Gr\u00f6\u00dfe Umzugskarton) mit 3 80-Liter-S\u00e4cken RFX-1 MIX (mapito) in einem perfekt abgestimmten Verh\u00e4ltnis von Steinwolle und Schaum.<\/p>\n<p>\u00d6ffnen Sie einfach die Schachtel, schneiden Sie die Rolle um die Beutel ab und halten Sie die Beutel dann an den Spitzen fest und sch\u00fctteln Sie sie, damit der Beutel sein urspr\u00fcngliches Volumen wieder erh\u00e4lt. F\u00fcllen Sie die T\u00f6pfe dann bis zum Rand, befeuchten Sie sie (mit einem guten Wurzelstimulator) und setzen Sie die Pflanze dann in den vollen Topf. Da die Flocken eingeschwemmt werden, nehmen sie das Wasser schneller auf und behalten ihr Volumen, so dass sie nicht weiter in den Topf sinken.<\/p>\n<p>Einige Vorteile unseres RFX-1 MIX (mapito) sind:<\/p>\n<ul>\n<li>RFX-1 S\u00e4cke sind mit mindestens 80 Litern gef\u00fcllt<\/li>\n<li>RFX-1 ist bereits eingewaschen und h\u00e4lt daher das Wasser besser<\/li>\n<li>RFX-1 h\u00e4lt EC und pH-Wert l\u00e4nger stabil<\/li>\n<li>RFX-1 besteht nicht aus recyceltem Material<\/li>\n<li>RFX-1 ist EC- und pH-neutral.<\/li>\n<\/ul>\n<p>Wir sind bestrebt, Produkte von h\u00f6chster Qualit\u00e4t zu liefern, um die Bed\u00fcrfnisse unserer Kunden im Bereich Hydrokultur zu erf\u00fcllen. Bestellen Sie jetzt RFX-1 MIX (mapito) Steinwolle und entdecken Sie die Vorteile unserer innovativen Hydroponik-L\u00f6sungen.<\/p>\n<p>Wird in einer Pappschachtel mit den Ma\u00dfen 60x40x40cm geliefert.  <\/p>\n","protected":false},"excerpt":{"rendered":"<p>Wir freuen uns, Ihnen unser neues Sortiment an Steinwolleprodukten f\u00fcr die Hydrokultur vorstellen zu k\u00f6nnen. Wir wissen, dass es in letzter Zeit viele Bedenken bez\u00fcglich der Qualit\u00e4t von Steinwolleprodukten gab, daher haben wir unsere Produkte an die Bed\u00fcrfnisse unserer Branche angepasst.<\/p>\n","protected":false},"featured_media":24381,"template":"","meta":[],"product_brand":[],"product_cat":[455,363],"product_tag":[],"class_list":{"0":"post-29467","1":"product","2":"type-product","3":"status-publish","4":"has-post-thumbnail","6":"product_cat-steinwolle-hydro","7":"product_cat-wachstumsmedien","9":"first","10":"instock","11":"taxable","12":"shipping-taxable","13":"purchasable","14":"product-type-simple"},"_links":{"self":[{"href":"https:\/\/greendisc.dev-project.digital\/de\/wp-json\/wp\/v2\/product\/29467","targetHints":{"allow":["GET"]}}],"collection":[{"href":"https:\/\/greendisc.dev-project.digital\/de\/wp-json\/wp\/v2\/product"}],"about":[{"href":"https:\/\/greendisc.dev-project.digital\/de\/wp-json\/wp\/v2\/types\/product"}],"version-history":[{"count":0,"href":"https:\/\/greendisc.dev-project.digital\/de\/wp-json\/wp\/v2\/product\/29467\/revisions"}],"wp:featuredmedia":[{"embeddable":true,"href":"https:\/\/greendisc.dev-project.digital\/de\/wp-json\/wp\/v2\/media\/24381"}],"wp:attachment":[{"href":"https:\/\/greendisc.dev-project.digital\/de\/wp-json\/wp\/v2\/media?parent=29467"}],"wp:term":[{"taxonomy":"product_brand","embeddable":true,"href":"https:\/\/greendisc.dev-project.digital\/de\/wp-json\/wp\/v2\/product_brand?post=29467"},{"taxonomy":"product_cat","embeddable":true,"href":"https:\/\/greendisc.dev-project.digital\/de\/wp-json\/wp\/v2\/product_cat?post=29467"},{"taxonomy":"product_tag","embeddable":true,"href":"https:\/\/greendisc.dev-project.digital\/de\/wp-json\/wp\/v2\/product_tag?post=29467"}],"curies":[{"name":"wp","href":"https:\/\/api.w.org\/{rel}","templated":true}]}}