 {"id":29465,"date":"2023-11-14T12:17:37","date_gmt":"2023-11-14T11:17:37","guid":{"rendered":"https:\/\/greendisc.dev-project.digital\/\/product\/agra-perlit-100-ltr-pro-beutel\/"},"modified":"2024-12-16T09:31:45","modified_gmt":"2024-12-16T08:31:45","slug":"agra-perlit-100-ltr-pro-beutel","status":"publish","type":"product","link":"https:\/\/greendisc.dev-project.digital\/de\/produkt\/agra-perlit-100-ltr-pro-beutel\/","title":{"rendered":"Agra Perlit 100 ltr. pro Beutel"},"content":{"rendered":"<p>Agra Perlite, der starke Bodenverbesserer f\u00fcr Ihren Garten! Ein anorganisches Gestein, das unter hohen Temperaturen entstanden ist und enorme Mengen an Luft enth\u00e4lt, wodurch der Luftgehalt im Boden erh\u00f6ht wird. Auch Perlit genannt, ist es im professionellen Gartenbau sehr beliebt.<\/p>\n<p>Unser Agra Perlite ist ideal zum Mischen mit Blumenerde und sorgt f\u00fcr eine bessere Drainage. Er hat einen pH-Wert von etwa 6,5 und eine sehr geringe Sch\u00fcttdichte, wodurch er sich perfekt zum Mischen mit Blumenerde auf Dachterrassen eignet. Wir bieten Agra Perlite von PULL Rhenen an &#8211; dem Marktf\u00fchrer bei Perlite f\u00fcr den professionellen Gartenbau. Unser Perlit hat die Korngr\u00f6\u00dfe 3 (0-6,5 mm).<\/p>\n<p>Au\u00dferdem ist unser Agra Perlite f\u00fcr die Bodenverbesserung im \u00f6kologischen Anbau RHP\/ECAS- und FIBL-zertifiziert, so dass Sie sicher sein k\u00f6nnen, dass Sie ein hochwertiges und zuverl\u00e4ssiges Produkt erhalten.<\/p>\n<p>Bitte beachten Sie, dass der Versandtarif aufgrund der Gr\u00f6\u00dfe (des Pakets) h\u00f6her ist als der Standardtarif. Sie erhalten einen Track &amp; Trace-Code, mit dem Sie Ihre Bestellung verfolgen k\u00f6nnen.<\/p>\n<p>Die Gr\u00f6\u00dfe eines Beutels Perlit (100L) betr\u00e4gt etwa 120x45x40 cm und das Gewicht liegt bei +\/- 9 kg. Kurzum, unser Agra Perlite ist die perfekte Wahl, wenn Sie einen leistungsstarken Bodenverbesserer f\u00fcr Ihren Garten suchen. Bestellen Sie noch heute und genie\u00dfen Sie die vielen Vorteile von Perlit!<\/p>\n","protected":false},"excerpt":{"rendered":"<p>Agra Perlite, der starke Bodenverbesserer f\u00fcr Ihren Garten! Ein anorganisches Gestein, das unter hohen Temperaturen entstanden ist und enorme Mengen an Luft enth\u00e4lt, wodurch der Luftgehalt im Boden erh\u00f6ht wird.<\/p>\n","protected":false},"featured_media":31018,"template":"","meta":[],"product_brand":[],"product_cat":[454,363],"product_tag":[],"class_list":{"0":"post-29465","1":"product","2":"type-product","3":"status-publish","4":"has-post-thumbnail","6":"product_cat-start-stecklingsblocke","7":"product_cat-wachstumsmedien","9":"first","10":"outofstock","11":"taxable","12":"shipping-taxable","13":"purchasable","14":"product-type-simple"},"_links":{"self":[{"href":"https:\/\/greendisc.dev-project.digital\/de\/wp-json\/wp\/v2\/product\/29465","targetHints":{"allow":["GET"]}}],"collection":[{"href":"https:\/\/greendisc.dev-project.digital\/de\/wp-json\/wp\/v2\/product"}],"about":[{"href":"https:\/\/greendisc.dev-project.digital\/de\/wp-json\/wp\/v2\/types\/product"}],"version-history":[{"count":0,"href":"https:\/\/greendisc.dev-project.digital\/de\/wp-json\/wp\/v2\/product\/29465\/revisions"}],"wp:featuredmedia":[{"embeddable":true,"href":"https:\/\/greendisc.dev-project.digital\/de\/wp-json\/wp\/v2\/media\/31018"}],"wp:attachment":[{"href":"https:\/\/greendisc.dev-project.digital\/de\/wp-json\/wp\/v2\/media?parent=29465"}],"wp:term":[{"taxonomy":"product_brand","embeddable":true,"href":"https:\/\/greendisc.dev-project.digital\/de\/wp-json\/wp\/v2\/product_brand?post=29465"},{"taxonomy":"product_cat","embeddable":true,"href":"https:\/\/greendisc.dev-project.digital\/de\/wp-json\/wp\/v2\/product_cat?post=29465"},{"taxonomy":"product_tag","embeddable":true,"href":"https:\/\/greendisc.dev-project.digital\/de\/wp-json\/wp\/v2\/product_tag?post=29465"}],"curies":[{"name":"wp","href":"https:\/\/api.w.org\/{rel}","templated":true}]}}