 {"id":29441,"date":"2023-11-14T12:21:58","date_gmt":"2023-11-14T11:21:58","guid":{"rendered":"https:\/\/greendisc.dev-project.digital\/\/product\/kapillare-120cm-2-ltr-pro-stunde\/"},"modified":"2024-12-16T09:31:39","modified_gmt":"2024-12-16T08:31:39","slug":"kapillare-120cm-2-ltr-pro-stunde","status":"publish","type":"product","link":"https:\/\/greendisc.dev-project.digital\/de\/produkt\/kapillare-120cm-2-ltr-pro-stunde\/","title":{"rendered":"Kapillare 120cm 2 Ltr. pro Stunde."},"content":{"rendered":"<p data-mce-fragment=\"1\">Kapillare 0,8 x 3,2 mm 1,2 Meter 2 Liter<br data-mce-fragment=\"1\">Wasseraussto\u00df bei einer L\u00e4nge von 1 Meter ca. 1,85 Liter pro Stunde bei einem Druck von 0,5 Atmosph\u00e4re.<\/p>\n<p data-mce-fragment=\"1\">Geeignete Stanze\/Stanzger\u00e4t 2,5\/2,7 mm<br data-mce-fragment=\"1\">Geeignet f\u00fcr einen Blendenfilter mit Maschenweite 155, mU100 oder 0,1 mm<\/p>\n","protected":false},"excerpt":{"rendered":"<p>Kapillare 0,8 x 3,2 mm 1,2 Meter 2 Liter. Wasseraussto\u00df bei einer L\u00e4nge von 1 Meter ca. 1,85 Liter pro Stunde bei einem Druck von 0,5 Atmosph\u00e4re.<\/p>\n","protected":false},"featured_media":24975,"template":"","meta":[],"product_brand":[],"product_cat":[512,523],"product_tag":[],"class_list":{"0":"post-29441","1":"product","2":"type-product","3":"status-publish","4":"has-post-thumbnail","6":"product_cat-bewasserung","7":"product_cat-dusen-tropfer","9":"first","10":"instock","11":"taxable","12":"shipping-taxable","13":"purchasable","14":"product-type-simple"},"_links":{"self":[{"href":"https:\/\/greendisc.dev-project.digital\/de\/wp-json\/wp\/v2\/product\/29441","targetHints":{"allow":["GET"]}}],"collection":[{"href":"https:\/\/greendisc.dev-project.digital\/de\/wp-json\/wp\/v2\/product"}],"about":[{"href":"https:\/\/greendisc.dev-project.digital\/de\/wp-json\/wp\/v2\/types\/product"}],"version-history":[{"count":0,"href":"https:\/\/greendisc.dev-project.digital\/de\/wp-json\/wp\/v2\/product\/29441\/revisions"}],"wp:featuredmedia":[{"embeddable":true,"href":"https:\/\/greendisc.dev-project.digital\/de\/wp-json\/wp\/v2\/media\/24975"}],"wp:attachment":[{"href":"https:\/\/greendisc.dev-project.digital\/de\/wp-json\/wp\/v2\/media?parent=29441"}],"wp:term":[{"taxonomy":"product_brand","embeddable":true,"href":"https:\/\/greendisc.dev-project.digital\/de\/wp-json\/wp\/v2\/product_brand?post=29441"},{"taxonomy":"product_cat","embeddable":true,"href":"https:\/\/greendisc.dev-project.digital\/de\/wp-json\/wp\/v2\/product_cat?post=29441"},{"taxonomy":"product_tag","embeddable":true,"href":"https:\/\/greendisc.dev-project.digital\/de\/wp-json\/wp\/v2\/product_tag?post=29441"}],"curies":[{"name":"wp","href":"https:\/\/api.w.org\/{rel}","templated":true}]}}