 {"id":29396,"date":"2023-11-14T12:25:27","date_gmt":"2023-11-14T11:25:27","guid":{"rendered":"https:\/\/greendisc.dev-project.digital\/\/product\/gavita-pro-6-750w-400v-el-de\/"},"modified":"2024-12-23T12:15:21","modified_gmt":"2024-12-23T11:15:21","slug":"gavita-pro-6-750w-400v-el-de","status":"publish","type":"product","link":"https:\/\/greendisc.dev-project.digital\/de\/produkt\/gavita-pro-6-750w-400v-el-de\/","title":{"rendered":"Gavita Pro 6\/750W 400V EL DE"},"content":{"rendered":"<p>Die Gavita Pro 6\/750W EL DE FLEX ist eine revolution\u00e4re Beleuchtung f\u00fcr Indoor-Grower. Mit seiner starken Leistung von 750 Watt und seiner effizienten DE-Lampe ist er eine der vielseitigsten und zuverl\u00e4ssigsten Beleuchtungsl\u00f6sungen auf dem Markt.<\/p>\n<p>Die Gavita Pro 6\/750W EL DE FLEX bietet eine hervorragende Lichtintensit\u00e4t und ein gleichm\u00e4\u00dfiges Lichtmuster, so dass Ihre Pflanzen immer die richtige Menge an Licht und W\u00e4rme erhalten. Das Ergebnis sind h\u00f6here Ertr\u00e4ge und gesunde Pflanzen.<\/p>\n<p>Mit der FLEX-Technologie von Gavita k\u00f6nnen Sie die Beleuchtung ganz einfach an Ihre spezifischen Wachstumsbedingungen anpassen. So k\u00f6nnen Sie immer das richtige Ma\u00df an Licht und W\u00e4rme f\u00fcr Ihre Pflanzen schaffen, damit sie optimal wachsen k\u00f6nnen.<\/p>\n<p>Das Gavita Pro 6\/750W EL DE FLEX System ist au\u00dferdem einfach zu installieren und zu benutzen. Er ist mit dem Gavita Master Controller kompatibel, mit dem Sie das Licht einfach ein- und ausschalten, die Intensit\u00e4t steuern und Ihren Zeitplan verwalten k\u00f6nnen.<\/p>\n<p>Die Gavita Pro 6\/750W EL DE FLEX ist au\u00dferdem sehr langlebig und zuverl\u00e4ssig. Es wurde aus hochwertigen Materialien hergestellt und auf Leistung und Zuverl\u00e4ssigkeit getestet, damit Sie Ihre Investition \u00fcber Jahre hinweg genie\u00dfen k\u00f6nnen.<\/p>\n<p>Kurz gesagt, die Gavita Pro 6\/750W EL DE FLEX bietet hervorragende Beleuchtung, Vielseitigkeit und Komfort. Wenn Sie auf der Suche nach einer leistungsstarken, effizienten und zuverl\u00e4ssigen Beleuchtung f\u00fcr Ihren Indoor-Anbau sind, ist die Gavita Pro 6\/750W EL DE FLEX eine ausgezeichnete Wahl.<\/p>\n","protected":false},"excerpt":{"rendered":"<p>Die Gavita Pro 6\/750W EL DE FLEX ist eine revolution\u00e4re Beleuchtung f\u00fcr Indoor-Grower. Mit seiner starken Leistung von 750 Watt und seiner effizienten DE-Lampe ist er eine der vielseitigsten und zuverl\u00e4ssigsten Beleuchtungsl\u00f6sungen auf dem Markt.<\/p>\n","protected":false},"featured_media":36832,"template":"","meta":[],"product_brand":[],"product_cat":[510,337,336,359],"product_tag":[],"class_list":{"0":"post-29396","1":"product","2":"type-product","3":"status-publish","4":"has-post-thumbnail","6":"product_cat-andere-gluhbirnen","7":"product_cat-beleuchtung","8":"product_cat-bulben-de","9":"product_cat-gavita-lampe","11":"first","12":"instock","13":"taxable","14":"shipping-taxable","15":"purchasable","16":"product-type-simple"},"_links":{"self":[{"href":"https:\/\/greendisc.dev-project.digital\/de\/wp-json\/wp\/v2\/product\/29396","targetHints":{"allow":["GET"]}}],"collection":[{"href":"https:\/\/greendisc.dev-project.digital\/de\/wp-json\/wp\/v2\/product"}],"about":[{"href":"https:\/\/greendisc.dev-project.digital\/de\/wp-json\/wp\/v2\/types\/product"}],"version-history":[{"count":0,"href":"https:\/\/greendisc.dev-project.digital\/de\/wp-json\/wp\/v2\/product\/29396\/revisions"}],"wp:featuredmedia":[{"embeddable":true,"href":"https:\/\/greendisc.dev-project.digital\/de\/wp-json\/wp\/v2\/media\/36832"}],"wp:attachment":[{"href":"https:\/\/greendisc.dev-project.digital\/de\/wp-json\/wp\/v2\/media?parent=29396"}],"wp:term":[{"taxonomy":"product_brand","embeddable":true,"href":"https:\/\/greendisc.dev-project.digital\/de\/wp-json\/wp\/v2\/product_brand?post=29396"},{"taxonomy":"product_cat","embeddable":true,"href":"https:\/\/greendisc.dev-project.digital\/de\/wp-json\/wp\/v2\/product_cat?post=29396"},{"taxonomy":"product_tag","embeddable":true,"href":"https:\/\/greendisc.dev-project.digital\/de\/wp-json\/wp\/v2\/product_tag?post=29396"}],"curies":[{"name":"wp","href":"https:\/\/api.w.org\/{rel}","templated":true}]}}