 {"id":29363,"date":"2023-11-14T12:30:14","date_gmt":"2023-11-14T11:30:14","guid":{"rendered":"https:\/\/greendisc.dev-project.digital\/\/product\/opticlimate-temperatursensor-div-laengen\/"},"modified":"2024-12-16T09:31:13","modified_gmt":"2024-12-16T08:31:13","slug":"opticlimate-temperatursensor-div-laengen","status":"publish","type":"product","link":"https:\/\/greendisc.dev-project.digital\/de\/produkt\/opticlimate-temperatursensor-div-laengen\/","title":{"rendered":"Opticlimate Temperatursensor div. L\u00e4ngen"},"content":{"rendered":"<p>Erh\u00e4ltlich in 2 L\u00e4ngen:  <\/p>\n<p>2,5 Meter oder 10 Meter lang.  <\/p>\n","protected":false},"excerpt":{"rendered":"<p>Erh\u00e4ltlich in 2 L\u00e4ngen:  2,5 Meter oder 10 Meter lang.  <\/p>\n","protected":false},"featured_media":26003,"template":"","meta":[],"product_brand":[1039],"product_cat":[350,351,353],"product_tag":[],"class_list":{"0":"post-29363","1":"product","2":"type-product","3":"status-publish","4":"has-post-thumbnail","6":"product_brand-opticlimate","7":"product_cat-aeronautik","8":"product_cat-opticlimate-de","9":"product_cat-opticlimate-ersatzteile","11":"first","12":"instock","13":"taxable","14":"shipping-taxable","15":"purchasable","16":"product-type-variable"},"_links":{"self":[{"href":"https:\/\/greendisc.dev-project.digital\/de\/wp-json\/wp\/v2\/product\/29363","targetHints":{"allow":["GET"]}}],"collection":[{"href":"https:\/\/greendisc.dev-project.digital\/de\/wp-json\/wp\/v2\/product"}],"about":[{"href":"https:\/\/greendisc.dev-project.digital\/de\/wp-json\/wp\/v2\/types\/product"}],"version-history":[{"count":0,"href":"https:\/\/greendisc.dev-project.digital\/de\/wp-json\/wp\/v2\/product\/29363\/revisions"}],"wp:featuredmedia":[{"embeddable":true,"href":"https:\/\/greendisc.dev-project.digital\/de\/wp-json\/wp\/v2\/media\/26003"}],"wp:attachment":[{"href":"https:\/\/greendisc.dev-project.digital\/de\/wp-json\/wp\/v2\/media?parent=29363"}],"wp:term":[{"taxonomy":"product_brand","embeddable":true,"href":"https:\/\/greendisc.dev-project.digital\/de\/wp-json\/wp\/v2\/product_brand?post=29363"},{"taxonomy":"product_cat","embeddable":true,"href":"https:\/\/greendisc.dev-project.digital\/de\/wp-json\/wp\/v2\/product_cat?post=29363"},{"taxonomy":"product_tag","embeddable":true,"href":"https:\/\/greendisc.dev-project.digital\/de\/wp-json\/wp\/v2\/product_tag?post=29363"}],"curies":[{"name":"wp","href":"https:\/\/api.w.org\/{rel}","templated":true}]}}