 {"id":29344,"date":"2023-11-14T12:29:29","date_gmt":"2023-11-14T11:29:29","guid":{"rendered":"https:\/\/greendisc.dev-project.digital\/\/product\/ocl-600w-xl-serie-inkl-gluehbirne\/"},"modified":"2024-12-16T09:31:09","modified_gmt":"2024-12-16T08:31:09","slug":"ocl-600w-xl-serie-inkl-gluehbirne","status":"publish","type":"product","link":"https:\/\/greendisc.dev-project.digital\/de\/produkt\/ocl-600w-xl-serie-inkl-gluehbirne\/","title":{"rendered":"OCL 600W XL-Serie (inkl. Gl\u00fchbirne)"},"content":{"rendered":"<p><meta charset=\"utf-8\"><\/p>\n<div class=\"fusion-one-full fusion-layout-column fusion-column-last fusion-spacing-yes\" data-mce-fragment=\"1\">\n<div class=\"fusion-column-wrapper\" data-mce-fragment=\"1\">\n<p data-mce-fragment=\"1\"><strong data-mce-fragment=\"1\">Da sind sie! Zur\u00fcck von der Stra\u00dfe und jetzt noch besser! Das neue Modell OCL 600 Watt. Die einzige digitale, dimmbare Growlampe mit 600 Watt und doppelseitigem Leuchtmittel!<\/strong><\/p>\n<p data-mce-fragment=\"1\">Optimum Climate Lightning (OCL) bietet hochwertige Growlampen an.<\/p>\n<p data-mce-fragment=\"1\">Die OCL-Lighting X-Series sind hochwertige, professionelle Vorschaltger\u00e4te. Vor allem, wenn die komplette Steuerung \u00fcber den benutzerfreundlichen OCL Touch Screen Controller erfolgt.<\/p>\n<\/div>\n<\/div>\n<div class=\"fusion-two-third fusion-layout-column fusion-spacing-yes\" data-mce-fragment=\"1\">\n<div class=\"fusion-column-wrapper\" data-mce-fragment=\"1\">\n<h2 data-fontsize=\"16\" data-lineheight=\"24\" data-mce-fragment=\"1\">Warum OCL-Beleuchtung?<\/h2>\n<ul data-mce-fragment=\"1\">\n<li data-mce-fragment=\"1\">Starkes, robustes Geh\u00e4use, doppelt gesch\u00fctzt durch konforme Beschichtung und K\u00fchlkolloid, so dass das Vorschaltger\u00e4t unter verschiedenen Klimabedingungen weiterhin optimal funktioniert<\/li>\n<li data-mce-fragment=\"1\">Niedrige Betriebstemperatur und Ger\u00e4uschentwicklung in seiner Klasse<\/li>\n<li data-mce-fragment=\"1\">Leicht austauschbarer, 96% super-reflektierender Hammerschlag-Reflektor<\/li>\n<li data-mce-fragment=\"1\">Industrielle DE-Armatur aus Keramik<\/li>\n<li data-mce-fragment=\"1\">Frei von elektromagnetischen St\u00f6rungen<\/li>\n<li data-mce-fragment=\"1\">Geeignet f\u00fcr hochfrequente HPS 400V Gartenbaulampen<\/li>\n<li data-mce-fragment=\"1\">Geeignet f\u00fcr andere Industrie DE-Lampen<\/li>\n<li data-mce-fragment=\"1\">Lange Lebensdauer (bis zu 95% Lichtleistung nach 1 Jahr)<\/li>\n<li data-mce-fragment=\"1\">Vollst\u00e4ndige Kontrolle der Lichtleistung in jeder Phase des Pflanzenwachstums<\/li>\n<li data-mce-fragment=\"1\">PowerControl, StartSmart und Niederspannungsdiagnose<\/li>\n<li data-mce-fragment=\"1\">25% weniger W\u00e4rmestrahlung dank speziell entwickeltem doppelt offenem Reflektor<\/li>\n<\/ul>\n<h2 data-fontsize=\"16\" data-lineheight=\"24\" data-mce-fragment=\"1\">Eigenschaften<\/h2>\n<ul data-mce-fragment=\"1\">\n<li data-mce-fragment=\"1\">Professionelles 600W regelbares Ultrahochfrequenz-Beleuchtungssystem<\/li>\n<li data-mce-fragment=\"1\">Wird mit einer BLV 600W 400V Doppelsockellampe geliefert<\/li>\n<li data-mce-fragment=\"1\">Unglaublich hohe Leistung und gleichm\u00e4\u00dfige Streuung<\/li>\n<li data-mce-fragment=\"1\">Energielabel A++<\/li>\n<li data-mce-fragment=\"1\">Geeignet f\u00fcr Natriumdampf-Hochdrucklampen und Halogen-Metalldampflampen<\/li>\n<li data-mce-fragment=\"1\">Hammerschlag-Reflektor, 96% Reflexionsgrad, adonisiert und PVD-beschichtet<\/li>\n<li data-mce-fragment=\"1\">Geeignet f\u00fcr OCL Touch Screen Controller<\/li>\n<li data-mce-fragment=\"1\">Mit PowerControl &amp; StartSmart Diagnosesteuerung<\/li>\n<li data-mce-fragment=\"1\">Leichtgewicht<\/li>\n<li data-mce-fragment=\"1\">Leicht austauschbarer Reflektor<\/li>\n<li data-mce-fragment=\"1\">Plug-and-Play-Installation<\/li>\n<li data-mce-fragment=\"1\">5-Phasen dimmbar (300-720W)<\/li>\n<li data-mce-fragment=\"1\">CE-zertifiziert<\/li>\n<li data-mce-fragment=\"1\">25% weniger W\u00e4rmestrahlung<\/li>\n<li data-mce-fragment=\"1\">Abstrahlwinkel 140\u00b0<\/li>\n<\/ul>\n<\/div>\n<\/div>\n","protected":false},"excerpt":{"rendered":"<p>Da sind sie! Zur\u00fcck von der Stra\u00dfe und jetzt noch besser! Das neue Modell OCL 600 Watt. Die einzige digitale, dimmbare Growlampe mit 600 Watt und doppelseitigem Leuchtmittel!<\/p>\n","protected":false},"featured_media":25877,"template":"","meta":[],"product_brand":[],"product_cat":[337,501,499,498,500],"product_tag":[],"class_list":{"0":"post-29344","1":"product","2":"type-product","3":"status-publish","4":"has-post-thumbnail","6":"product_cat-beleuchtung","7":"product_cat-beliebte-artikel","8":"product_cat-hauptseite","9":"product_cat-komplette-hps-leuchten","10":"product_cat-ocl-leuchten","12":"first","13":"instock","14":"sale","15":"taxable","16":"shipping-taxable","17":"purchasable","18":"product-type-simple"},"_links":{"self":[{"href":"https:\/\/greendisc.dev-project.digital\/de\/wp-json\/wp\/v2\/product\/29344","targetHints":{"allow":["GET"]}}],"collection":[{"href":"https:\/\/greendisc.dev-project.digital\/de\/wp-json\/wp\/v2\/product"}],"about":[{"href":"https:\/\/greendisc.dev-project.digital\/de\/wp-json\/wp\/v2\/types\/product"}],"version-history":[{"count":0,"href":"https:\/\/greendisc.dev-project.digital\/de\/wp-json\/wp\/v2\/product\/29344\/revisions"}],"wp:featuredmedia":[{"embeddable":true,"href":"https:\/\/greendisc.dev-project.digital\/de\/wp-json\/wp\/v2\/media\/25877"}],"wp:attachment":[{"href":"https:\/\/greendisc.dev-project.digital\/de\/wp-json\/wp\/v2\/media?parent=29344"}],"wp:term":[{"taxonomy":"product_brand","embeddable":true,"href":"https:\/\/greendisc.dev-project.digital\/de\/wp-json\/wp\/v2\/product_brand?post=29344"},{"taxonomy":"product_cat","embeddable":true,"href":"https:\/\/greendisc.dev-project.digital\/de\/wp-json\/wp\/v2\/product_cat?post=29344"},{"taxonomy":"product_tag","embeddable":true,"href":"https:\/\/greendisc.dev-project.digital\/de\/wp-json\/wp\/v2\/product_tag?post=29344"}],"curies":[{"name":"wp","href":"https:\/\/api.w.org\/{rel}","templated":true}]}}