 {"id":29279,"date":"2023-11-14T12:27:55","date_gmt":"2023-11-14T11:27:55","guid":{"rendered":"https:\/\/greendisc.dev-project.digital\/\/product\/mammoth-elite-600l-wachstumszelt-600x300x225cm\/"},"modified":"2025-04-07T15:47:37","modified_gmt":"2025-04-07T13:47:37","slug":"mammoth-elite-600l-wachstumszelt-600x300x225cm","status":"publish","type":"product","link":"https:\/\/greendisc.dev-project.digital\/de\/produkt\/mammoth-elite-600l-wachstumszelt-600x300x225cm\/","title":{"rendered":"Mammut Zelte | Elite S.A. 600L | Anbauzelt 600x300x225cm"},"content":{"rendered":"<h2 class=\"\" data-start=\"174\" data-end=\"229\">Mammoth Elite S.A. 600L Anbauzelt &#8211; 300x600x225 cm<\/h2>\n<p class=\"\" data-start=\"230\" data-end=\"302\"><strong data-start=\"230\" data-end=\"302\">Ultimativer Grow Room f\u00fcr maximalen Ertrag und professionelle Nutzung<\/strong><\/p>\n<p class=\"\" data-start=\"304\" data-end=\"680\">Das <strong data-start=\"307\" data-end=\"334\">Mammoth Elite S.A. 600L<\/strong> ist das absolute Kraftpaket unter den Anbauzelten. Mit beeindruckenden Abmessungen von <strong data-start=\"419\" data-end=\"437\">300x600x225 cm<\/strong> und einem Gesamtvolumen von <strong data-start=\"462\" data-end=\"473\">40,5 m\u00b3<\/strong> ist dieses Zelt f\u00fcr gro\u00dfe Indoor-Anbauprojekte und anspruchsvolle Profis konzipiert. Dieses Spitzenmodell unter den Grow-Zelten bietet beispiellosen Platz, Stabilit\u00e4t und Haltbarkeit f\u00fcr diejenigen, die maximale Leistung verlangen.<\/p>\n<p class=\"\" data-start=\"682\" data-end=\"862\">Ganz gleich, ob Sie an einer kommerziellen Aufzuchtanlage arbeiten oder zu Hause eine anspruchsvolle Aufzuchtumgebung schaffen wollen, die Elite S.A. 600L bietet alles, was Sie f\u00fcr den Erfolg im gro\u00dfen Stil brauchen.<\/p>\n<hr class=\"\" data-start=\"864\" data-end=\"867\">\n<h3 class=\"\" data-start=\"869\" data-end=\"930\">\u2705 Die wichtigsten Vorteile des Mammoth Elite S.A. 600L:<\/h3>\n<ul data-start=\"931\" data-end=\"1713\">\n<li class=\"\" data-start=\"931\" data-end=\"1051\">\n<p class=\"\" data-start=\"933\" data-end=\"1051\"><strong data-start=\"933\" data-end=\"975\">Sehr ger\u00e4umige Abmessungen (300x600x225 cm)<\/strong> &#8211; ideal f\u00fcr gro\u00dfe Installationen mit mehreren Lampen und Bel\u00fcftungssystemen.<\/p>\n<\/li>\n<li class=\"\" data-start=\"1052\" data-end=\"1182\">\n<p class=\"\" data-start=\"1054\" data-end=\"1182\"><strong data-start=\"1054\" data-end=\"1100\">Hochreflektierendes 600D Mylar-Innenfutter<\/strong> &#8211; maximiert die Lichtausbeute und f\u00f6rdert ein kr\u00e4ftiges, gleichm\u00e4\u00dfiges Pflanzenwachstum.<\/p>\n<\/li>\n<li class=\"\" data-start=\"1183\" data-end=\"1300\">\n<p class=\"\" data-start=\"1185\" data-end=\"1300\"><strong data-start=\"1185\" data-end=\"1235\">Extrem starker Rahmen (\u00d825,4 mm, Wandst\u00e4rke 1 mm)<\/strong> &#8211; tr\u00e4gt schwere Beleuchtung und Bel\u00fcftung, ohne durchzuh\u00e4ngen.<\/p>\n<\/li>\n<li class=\"\" data-start=\"1301\" data-end=\"1391\">\n<p class=\"\" data-start=\"1303\" data-end=\"1391\"><strong data-start=\"1303\" data-end=\"1340\">Strapazierf\u00e4hige Ecken aus PP-Copolymer<\/strong> &#8211; f\u00fcr langfristige Festigkeit und zus\u00e4tzliche Stabilit\u00e4t.<\/p>\n<\/li>\n<li class=\"\" data-start=\"1392\" data-end=\"1488\">\n<p class=\"\" data-start=\"1394\" data-end=\"1488\"><strong data-start=\"1394\" data-end=\"1434\">Zwei Zugangst\u00fcren (vorne und hinten)<\/strong> &#8211; einfache Wartung und Zugang von beiden Seiten.<\/p>\n<\/li>\n<li class=\"\" data-start=\"1489\" data-end=\"1614\">\n<p class=\"\" data-start=\"1491\" data-end=\"1526\"><strong data-start=\"1491\" data-end=\"1524\">Umfassendes Bel\u00fcftungssystem:<\/strong><\/p>\n<ul data-start=\"1529\" data-end=\"1614\">\n<li class=\"\" data-start=\"1529\" data-end=\"1557\">\n<p class=\"\" data-start=\"1531\" data-end=\"1557\">4 Kabelkan\u00e4le \u00d876 mm<\/p>\n<\/li>\n<li class=\"\" data-start=\"1560\" data-end=\"1586\">\n<p class=\"\" data-start=\"1562\" data-end=\"1586\">4 Lufteinl\u00e4sse \u00d8350 mm<\/p>\n<\/li>\n<li class=\"\" data-start=\"1589\" data-end=\"1614\">\n<p class=\"\" data-start=\"1591\" data-end=\"1614\">4 Luftausl\u00e4sse \u00d8350 mm<\/p>\n<\/li>\n<\/ul>\n<\/li>\n<li class=\"\" data-start=\"1615\" data-end=\"1713\">\n<p class=\"\" data-start=\"1617\" data-end=\"1713\"><strong data-start=\"1617\" data-end=\"1647\">Stand Alone Design (S.A.)<\/strong> &#8211; steht eigenst\u00e4ndig und stabil, ohne dass zus\u00e4tzliche Unterst\u00fctzung ben\u00f6tigt wird.<\/p>\n<\/li>\n<\/ul>\n<hr class=\"\" data-start=\"1715\" data-end=\"1718\">\n<h3 class=\"\" data-start=\"1720\" data-end=\"1773\">\ud83c\udf3f Warum sollten Sie sich f\u00fcr den Mammoth Elite S.A. 600L entscheiden?<\/h3>\n<p class=\"\" data-start=\"1774\" data-end=\"2209\">Die <strong data-start=\"1777\" data-end=\"1796\">Elite S.A. 600L<\/strong> wurde speziell f\u00fcr Z\u00fcchter entwickelt, die viel Platz und volle Kontrolle \u00fcber ihre Anbaubedingungen ben\u00f6tigen. Dank des <strong data-start=\"1918\" data-end=\"1940\">600D-Reflexionsgewebes<\/strong> wird das Licht Ihrer Grow-Lampen optimiert und sorgt f\u00fcr h\u00f6here Effizienz und bessere Ernten. Der <strong data-start=\"2053\" data-end=\"2081\">extra dicke Stahlrahmen<\/strong> h\u00e4lt jahrelanger starker Beanspruchung stand &#8211; ideal zum Aufh\u00e4ngen mehrerer Lampen, Filter und Ventilatoren.<\/p>\n<p class=\"\" data-start=\"2211\" data-end=\"2453\">Dieses Grow-Zelt ist f\u00fcr maximale Bel\u00fcftung, Lichtausbeute und Zug\u00e4nglichkeit konzipiert. Ob Sie nun Gem\u00fcse, Blumen oder Kr\u00e4uter anbauen: Sie haben alle Freiheiten, Ihre Anlage professionell einzurichten &#8211; mit maximalem Ertrag als Ergebnis.<\/p>\n<hr class=\"\" data-start=\"2455\" data-end=\"2458\">\n<h3 class=\"\" data-start=\"2460\" data-end=\"2492\">\ud83d\udd27 Technische Daten:<\/h3>\n<ul data-start=\"2493\" data-end=\"2957\">\n<li class=\"\" data-start=\"2493\" data-end=\"2549\">\n<p class=\"\" data-start=\"2495\" data-end=\"2549\"><strong data-start=\"2495\" data-end=\"2510\">Abmessungen:<\/strong> 300 cm (B) x 600 cm (L) x 225 cm (H)<\/p>\n<\/li>\n<li class=\"\" data-start=\"2550\" data-end=\"2573\">\n<p class=\"\" data-start=\"2552\" data-end=\"2573\"><strong data-start=\"2552\" data-end=\"2563\">Volumen:<\/strong> 40,5 m\u00b3<\/p>\n<\/li>\n<li class=\"\" data-start=\"2574\" data-end=\"2633\">\n<p class=\"\" data-start=\"2576\" data-end=\"2633\"><strong data-start=\"2576\" data-end=\"2596\">Innenmaterial:<\/strong> 600D Mylar &#8211; hochreflektierende Beschichtung<\/p>\n<\/li>\n<li class=\"\" data-start=\"2634\" data-end=\"2681\">\n<p class=\"\" data-start=\"2636\" data-end=\"2681\"><strong data-start=\"2636\" data-end=\"2646\">Rahmen:<\/strong> Stahl \u00d825,4 mm | Wandst\u00e4rke: 1 mm<\/p>\n<\/li>\n<li class=\"\" data-start=\"2682\" data-end=\"2737\">\n<p class=\"\" data-start=\"2684\" data-end=\"2737\"><strong data-start=\"2684\" data-end=\"2700\">Eckst\u00fccke:<\/strong> Aus haltbarem PP-Copolymer<\/p>\n<\/li>\n<li class=\"\" data-start=\"2738\" data-end=\"2779\">\n<p class=\"\" data-start=\"2740\" data-end=\"2779\"><strong data-start=\"2740\" data-end=\"2751\">T\u00fcren:<\/strong> 1 Vordert\u00fcr + 1 Hintert\u00fcr<\/p>\n<\/li>\n<li class=\"\" data-start=\"2780\" data-end=\"2814\">\n<p class=\"\" data-start=\"2782\" data-end=\"2814\"><strong data-start=\"2782\" data-end=\"2802\">Kabeleinf\u00fchrungen:<\/strong> 4x \u00d876 mm<\/p>\n<\/li>\n<li class=\"\" data-start=\"2815\" data-end=\"2847\">\n<p class=\"\" data-start=\"2817\" data-end=\"2847\"><strong data-start=\"2817\" data-end=\"2834\">Lufteinl\u00e4sse:<\/strong> 4x \u00d8350 mm<\/p>\n<\/li>\n<li class=\"\" data-start=\"2848\" data-end=\"2881\">\n<p class=\"\" data-start=\"2850\" data-end=\"2881\"><strong data-start=\"2850\" data-end=\"2868\">Luftausl\u00e4sse:<\/strong> 4x \u00d8350 mm<\/p>\n<\/li>\n<li class=\"\" data-start=\"2882\" data-end=\"2957\">\n<p class=\"\" data-start=\"2884\" data-end=\"2957\"><strong data-start=\"2884\" data-end=\"2896\">Montage:<\/strong> Freistehend &#8211; einfach aufzustellen, stabil und selbsttragend<\/p>\n<\/li>\n<\/ul>\n<hr class=\"\" data-start=\"2959\" data-end=\"2962\">\n<h3 class=\"\" data-start=\"2964\" data-end=\"3026\">\ud83c\udf31 Bestellen Sie den Mammoth Elite S.A. 600L bei GreenDiscounter<\/h3>\n<p class=\"\" data-start=\"3027\" data-end=\"3294\">Wollen Sie mit maximaler Effizienz und Zuverl\u00e4ssigkeit gro\u00df werden? Dann ist der <strong data-start=\"3103\" data-end=\"3130\">Mammoth Elite S.A. 600L<\/strong> Ihre Investition in professionelle Ergebnisse. Bestellen Sie noch heute bei <strong data-start=\"3198\" data-end=\"3221\">greendiscounter.com<\/strong> und profitieren Sie von g\u00fcnstigen Preisen, schnellem Versand und fachkundiger Beratung.<\/p>\n<p class=\"\" data-start=\"3296\" data-end=\"3414\">\ud83d\udd12 <strong data-start=\"3299\" data-end=\"3337\">Hergestellt f\u00fcr den anspruchsvollen Z\u00fcchter<\/strong> | \ud83c\udf1f <strong data-start=\"3343\" data-end=\"3375\">Spitzenleistung &amp; Haltbarkeit<\/strong> | \ud83d\ude9a <strong data-start=\"3381\" data-end=\"3414\">Direkt ab Lager lieferbar<\/strong><\/p>\n","protected":false},"excerpt":{"rendered":"<p>Das Mammoth Elite S.A. 600L ist das absolute Kraftpaket unter den Anbauzelten. Mit beeindruckenden Abmessungen von 300x600x225 cm und einem Gesamtvolumen von 40,5 m\u00b3 ist dieses Zelt f\u00fcr gro\u00dfe Indoor-Anbauprojekte und anspruchsvolle Profis konzipiert. Dieses Spitzenmodell unter den Grow-Zelten bietet beispiellosen Platz, Stabilit\u00e4t und Haltbarkeit f\u00fcr diejenigen, die maximale Leistung verlangen.<\/p>\n","protected":false},"featured_media":25695,"template":"","meta":[],"product_brand":[1054],"product_cat":[484,488,482],"product_tag":[],"class_list":{"0":"post-29279","1":"product","2":"type-product","3":"status-publish","4":"has-post-thumbnail","6":"product_brand-mammoth-tents","7":"product_cat-mammoth-anbauzelte","8":"product_cat-mammut-elite-s-a","9":"product_cat-zelte-anbauen","11":"first","12":"instock","13":"sale","14":"taxable","15":"shipping-taxable","16":"purchasable","17":"product-type-simple"},"_links":{"self":[{"href":"https:\/\/greendisc.dev-project.digital\/de\/wp-json\/wp\/v2\/product\/29279","targetHints":{"allow":["GET"]}}],"collection":[{"href":"https:\/\/greendisc.dev-project.digital\/de\/wp-json\/wp\/v2\/product"}],"about":[{"href":"https:\/\/greendisc.dev-project.digital\/de\/wp-json\/wp\/v2\/types\/product"}],"version-history":[{"count":0,"href":"https:\/\/greendisc.dev-project.digital\/de\/wp-json\/wp\/v2\/product\/29279\/revisions"}],"wp:featuredmedia":[{"embeddable":true,"href":"https:\/\/greendisc.dev-project.digital\/de\/wp-json\/wp\/v2\/media\/25695"}],"wp:attachment":[{"href":"https:\/\/greendisc.dev-project.digital\/de\/wp-json\/wp\/v2\/media?parent=29279"}],"wp:term":[{"taxonomy":"product_brand","embeddable":true,"href":"https:\/\/greendisc.dev-project.digital\/de\/wp-json\/wp\/v2\/product_brand?post=29279"},{"taxonomy":"product_cat","embeddable":true,"href":"https:\/\/greendisc.dev-project.digital\/de\/wp-json\/wp\/v2\/product_cat?post=29279"},{"taxonomy":"product_tag","embeddable":true,"href":"https:\/\/greendisc.dev-project.digital\/de\/wp-json\/wp\/v2\/product_tag?post=29279"}],"curies":[{"name":"wp","href":"https:\/\/api.w.org\/{rel}","templated":true}]}}