 {"id":29277,"date":"2023-11-14T12:27:53","date_gmt":"2023-11-14T11:27:53","guid":{"rendered":"https:\/\/greendisc.dev-project.digital\/\/product\/mammoth-elite-480l-anbauzelt-480x240x225cm\/"},"modified":"2025-04-07T15:41:53","modified_gmt":"2025-04-07T13:41:53","slug":"mammoth-elite-480l-anbauzelt-480x240x225cm","status":"publish","type":"product","link":"https:\/\/greendisc.dev-project.digital\/de\/produkt\/mammoth-elite-480l-anbauzelt-480x240x225cm\/","title":{"rendered":"Mammut Zelte | Elite S.A. 480L | Anbauzelt 480x240x225cm"},"content":{"rendered":"<h2 class=\"\" data-start=\"208\" data-end=\"263\">Mammoth Elite S.A. 480L Anbauzelt &#8211; 240x480x225 cm<\/h2>\n<p class=\"\" data-start=\"264\" data-end=\"329\"><strong data-start=\"264\" data-end=\"329\">Professionelles Grow-Zelt f\u00fcr maximalen Platz und Spitzenleistung<\/strong><\/p>\n<p class=\"\" data-start=\"331\" data-end=\"669\">Das <strong data-start=\"334\" data-end=\"361\">Mammoth Elite S.A. 480L<\/strong> ist die richtige Wahl f\u00fcr ernsthafte Z\u00fcchter oder Profis, die ein robustes, ger\u00e4umiges und langlebiges Grow-Zelt suchen. Mit einer beeindruckenden Gr\u00f6\u00dfe von <strong data-start=\"513\" data-end=\"531\">240x480x225 cm<\/strong> und einem Gesamtvolumen von nicht weniger als <strong data-start=\"569\" data-end=\"581\">25,92 m\u00b3<\/strong> bietet dieses Zelt allen Platz, den Sie f\u00fcr gro\u00df angelegte Indoor-Anbauprojekte ben\u00f6tigen.<\/p>\n<p class=\"\" data-start=\"671\" data-end=\"844\">Mit hochwertigen Materialien, einem stabilen Rahmen und intelligenten Bel\u00fcftungsoptionen ist dieses Zelt bereit f\u00fcr eine intensive Nutzung, vom kommerziellen Anbau bis zum ambitionierten Heimg\u00e4rtner.<\/p>\n<hr class=\"\" data-start=\"846\" data-end=\"849\">\n<h3 class=\"\" data-start=\"851\" data-end=\"912\">\u2705 Die wichtigsten Vorteile des Mammoth Elite S.A. 480L:<\/h3>\n<ul data-start=\"913\" data-end=\"1662\">\n<li class=\"\" data-start=\"913\" data-end=\"1014\">\n<p class=\"\" data-start=\"915\" data-end=\"1014\"><strong data-start=\"915\" data-end=\"960\">Sehr ger\u00e4umige Anbaufl\u00e4che (240x480x225 cm)<\/strong> &#8211; ideal f\u00fcr gro\u00dfe Aufbauten und hohe Ertr\u00e4ge.<\/p>\n<\/li>\n<li class=\"\" data-start=\"1015\" data-end=\"1134\">\n<p class=\"\" data-start=\"1017\" data-end=\"1134\"><strong data-start=\"1017\" data-end=\"1045\">600D Mylar-Reflexionsgewebe<\/strong> &#8211; extra dick und hochreflektierend f\u00fcr optimale Lichtverteilung und maximale Leistung.<\/p>\n<\/li>\n<li class=\"\" data-start=\"1135\" data-end=\"1258\">\n<p class=\"\" data-start=\"1137\" data-end=\"1258\"><strong data-start=\"1137\" data-end=\"1185\">Superstarker Rahmen (25,4 mm Stahl, 0,5 mm dick)<\/strong> &#8211; entwickelt f\u00fcr schwere Ger\u00e4te wie mehrere Growlampen und Filter.<\/p>\n<\/li>\n<li class=\"\" data-start=\"1259\" data-end=\"1347\">\n<p class=\"\" data-start=\"1261\" data-end=\"1347\"><strong data-start=\"1261\" data-end=\"1285\">PP-Copolymer-Ecken<\/strong> &#8211; besonders haltbar und widerstandsf\u00e4hig gegen h\u00e4ufige Montage und Demontage.<\/p>\n<\/li>\n<li class=\"\" data-start=\"1348\" data-end=\"1441\">\n<p class=\"\" data-start=\"1350\" data-end=\"1441\"><strong data-start=\"1350\" data-end=\"1386\">2 Zugangst\u00fcren (vorne und hinten)<\/strong> &#8211; einfacher Zugang zu jeder Ecke Ihres Zuchtraums.<\/p>\n<\/li>\n<li class=\"\" data-start=\"1442\" data-end=\"1569\">\n<p class=\"\" data-start=\"1444\" data-end=\"1479\"><strong data-start=\"1444\" data-end=\"1477\">Umfassendes Bel\u00fcftungssystem:<\/strong><\/p>\n<ul data-start=\"1482\" data-end=\"1569\">\n<li class=\"\" data-start=\"1482\" data-end=\"1510\">\n<p class=\"\" data-start=\"1484\" data-end=\"1510\">4 Kabelkan\u00e4le \u00d876 mm<\/p>\n<\/li>\n<li class=\"\" data-start=\"1513\" data-end=\"1539\">\n<p class=\"\" data-start=\"1515\" data-end=\"1539\">4 Lufteinl\u00e4sse \u00d8350 mm<\/p>\n<\/li>\n<li class=\"\" data-start=\"1542\" data-end=\"1569\">\n<p class=\"\" data-start=\"1544\" data-end=\"1569\">8 Luftausl\u00e4sse \u00d8350 mm<\/p>\n<\/li>\n<\/ul>\n<\/li>\n<li class=\"\" data-start=\"1570\" data-end=\"1662\">\n<p class=\"\" data-start=\"1572\" data-end=\"1662\"><strong data-start=\"1572\" data-end=\"1602\">Stand Alone Design (S.A.)<\/strong> &#8211; steht v\u00f6llig unabh\u00e4ngig, ohne externe Unterst\u00fctzung.<\/p>\n<\/li>\n<\/ul>\n<hr class=\"\" data-start=\"1664\" data-end=\"1667\">\n<h3 class=\"\" data-start=\"1669\" data-end=\"1722\">\ud83c\udf3f Warum sollten Sie sich f\u00fcr die Mammoth Elite S.A. 480L entscheiden?<\/h3>\n<p class=\"\" data-start=\"1723\" data-end=\"2054\">Das <strong data-start=\"1726\" data-end=\"1745\">Elite S.A. 480L<\/strong> geh\u00f6rt zu den Top-End-Zelten von Mammoth, die speziell f\u00fcr optimale Anbauergebnisse entwickelt wurden. Dank des <strong data-start=\"1859\" data-end=\"1891\">hochwertigen 600D Canvas-Gewebes<\/strong> und des patentierten Reflektionssystems wird das gesamte verf\u00fcgbare Licht effizient genutzt, was zu einer gleichm\u00e4\u00dfigen Beleuchtung und einem kr\u00e4ftigen Pflanzenwachstum f\u00fchrt.<\/p>\n<p class=\"\" data-start=\"2056\" data-end=\"2343\">Ob Sie mit 6, 8 oder mehr Lampen arbeiten &#8211; dieses Zelt bietet gen\u00fcgend Platz und Tragf\u00e4higkeit f\u00fcr eine komplette, professionelle Installation. Au\u00dferdem sorgen die ger\u00e4umigen L\u00fcftungs\u00f6ffnungen f\u00fcr ein stabiles Klima mit guter Luftzirkulation, was f\u00fcr gesunde Pflanzen und maximale Ertr\u00e4ge unerl\u00e4sslich ist.<\/p>\n<hr class=\"\" data-start=\"2345\" data-end=\"2348\">\n<h3 class=\"\" data-start=\"2350\" data-end=\"2382\">\ud83d\udd27 Technische Daten:<\/h3>\n<ul data-start=\"2383\" data-end=\"2875\">\n<li class=\"\" data-start=\"2383\" data-end=\"2439\">\n<p class=\"\" data-start=\"2385\" data-end=\"2439\"><strong data-start=\"2385\" data-end=\"2400\">Abmessungen:<\/strong> 240 cm (B) x 480 cm (L) x 225 cm (H)<\/p>\n<\/li>\n<li class=\"\" data-start=\"2440\" data-end=\"2464\">\n<p class=\"\" data-start=\"2442\" data-end=\"2464\"><strong data-start=\"2442\" data-end=\"2453\">Volumen:<\/strong> 25,92 m\u00b3<\/p>\n<\/li>\n<li class=\"\" data-start=\"2465\" data-end=\"2513\">\n<p class=\"\" data-start=\"2467\" data-end=\"2513\"><strong data-start=\"2467\" data-end=\"2487\">Innenmaterial:<\/strong> Reflektierendes 600D Mylar<\/p>\n<\/li>\n<li class=\"\" data-start=\"2514\" data-end=\"2571\">\n<p class=\"\" data-start=\"2516\" data-end=\"2571\"><strong data-start=\"2516\" data-end=\"2526\">Rahmen:<\/strong> Stahlrohre \u00d825,4 mm | Wandst\u00e4rke: 0,5 mm<\/p>\n<\/li>\n<li class=\"\" data-start=\"2572\" data-end=\"2620\">\n<p class=\"\" data-start=\"2574\" data-end=\"2620\"><strong data-start=\"2574\" data-end=\"2590\">Eckst\u00fccke:<\/strong> PP Copolymer &#8211; extra stark<\/p>\n<\/li>\n<li class=\"\" data-start=\"2621\" data-end=\"2661\">\n<p class=\"\" data-start=\"2623\" data-end=\"2661\"><strong data-start=\"2623\" data-end=\"2634\">T\u00fcren:<\/strong> 1 Vordert\u00fcr, 1 Hintert\u00fcr<\/p>\n<\/li>\n<li class=\"\" data-start=\"2662\" data-end=\"2696\">\n<p class=\"\" data-start=\"2664\" data-end=\"2696\"><strong data-start=\"2664\" data-end=\"2684\">Kabeleinf\u00fchrungen:<\/strong> 4x \u00d876 mm<\/p>\n<\/li>\n<li class=\"\" data-start=\"2697\" data-end=\"2729\">\n<p class=\"\" data-start=\"2699\" data-end=\"2729\"><strong data-start=\"2699\" data-end=\"2716\">Lufteinl\u00e4sse:<\/strong> 4x \u00d8350 mm<\/p>\n<\/li>\n<li class=\"\" data-start=\"2730\" data-end=\"2763\">\n<p class=\"\" data-start=\"2732\" data-end=\"2763\"><strong data-start=\"2732\" data-end=\"2750\">Luftausl\u00e4sse:<\/strong> 8x \u00d8350 mm<\/p>\n<\/li>\n<li class=\"\" data-start=\"2764\" data-end=\"2812\">\n<p class=\"\" data-start=\"2766\" data-end=\"2812\"><strong data-start=\"2766\" data-end=\"2780\">Bodenplane:<\/strong> Wasserabweisend, spritzwassergesch\u00fctzt<\/p>\n<\/li>\n<li class=\"\" data-start=\"2813\" data-end=\"2875\">\n<p class=\"\" data-start=\"2815\" data-end=\"2875\"><strong data-start=\"2815\" data-end=\"2827\">Montage:<\/strong> Stand Alone &#8211; kann v\u00f6llig unabh\u00e4ngig verwendet werden<\/p>\n<\/li>\n<\/ul>\n<hr class=\"\" data-start=\"2877\" data-end=\"2880\">\n<h3 class=\"\" data-start=\"2882\" data-end=\"2944\">\ud83c\udf31 Bestellen Sie das Mammoth Elite S.A. 480L bei GreenDiscounter<\/h3>\n<p class=\"\" data-start=\"2945\" data-end=\"3236\">Sind Sie bereit, Ihren Grow Room auf ein professionelles Niveau zu bringen? Die <strong data-start=\"3013\" data-end=\"3040\">Mammoth Elite S.A. 480L<\/strong> bietet alles, was Sie f\u00fcr einen erfolgreichen, kontrollierten Indoor-Anbau ben\u00f6tigen. Bestellen Sie direkt bei <strong data-start=\"3140\" data-end=\"3163\">greendiscounter.com<\/strong> und profitieren Sie von g\u00fcnstigen Preisen, schneller Lieferung und fachkundigem Service.<\/p>\n<p class=\"\" data-start=\"3238\" data-end=\"3361\">\ud83d\udd12 <strong data-start=\"3241\" data-end=\"3284\">F\u00fcr den professionellen und intensiven Gebrauch<\/strong> | \ud83d\ude9a <strong data-start=\"3322\" data-end=\"3361\">Direkt ab Lager lieferbar<\/strong><\/p>\n","protected":false},"excerpt":{"rendered":"<p class=\"\" data-start=\"331\" data-end=\"669\">Das Mammoth Elite S.A. 480L ist die richtige Wahl f\u00fcr ernsthafte Z\u00fcchter oder Profis, die ein robustes, ger\u00e4umiges und langlebiges Grow-Zelt suchen. Mit einer beeindruckenden Gr\u00f6\u00dfe von 240x480x225 cm und einem Gesamtvolumen von nicht weniger als 25,92 m\u00b3 bietet dieses Zelt allen Platz, den Sie f\u00fcr gro\u00df angelegte Indoor-Anbauprojekte ben\u00f6tigen.<\/p>\n","protected":false},"featured_media":25693,"template":"","meta":[],"product_brand":[1054],"product_cat":[484,488,482],"product_tag":[],"class_list":{"0":"post-29277","1":"product","2":"type-product","3":"status-publish","4":"has-post-thumbnail","6":"product_brand-mammoth-tents","7":"product_cat-mammoth-anbauzelte","8":"product_cat-mammut-elite-s-a","9":"product_cat-zelte-anbauen","11":"first","12":"instock","13":"taxable","14":"shipping-taxable","15":"purchasable","16":"product-type-simple"},"_links":{"self":[{"href":"https:\/\/greendisc.dev-project.digital\/de\/wp-json\/wp\/v2\/product\/29277","targetHints":{"allow":["GET"]}}],"collection":[{"href":"https:\/\/greendisc.dev-project.digital\/de\/wp-json\/wp\/v2\/product"}],"about":[{"href":"https:\/\/greendisc.dev-project.digital\/de\/wp-json\/wp\/v2\/types\/product"}],"version-history":[{"count":0,"href":"https:\/\/greendisc.dev-project.digital\/de\/wp-json\/wp\/v2\/product\/29277\/revisions"}],"wp:featuredmedia":[{"embeddable":true,"href":"https:\/\/greendisc.dev-project.digital\/de\/wp-json\/wp\/v2\/media\/25693"}],"wp:attachment":[{"href":"https:\/\/greendisc.dev-project.digital\/de\/wp-json\/wp\/v2\/media?parent=29277"}],"wp:term":[{"taxonomy":"product_brand","embeddable":true,"href":"https:\/\/greendisc.dev-project.digital\/de\/wp-json\/wp\/v2\/product_brand?post=29277"},{"taxonomy":"product_cat","embeddable":true,"href":"https:\/\/greendisc.dev-project.digital\/de\/wp-json\/wp\/v2\/product_cat?post=29277"},{"taxonomy":"product_tag","embeddable":true,"href":"https:\/\/greendisc.dev-project.digital\/de\/wp-json\/wp\/v2\/product_tag?post=29277"}],"curies":[{"name":"wp","href":"https:\/\/api.w.org\/{rel}","templated":true}]}}