 {"id":29224,"date":"2023-11-14T12:29:57","date_gmt":"2023-11-14T11:29:57","guid":{"rendered":"https:\/\/greendisc.dev-project.digital\/\/product\/opticlimate-anschluss-set-fuer-pro3-modelle\/"},"modified":"2024-12-16T09:30:29","modified_gmt":"2024-12-16T08:30:29","slug":"opticlimate-anschluss-set-fuer-pro3-modelle","status":"publish","type":"product","link":"https:\/\/greendisc.dev-project.digital\/de\/produkt\/opticlimate-anschluss-set-fuer-pro3-modelle\/","title":{"rendered":"Opticlimate Anschluss-Set f\u00fcr pro3 Modelle"},"content":{"rendered":"<p>Anschluss-Set f\u00fcr das Opticlimate. W\u00e4hlen Sie das Modell, f\u00fcr das Sie das Anschlussset bestellen m\u00f6chten.<\/p>\n","protected":false},"excerpt":{"rendered":"<p>Anschluss-Set f\u00fcr das Opticlimate. W\u00e4hlen Sie das Modell, f\u00fcr das Sie das Anschlussset bestellen m\u00f6chten.<\/p>\n","protected":false},"featured_media":25973,"template":"","meta":[],"product_brand":[1039],"product_cat":[350,351,353],"product_tag":[],"class_list":{"0":"post-29224","1":"product","2":"type-product","3":"status-publish","4":"has-post-thumbnail","6":"product_brand-opticlimate","7":"product_cat-aeronautik","8":"product_cat-opticlimate-de","9":"product_cat-opticlimate-ersatzteile","11":"first","12":"instock","13":"taxable","14":"shipping-taxable","15":"purchasable","16":"product-type-variable","17":"has-default-attributes"},"_links":{"self":[{"href":"https:\/\/greendisc.dev-project.digital\/de\/wp-json\/wp\/v2\/product\/29224","targetHints":{"allow":["GET"]}}],"collection":[{"href":"https:\/\/greendisc.dev-project.digital\/de\/wp-json\/wp\/v2\/product"}],"about":[{"href":"https:\/\/greendisc.dev-project.digital\/de\/wp-json\/wp\/v2\/types\/product"}],"version-history":[{"count":0,"href":"https:\/\/greendisc.dev-project.digital\/de\/wp-json\/wp\/v2\/product\/29224\/revisions"}],"wp:featuredmedia":[{"embeddable":true,"href":"https:\/\/greendisc.dev-project.digital\/de\/wp-json\/wp\/v2\/media\/25973"}],"wp:attachment":[{"href":"https:\/\/greendisc.dev-project.digital\/de\/wp-json\/wp\/v2\/media?parent=29224"}],"wp:term":[{"taxonomy":"product_brand","embeddable":true,"href":"https:\/\/greendisc.dev-project.digital\/de\/wp-json\/wp\/v2\/product_brand?post=29224"},{"taxonomy":"product_cat","embeddable":true,"href":"https:\/\/greendisc.dev-project.digital\/de\/wp-json\/wp\/v2\/product_cat?post=29224"},{"taxonomy":"product_tag","embeddable":true,"href":"https:\/\/greendisc.dev-project.digital\/de\/wp-json\/wp\/v2\/product_tag?post=29224"}],"curies":[{"name":"wp","href":"https:\/\/api.w.org\/{rel}","templated":true}]}}