 {"id":29223,"date":"2023-11-14T12:29:54","date_gmt":"2023-11-14T11:29:54","guid":{"rendered":"https:\/\/greendisc.dev-project.digital\/\/product\/opticlimate-6000-pro3\/"},"modified":"2024-12-16T09:30:28","modified_gmt":"2024-12-16T08:30:28","slug":"opticlimate-6000-pro3","status":"publish","type":"product","link":"https:\/\/greendisc.dev-project.digital\/de\/produkt\/opticlimate-6000-pro3\/","title":{"rendered":"Opticlimate 6000 pro3"},"content":{"rendered":"<p><meta charset=\"utf-8\"><\/p>\n<div data-mce-fragment=\"1\">OptiClimate 6000 PRO3 wassergek\u00fchltes Klimager\u00e4t. Das OptiClimate 6000 PRO 3 f\u00fcr perfekte Klimakontrolle hat eine K\u00fchlleistung von 6 kW. Der OptiClimate 6000 PRO 3 verbraucht 2 bis 4 Liter Wasser pro Stunde und verf\u00fcgt \u00fcber 3x1500W Heizelemente.<br data-mce-fragment=\"1\"> <\/div>\n<ul class=\"product-details-list\" data-mce-fragment=\"1\">\n<li data-mce-fragment=\"1\">\n<strong data-mce-fragment=\"1\">Name<\/strong>: OptiClimate 6000 PRO3<\/li>\n<li data-mce-fragment=\"1\">\n<strong data-mce-fragment=\"1\">K\u00fchlleistung<\/strong>: 6 kW<\/li>\n<li data-mce-fragment=\"1\">\n<strong data-mce-fragment=\"1\">Abmessungen<\/strong>: 115 x 53 x 43  <\/li>\n<li data-mce-fragment=\"1\">\n<strong data-mce-fragment=\"1\">Gewicht<\/strong>: 80 kg<\/li>\n<li data-mce-fragment=\"1\">\n<strong data-mce-fragment=\"1\">Wasserverbrauch<\/strong>: 2 bis 4 Liter pro Minute<\/li>\n<li data-mce-fragment=\"1\">\n<strong data-mce-fragment=\"1\">Spannung<\/strong>: 230V<\/li>\n<li data-mce-fragment=\"1\">\n<strong data-mce-fragment=\"1\">Anschluss<\/strong>: 1 Phase 3&#215;2,5 mm\u00b2 + D16-1F Schutzschalter<\/li>\n<li data-mce-fragment=\"1\">\n<strong data-mce-fragment=\"1\">Heizelemente<\/strong>: 3x1500W<\/li>\n<li data-mce-fragment=\"1\">\n<strong data-mce-fragment=\"1\">Phase<\/strong>: 1 &#8211; 3<\/li>\n<li data-mce-fragment=\"1\">\n<strong data-mce-fragment=\"1\">Splitger\u00e4t:<\/strong>Nein<\/li>\n<li data-mce-fragment=\"1\">\n<strong data-mce-fragment=\"1\">Erweiterte Reichweite<\/strong>: nein<\/li>\n<\/ul>\n","protected":false},"excerpt":{"rendered":"<p>OptiClimate 6000 PRO3 wassergek\u00fchltes Klimager\u00e4t. Das OptiClimate 6000 PRO 3 f\u00fcr perfekte Klimakontrolle hat eine K\u00fchlleistung von 6 kW. Der OptiClimate 6000 PRO 3 verbraucht 2 bis 4 Liter Wasser pro Stunde und verf\u00fcgt \u00fcber 3x1500W Heizelemente.<\/p>\n","protected":false},"featured_media":25967,"template":"","meta":[],"product_brand":[1039],"product_cat":[350,351,477],"product_tag":[],"class_list":{"0":"post-29223","1":"product","2":"type-product","3":"status-publish","4":"has-post-thumbnail","6":"product_brand-opticlimate","7":"product_cat-aeronautik","8":"product_cat-opticlimate-de","9":"product_cat-opticlimate-pro3-4-de","11":"first","12":"instock","13":"taxable","14":"shipping-taxable","15":"purchasable","16":"product-type-simple"},"_links":{"self":[{"href":"https:\/\/greendisc.dev-project.digital\/de\/wp-json\/wp\/v2\/product\/29223","targetHints":{"allow":["GET"]}}],"collection":[{"href":"https:\/\/greendisc.dev-project.digital\/de\/wp-json\/wp\/v2\/product"}],"about":[{"href":"https:\/\/greendisc.dev-project.digital\/de\/wp-json\/wp\/v2\/types\/product"}],"version-history":[{"count":0,"href":"https:\/\/greendisc.dev-project.digital\/de\/wp-json\/wp\/v2\/product\/29223\/revisions"}],"wp:featuredmedia":[{"embeddable":true,"href":"https:\/\/greendisc.dev-project.digital\/de\/wp-json\/wp\/v2\/media\/25967"}],"wp:attachment":[{"href":"https:\/\/greendisc.dev-project.digital\/de\/wp-json\/wp\/v2\/media?parent=29223"}],"wp:term":[{"taxonomy":"product_brand","embeddable":true,"href":"https:\/\/greendisc.dev-project.digital\/de\/wp-json\/wp\/v2\/product_brand?post=29223"},{"taxonomy":"product_cat","embeddable":true,"href":"https:\/\/greendisc.dev-project.digital\/de\/wp-json\/wp\/v2\/product_cat?post=29223"},{"taxonomy":"product_tag","embeddable":true,"href":"https:\/\/greendisc.dev-project.digital\/de\/wp-json\/wp\/v2\/product_tag?post=29223"}],"curies":[{"name":"wp","href":"https:\/\/api.w.org\/{rel}","templated":true}]}}