 {"id":29219,"date":"2023-11-14T12:29:53","date_gmt":"2023-11-14T11:29:53","guid":{"rendered":"https:\/\/greendisc.dev-project.digital\/\/product\/opticlimate-3500-pro3\/"},"modified":"2024-12-16T09:30:27","modified_gmt":"2024-12-16T08:30:27","slug":"opticlimate-3500-pro3","status":"publish","type":"product","link":"https:\/\/greendisc.dev-project.digital\/de\/produkt\/opticlimate-3500-pro3\/","title":{"rendered":"Opticlimate 3500 pro3"},"content":{"rendered":"<p><meta charset=\"utf-8\"><span data-mce-fragment=\"1\">OptiClimate 3500 PRO3 wassergek\u00fchltes Klimager\u00e4t. Das OptiClimate 3500 PRO 3 f\u00fcr perfekte Klimakontrolle hat eine K\u00fchlleistung von 3,5 kW. Der OptiClimate 3500 PRO 3 verbraucht 1-2 Liter Wasser pro Stunde und hat 2x1500W Heizelemente.<\/span><br data-mce-fragment=\"1\"><br data-mce-fragment=\"1\"><\/p>\n<ul class=\"product-details-list\" data-mce-fragment=\"1\">\n<li data-mce-fragment=\"1\">\n<strong data-mce-fragment=\"1\">Name<\/strong>: OptiClimate 3500 PRO3<\/li>\n<li data-mce-fragment=\"1\">\n<strong data-mce-fragment=\"1\">K\u00fchlleistung<\/strong>: 3,5 kW<\/li>\n<li data-mce-fragment=\"1\">\n<strong data-mce-fragment=\"1\">Abmessungen<\/strong>: 100 x 50 x 42<\/li>\n<li data-mce-fragment=\"1\">\n<strong data-mce-fragment=\"1\">Gewicht<\/strong>: 57 kg<\/li>\n<li data-mce-fragment=\"1\">\n<strong data-mce-fragment=\"1\">Wasserverbrauch<\/strong>: 1 bis 2 Liter pro Minute<\/li>\n<li data-mce-fragment=\"1\">\n<strong data-mce-fragment=\"1\">Leistungsaufnahme<\/strong>: 740W<\/li>\n<li data-mce-fragment=\"1\">\n<strong data-mce-fragment=\"1\">Spannung<\/strong>: 230V<\/li>\n<li data-mce-fragment=\"1\">\n<strong data-mce-fragment=\"1\">Anschluss<\/strong>: 1 Phase 3&#215;2,5 mm\u00b2 + Schutzschalter D16-1F<\/li>\n<li data-mce-fragment=\"1\">\n<strong data-mce-fragment=\"1\">Heizelemente<\/strong>: 2x1500W<\/li>\n<li data-mce-fragment=\"1\">\n<strong data-mce-fragment=\"1\">Phase<\/strong>: 1 &#8211; 2<\/li>\n<li data-mce-fragment=\"1\">\n<strong data-mce-fragment=\"1\">Split-Ger\u00e4t<\/strong>: Nein<\/li>\n<li data-mce-fragment=\"1\">\n<strong data-mce-fragment=\"1\">Erweiterte Reichweite<\/strong>: nein<\/li>\n<\/ul>\n","protected":false},"excerpt":{"rendered":"<p>OptiClimate 3500 PRO3 wassergek\u00fchltes Klimager\u00e4t. Das OptiClimate 3500 PRO 3 f\u00fcr perfekte Klimakontrolle hat eine K\u00fchlleistung von 3,5 kW. Der OptiClimate 3500 PRO 3 verbraucht 1-2 Liter Wasser pro Stunde und hat 2x1500W Heizelemente.<\/p>\n","protected":false},"featured_media":25961,"template":"","meta":[],"product_brand":[1039],"product_cat":[350,351,477],"product_tag":[],"class_list":{"0":"post-29219","1":"product","2":"type-product","3":"status-publish","4":"has-post-thumbnail","6":"product_brand-opticlimate","7":"product_cat-aeronautik","8":"product_cat-opticlimate-de","9":"product_cat-opticlimate-pro3-4-de","11":"first","12":"instock","13":"taxable","14":"shipping-taxable","15":"purchasable","16":"product-type-simple"},"_links":{"self":[{"href":"https:\/\/greendisc.dev-project.digital\/de\/wp-json\/wp\/v2\/product\/29219","targetHints":{"allow":["GET"]}}],"collection":[{"href":"https:\/\/greendisc.dev-project.digital\/de\/wp-json\/wp\/v2\/product"}],"about":[{"href":"https:\/\/greendisc.dev-project.digital\/de\/wp-json\/wp\/v2\/types\/product"}],"version-history":[{"count":0,"href":"https:\/\/greendisc.dev-project.digital\/de\/wp-json\/wp\/v2\/product\/29219\/revisions"}],"wp:featuredmedia":[{"embeddable":true,"href":"https:\/\/greendisc.dev-project.digital\/de\/wp-json\/wp\/v2\/media\/25961"}],"wp:attachment":[{"href":"https:\/\/greendisc.dev-project.digital\/de\/wp-json\/wp\/v2\/media?parent=29219"}],"wp:term":[{"taxonomy":"product_brand","embeddable":true,"href":"https:\/\/greendisc.dev-project.digital\/de\/wp-json\/wp\/v2\/product_brand?post=29219"},{"taxonomy":"product_cat","embeddable":true,"href":"https:\/\/greendisc.dev-project.digital\/de\/wp-json\/wp\/v2\/product_cat?post=29219"},{"taxonomy":"product_tag","embeddable":true,"href":"https:\/\/greendisc.dev-project.digital\/de\/wp-json\/wp\/v2\/product_tag?post=29219"}],"curies":[{"name":"wp","href":"https:\/\/api.w.org\/{rel}","templated":true}]}}