 {"id":29209,"date":"2023-11-14T12:29:47","date_gmt":"2023-11-14T11:29:47","guid":{"rendered":"https:\/\/greendisc.dev-project.digital\/\/product\/opticlimate-10-000-pro3\/"},"modified":"2024-12-16T09:30:24","modified_gmt":"2024-12-16T08:30:24","slug":"opticlimate-10-000-pro3","status":"publish","type":"product","link":"https:\/\/greendisc.dev-project.digital\/de\/produkt\/opticlimate-10-000-pro3\/","title":{"rendered":"Opticlimate 10.000 pro3"},"content":{"rendered":"<p><meta charset=\"utf-8\"><span data-mce-fragment=\"1\">OptiClimate 10000 PRO3 wassergek\u00fchltes Klimager\u00e4t. Das OptiClimate 10000 PRO 3 f\u00fcr perfekte Klimakontrolle hat eine K\u00fchlleistung von 10 kW. Der OptiClimate 10000 PRO 3 verbraucht 3-6 Liter Wasser pro Stunde und verf\u00fcgt \u00fcber 3x2000W Heizelemente.<\/span><br data-mce-fragment=\"1\"><br data-mce-fragment=\"1\"><\/p>\n<ul class=\"product-details-list\" data-mce-fragment=\"1\">\n<li data-mce-fragment=\"1\">\n<strong data-mce-fragment=\"1\">Name<\/strong>: OptiClimate 10000 PRO3<\/li>\n<li data-mce-fragment=\"1\">\n<strong data-mce-fragment=\"1\">K\u00fchlleistung<\/strong>: 10 kW<\/li>\n<li data-mce-fragment=\"1\">\n<strong data-mce-fragment=\"1\">Abmessungen<\/strong>: 115 x 56 x 50<\/li>\n<li data-mce-fragment=\"1\">\n<strong data-mce-fragment=\"1\">Gewicht<\/strong>: 120 kg<\/li>\n<li data-mce-fragment=\"1\">\n<strong data-mce-fragment=\"1\">Wasserverbrauch<\/strong>: 3 bis 6 Liter pro Minute<\/li>\n<li data-mce-fragment=\"1\">\n<strong data-mce-fragment=\"1\">Leistungsaufnahme<\/strong>: 2150W<\/li>\n<li data-mce-fragment=\"1\">\n<strong data-mce-fragment=\"1\">Spannung<\/strong>: 230V &#8211; 400V<\/li>\n<li data-mce-fragment=\"1\">\n<strong data-mce-fragment=\"1\">Anschluss<\/strong>: 1 Phase 3&#215;4 mm\u00b2 + D35-1F Schutzschalter oder 3 Phase 5&#215;2,5mm\u00b2 &#8211; D20-3F Schutzschalter  <\/li>\n<li data-mce-fragment=\"1\">\n<strong data-mce-fragment=\"1\">Heizelemente<\/strong>: 3x2000W<\/li>\n<li data-mce-fragment=\"1\">\n<strong data-mce-fragment=\"1\">Phase<\/strong>: 1 &#8211; 3<\/li>\n<li data-mce-fragment=\"1\">\n<strong data-mce-fragment=\"1\">Split-Ger\u00e4t<\/strong>: Nein<\/li>\n<li data-mce-fragment=\"1\">\n<strong data-mce-fragment=\"1\">Erweiterte Reichweite<\/strong>: nein<\/li>\n<\/ul>\n","protected":false},"excerpt":{"rendered":"<p>OptiClimate 10000 PRO3 wassergek\u00fchltes Klimager\u00e4t. Das OptiClimate 10000 PRO 3 f\u00fcr perfekte Klimakontrolle hat eine K\u00fchlleistung von 10 kW.<\/p>\n","protected":false},"featured_media":25943,"template":"","meta":[],"product_brand":[1039],"product_cat":[350,351,477],"product_tag":[],"class_list":{"0":"post-29209","1":"product","2":"type-product","3":"status-publish","4":"has-post-thumbnail","6":"product_brand-opticlimate","7":"product_cat-aeronautik","8":"product_cat-opticlimate-de","9":"product_cat-opticlimate-pro3-4-de","11":"first","12":"instock","13":"taxable","14":"shipping-taxable","15":"purchasable","16":"product-type-simple"},"_links":{"self":[{"href":"https:\/\/greendisc.dev-project.digital\/de\/wp-json\/wp\/v2\/product\/29209","targetHints":{"allow":["GET"]}}],"collection":[{"href":"https:\/\/greendisc.dev-project.digital\/de\/wp-json\/wp\/v2\/product"}],"about":[{"href":"https:\/\/greendisc.dev-project.digital\/de\/wp-json\/wp\/v2\/types\/product"}],"version-history":[{"count":0,"href":"https:\/\/greendisc.dev-project.digital\/de\/wp-json\/wp\/v2\/product\/29209\/revisions"}],"wp:featuredmedia":[{"embeddable":true,"href":"https:\/\/greendisc.dev-project.digital\/de\/wp-json\/wp\/v2\/media\/25943"}],"wp:attachment":[{"href":"https:\/\/greendisc.dev-project.digital\/de\/wp-json\/wp\/v2\/media?parent=29209"}],"wp:term":[{"taxonomy":"product_brand","embeddable":true,"href":"https:\/\/greendisc.dev-project.digital\/de\/wp-json\/wp\/v2\/product_brand?post=29209"},{"taxonomy":"product_cat","embeddable":true,"href":"https:\/\/greendisc.dev-project.digital\/de\/wp-json\/wp\/v2\/product_cat?post=29209"},{"taxonomy":"product_tag","embeddable":true,"href":"https:\/\/greendisc.dev-project.digital\/de\/wp-json\/wp\/v2\/product_tag?post=29209"}],"curies":[{"name":"wp","href":"https:\/\/api.w.org\/{rel}","templated":true}]}}