 {"id":29206,"date":"2023-11-14T12:29:49","date_gmt":"2023-11-14T11:29:49","guid":{"rendered":"https:\/\/greendisc.dev-project.digital\/\/product\/opticlimate-15-000-pro3\/"},"modified":"2024-12-16T09:30:23","modified_gmt":"2024-12-16T08:30:23","slug":"opticlimate-15-000-pro3","status":"publish","type":"product","link":"https:\/\/greendisc.dev-project.digital\/de\/produkt\/opticlimate-15-000-pro3\/","title":{"rendered":"Opticlimate 15.000 pro3"},"content":{"rendered":"<p><meta charset=\"utf-8\"><\/p>\n<div data-mce-fragment=\"1\">OptiClimate 15000 PRO3 wassergek\u00fchltes Klimager\u00e4t. Das OptiClimate 15000 PRO 3 f\u00fcr perfekte Klimakontrolle hat eine K\u00fchlleistung von 15 kW. Der OptiClimate 15000 PRO 3 verbraucht 5-9 Liter Wasser pro Minute und verf\u00fcgt \u00fcber 3x2700W Heizelemente.<br data-mce-fragment=\"1\"><br data-mce-fragment=\"1\">\n<\/div>\n<div data-mce-fragment=\"1\">\n<ul class=\"product-details-list\" data-mce-fragment=\"1\">\n<li data-mce-fragment=\"1\">\n<strong data-mce-fragment=\"1\">Name<\/strong>: OptiClimate 15000 PRO3<\/li>\n<li data-mce-fragment=\"1\">\n<strong data-mce-fragment=\"1\">K\u00fchlleistung<\/strong>: 15 kW<\/li>\n<li data-mce-fragment=\"1\">\n<strong data-mce-fragment=\"1\">Abmessungen<\/strong>: 121 x 70 x 54  <\/li>\n<li data-mce-fragment=\"1\">\n<strong data-mce-fragment=\"1\">Gewicht<\/strong>: 160 kg<\/li>\n<li data-mce-fragment=\"1\">\n<strong data-mce-fragment=\"1\">Wasserverbrauch<\/strong>: 5 bis 9 Liter pro Minute<\/li>\n<li data-mce-fragment=\"1\">\n<strong data-mce-fragment=\"1\">Leistungsaufnahme<\/strong>: 3100W<\/li>\n<li data-mce-fragment=\"1\">\n<strong data-mce-fragment=\"1\">Spannung<\/strong>: 400V<\/li>\n<li data-mce-fragment=\"1\">\n<strong data-mce-fragment=\"1\">Anschluss<\/strong>: 3 Phasen 5&#215;4 mm\u00b2 + D25-3F Schutzschalter  <\/li>\n<li data-mce-fragment=\"1\">\n<strong data-mce-fragment=\"1\">Heizelemente<\/strong>: 3x2700W<\/li>\n<li data-mce-fragment=\"1\">\n<strong data-mce-fragment=\"1\">Stufe<\/strong>: 3<\/li>\n<li data-mce-fragment=\"1\">\n<strong data-mce-fragment=\"1\">Split-Ger\u00e4t<\/strong>: Nein<\/li>\n<li data-mce-fragment=\"1\">\n<strong data-mce-fragment=\"1\">Erweiterte Reichweite<\/strong>: nein<\/li>\n<\/ul>\n<\/div>\n","protected":false},"excerpt":{"rendered":"<p>OptiClimate 15000 PRO3 wassergek\u00fchltes Klimager\u00e4t. Das OptiClimate 15000 PRO 3 f\u00fcr perfekte Klimakontrolle hat eine K\u00fchlleistung von 15 kW.<\/p>\n","protected":false},"featured_media":25949,"template":"","meta":[],"product_brand":[1039],"product_cat":[350,351,477],"product_tag":[],"class_list":{"0":"post-29206","1":"product","2":"type-product","3":"status-publish","4":"has-post-thumbnail","6":"product_brand-opticlimate","7":"product_cat-aeronautik","8":"product_cat-opticlimate-de","9":"product_cat-opticlimate-pro3-4-de","11":"first","12":"instock","13":"taxable","14":"shipping-taxable","15":"purchasable","16":"product-type-simple"},"_links":{"self":[{"href":"https:\/\/greendisc.dev-project.digital\/de\/wp-json\/wp\/v2\/product\/29206","targetHints":{"allow":["GET"]}}],"collection":[{"href":"https:\/\/greendisc.dev-project.digital\/de\/wp-json\/wp\/v2\/product"}],"about":[{"href":"https:\/\/greendisc.dev-project.digital\/de\/wp-json\/wp\/v2\/types\/product"}],"version-history":[{"count":0,"href":"https:\/\/greendisc.dev-project.digital\/de\/wp-json\/wp\/v2\/product\/29206\/revisions"}],"wp:featuredmedia":[{"embeddable":true,"href":"https:\/\/greendisc.dev-project.digital\/de\/wp-json\/wp\/v2\/media\/25949"}],"wp:attachment":[{"href":"https:\/\/greendisc.dev-project.digital\/de\/wp-json\/wp\/v2\/media?parent=29206"}],"wp:term":[{"taxonomy":"product_brand","embeddable":true,"href":"https:\/\/greendisc.dev-project.digital\/de\/wp-json\/wp\/v2\/product_brand?post=29206"},{"taxonomy":"product_cat","embeddable":true,"href":"https:\/\/greendisc.dev-project.digital\/de\/wp-json\/wp\/v2\/product_cat?post=29206"},{"taxonomy":"product_tag","embeddable":true,"href":"https:\/\/greendisc.dev-project.digital\/de\/wp-json\/wp\/v2\/product_tag?post=29206"}],"curies":[{"name":"wp","href":"https:\/\/api.w.org\/{rel}","templated":true}]}}