 {"id":29139,"date":"2023-11-14T12:32:20","date_gmt":"2023-11-14T11:32:20","guid":{"rendered":"https:\/\/greendisc.dev-project.digital\/\/product\/spider-farmer-se-5000-480w-led-anbauleuchte\/"},"modified":"2024-12-16T09:29:55","modified_gmt":"2024-12-16T08:29:55","slug":"spider-farmer-se-5000-480w-led-anbauleuchte","status":"publish","type":"product","link":"https:\/\/greendisc.dev-project.digital\/de\/produkt\/spider-farmer-se-5000-480w-led-anbauleuchte\/","title":{"rendered":"Spider Farmer SE-5000 480W LED-Anbauleuchte"},"content":{"rendered":"<p>Entdecken Sie die Kraft des Indoor-Anbaus mit dem Spider Farmer SE5000 LED-Growlight, dem neuesten Modell von Spider Farmer. Dieses Modell wurde speziell entwickelt, um gro\u00dfartige Ergebnisse beim Indoor-Anbau zu erzielen. Das schlichte Design des SE5000 tut seiner Leistung keinen Abbruch. Im Gegenteil, Spider Farmer hat dieses Grow-Licht mit den neuesten Samsung-LEDs der h\u00f6chsten Qualit\u00e4t auf dem Markt ausgestattet. Es ist daher nicht verwunderlich, dass viele Z\u00fcchter mit den Spider Farmer LED-Leuchten hohe Ertr\u00e4ge erzielen.<\/p>\n<p>Der Spider Farmer SE5000 ist hocheffizient und hat einen tats\u00e4chlichen Verbrauch von 480 Watt bei einer Effizienz von 2,75 \u00b5mol\/J. Dank des hochwertigen Meanwell-Treibers und der neuesten Samsung LM301B-LEDs kann dieses LED-Grow-Licht eine h\u00f6here Effizienz erreichen und mit weniger Watt mehr Ertrag erzeugen. Der SE5000 kann f\u00fcr eine Fl\u00e4che von 90x90cm verwendet werden.  <\/p>\n<p>Der Spider Farmer SE5000 ist au\u00dferdem leise, dimmbar und schaltbar. Dank der passiven K\u00fchlung ben\u00f6tigt dieses LED-Bar-Growlight keine zus\u00e4tzliche Bel\u00fcftung zur K\u00fchlung der LEDs, so dass die gesamte Energie in nutzbares Licht f\u00fcr die Pflanzen umgewandelt werden kann. Mit der Steuereinheit von Spider Farmer k\u00f6nnen mehrere SE5000 LED-Growlampen mit dem mitgelieferten RJ45-Kabel miteinander verbunden werden, so dass alle Lampen gleichzeitig gesteuert und die Einstellungen einfach angepasst werden k\u00f6nnen.<\/p>\n<p>Das SE5000 LED-Growlight verf\u00fcgt au\u00dferdem \u00fcber eine Dimmfunktion, mit der Sie die Lichtintensit\u00e4t ganz einfach an die Bed\u00fcrfnisse Ihrer Pflanzen anpassen k\u00f6nnen. Durch den Einsatz neuester Technologien ist es Spider Farmer gelungen, ein nat\u00fcrliches wei\u00dfes Spektrum zu schaffen, das Ihren Pflanzen zu einem sch\u00f6neren und ges\u00fcnderen Wachstum verhilft. Dies steht im Gegensatz zu den altmodischen violetten Lichtern und HPS-Zuchtlampen, die von den hocheffizienten und sicheren Vollspektrum-LED-Zuchtlampen \u00fcberholt wurden.<\/p>\n<p>Die Spider Farmer LEDs verf\u00fcgen \u00fcber verschiedene wei\u00dfe LEDs, n\u00e4mlich 3000K und 5000K, sowie 660nm tiefrote LEDs und 760nm infrarote LEDs, um die Bl\u00fcte zus\u00e4tzlich zu stimulieren. Dank dieser Lichtfarben ist der Spider Farmer SE5000 f\u00fcr alle Wachstumsstadien jeder Pflanze geeignet!<\/p>\n<p>Steigern Sie Ihre Ertr\u00e4ge und maximieren Sie Ihre Ergebnisse mit dem Spider Farmer SE5000 LED-Growlight. Bestellen Sie jetzt und genie\u00dfen Sie die Vorteile dieses hochwertigen LED-Wachstumslichts!<\/p>\n<h3><strong data-redactor-tag=\"strong\">Was erhalten Sie mit Ihrem Kauf?<\/strong><\/h3>\n<ul>\n<li><strong data-redactor-tag=\"strong\">2x Aufh\u00e4ngungshaken aus Edelstahl<\/strong><\/li>\n<li><strong data-redactor-tag=\"strong\">1x Stromkabel (2 Meter) + RJ45-Kabel<\/strong><\/li>\n<li><strong data-redactor-tag=\"strong\">2x verstellbare Seilaufh\u00e4nger<\/strong><\/li>\n<li><strong data-redactor-tag=\"strong\">1x Benutzerhandbuch f\u00fcr die Installation<\/strong><\/li>\n<li><strong data-redactor-tag=\"strong\">1x Spider Farmer SE5000 LED-Anbauleuchte<\/strong><\/li>\n<\/ul>\n","protected":false},"excerpt":{"rendered":"<p>Entdecken Sie die Kraft des Indoor-Anbaus mit dem Spider Farmer SE5000 LED-Growlight, dem neuesten Modell von Spider Farmer. Dieses Modell wurde speziell entwickelt, um gro\u00dfartige Ergebnisse beim Indoor-Anbau zu erzielen.<\/p>\n","protected":false},"featured_media":26309,"template":"","meta":[],"product_brand":[],"product_cat":[337,470,355],"product_tag":[],"class_list":{"0":"post-29139","1":"product","2":"type-product","3":"status-publish","4":"has-post-thumbnail","6":"product_cat-beleuchtung","7":"product_cat-led-spider-farmer-de","8":"product_cat-led-leuchten","10":"first","11":"onbackorder","12":"taxable","13":"shipping-taxable","14":"purchasable","15":"product-type-simple"},"_links":{"self":[{"href":"https:\/\/greendisc.dev-project.digital\/de\/wp-json\/wp\/v2\/product\/29139","targetHints":{"allow":["GET"]}}],"collection":[{"href":"https:\/\/greendisc.dev-project.digital\/de\/wp-json\/wp\/v2\/product"}],"about":[{"href":"https:\/\/greendisc.dev-project.digital\/de\/wp-json\/wp\/v2\/types\/product"}],"version-history":[{"count":0,"href":"https:\/\/greendisc.dev-project.digital\/de\/wp-json\/wp\/v2\/product\/29139\/revisions"}],"wp:featuredmedia":[{"embeddable":true,"href":"https:\/\/greendisc.dev-project.digital\/de\/wp-json\/wp\/v2\/media\/26309"}],"wp:attachment":[{"href":"https:\/\/greendisc.dev-project.digital\/de\/wp-json\/wp\/v2\/media?parent=29139"}],"wp:term":[{"taxonomy":"product_brand","embeddable":true,"href":"https:\/\/greendisc.dev-project.digital\/de\/wp-json\/wp\/v2\/product_brand?post=29139"},{"taxonomy":"product_cat","embeddable":true,"href":"https:\/\/greendisc.dev-project.digital\/de\/wp-json\/wp\/v2\/product_cat?post=29139"},{"taxonomy":"product_tag","embeddable":true,"href":"https:\/\/greendisc.dev-project.digital\/de\/wp-json\/wp\/v2\/product_tag?post=29139"}],"curies":[{"name":"wp","href":"https:\/\/api.w.org\/{rel}","templated":true}]}}