 {"id":29136,"date":"2023-11-14T12:27:42","date_gmt":"2023-11-14T11:27:42","guid":{"rendered":"https:\/\/greendisc.dev-project.digital\/\/product\/lumenking-led-630-watt\/"},"modified":"2024-12-16T09:29:55","modified_gmt":"2024-12-16T08:29:55","slug":"lumenking-led-630-watt","status":"publish","type":"product","link":"https:\/\/greendisc.dev-project.digital\/de\/produkt\/lumenking-led-630-watt\/","title":{"rendered":"LumenKing LED 630 Watt"},"content":{"rendered":"<p><meta charset=\"utf-8\"><\/p>\n<p>Mit dem Lumen King LED-Growlight erhalten Sie ein ein Quadratmeter gro\u00dfes Plug &amp; Play-Vollspektrum-LED-Panel, das sowohl im kommerziellen als auch im Hobbybereich eingesetzt wird. Da dieses Panel praktisch keine W\u00e4rme abgibt, hat es auch keine L\u00fcfter, die unn\u00f6tigen L\u00e4rm verursachen. Bei der Entwicklung dieses Panels wurde an alles gedacht. Dank seines ultrad\u00fcnnen Designs, das sich auch zusammenklappen l\u00e4sst, ist es sehr leicht zu transportieren.<\/p>\n<p>Zusammengeklappt misst das Lumen King LED-Panel: 102 x 100x 8 cm<\/p>\n<h3>BENEFITS<\/h3>\n<ul>\n<li>Hohe Effektivit\u00e4t<\/li>\n<li>Volles Spektrum<\/li>\n<li>Kein L\u00fcfter, kein L\u00e4rm<\/li>\n<li>Ultra-schlankes Design<\/li>\n<li>Reduzierter Stromverbrauch<\/li>\n<li>Professionelle Anwendungen f\u00fcr den gewerblichen und den Hobbybereich<\/li>\n<li>Hohe PPF-Leistung<\/li>\n<li>50000 Brennstunden<\/li>\n<li>Plug &amp; Play<\/li>\n<li>Zusammenklappbares Design<\/li>\n<li>0-10V Dimm-Signal<\/li>\n<\/ul>\n<h3>ERSATZTEILE VON PROFESSIONELLEN MARKEN<\/h3>\n<p>Die von Lumen King verwendeten Dioden stammen von Samsung und Osram\/Cree mit Treibern von Sosen\/MeanWell. Dank dieser Qualit\u00e4tsdioden ist dieses Panel f\u00fcr eine Brenndauer von 50.000 Stunden ausgelegt.<\/p>\n<p>SPEZIFIKATIONEN<\/p>\n<ul>\n<li>Gr\u00f6\u00dfe der Produkte: 102 x 100x 8 cm<\/li>\n<li>Spektrum: Vollspektrum<\/li>\n<li>1700 umol \/ s<\/li>\n<li>Eingangsspannung: 120-277v<\/li>\n<li>Eingangsleistung: 630W<\/li>\n<li>Wirksamkeit: 2.6umol\/J<\/li>\n<li>Montageh\u00f6he: 30 bis 60 cm \u00fcber Ihrer Ernte.<\/li>\n<li>W\u00e4rmeableitung: passiv<\/li>\n<li>Dimmen: 0-10V Controller oder Taste<\/li>\n<li>Abstrahlwinkel: 120 Grad<\/li>\n<li>Zertifizierungen: ETL\/DLC\/UL<\/li>\n<li>Dioden Marke: Samsung + Osram\/Cree<\/li>\n<li>Marke des Treibers: Sosen\/MeanWell<\/li>\n<li>IP Schutzart: IP65<\/li>\n<\/ul>\n","protected":false},"excerpt":{"rendered":"<p>Mit dem Lumen King LED-Growlight erhalten Sie ein ein Quadratmeter gro\u00dfes Plug &amp; Play-Vollspektrum-LED-Panel, das sowohl im kommerziellen als auch im Hobbybereich eingesetzt wird. <\/p>\n","protected":false},"featured_media":25671,"template":"","meta":[],"product_brand":[],"product_cat":[337,355,467],"product_tag":[],"class_list":{"0":"post-29136","1":"product","2":"type-product","3":"status-publish","4":"has-post-thumbnail","6":"product_cat-beleuchtung","7":"product_cat-led-leuchten","8":"product_cat-led-lumenking-de","10":"first","11":"instock","12":"sale","13":"taxable","14":"shipping-taxable","15":"purchasable","16":"product-type-simple"},"_links":{"self":[{"href":"https:\/\/greendisc.dev-project.digital\/de\/wp-json\/wp\/v2\/product\/29136","targetHints":{"allow":["GET"]}}],"collection":[{"href":"https:\/\/greendisc.dev-project.digital\/de\/wp-json\/wp\/v2\/product"}],"about":[{"href":"https:\/\/greendisc.dev-project.digital\/de\/wp-json\/wp\/v2\/types\/product"}],"version-history":[{"count":0,"href":"https:\/\/greendisc.dev-project.digital\/de\/wp-json\/wp\/v2\/product\/29136\/revisions"}],"wp:featuredmedia":[{"embeddable":true,"href":"https:\/\/greendisc.dev-project.digital\/de\/wp-json\/wp\/v2\/media\/25671"}],"wp:attachment":[{"href":"https:\/\/greendisc.dev-project.digital\/de\/wp-json\/wp\/v2\/media?parent=29136"}],"wp:term":[{"taxonomy":"product_brand","embeddable":true,"href":"https:\/\/greendisc.dev-project.digital\/de\/wp-json\/wp\/v2\/product_brand?post=29136"},{"taxonomy":"product_cat","embeddable":true,"href":"https:\/\/greendisc.dev-project.digital\/de\/wp-json\/wp\/v2\/product_cat?post=29136"},{"taxonomy":"product_tag","embeddable":true,"href":"https:\/\/greendisc.dev-project.digital\/de\/wp-json\/wp\/v2\/product_tag?post=29136"}],"curies":[{"name":"wp","href":"https:\/\/api.w.org\/{rel}","templated":true}]}}