 {"id":29081,"date":"2023-11-14T12:33:16","date_gmt":"2023-11-14T11:33:16","guid":{"rendered":"https:\/\/greendisc.dev-project.digital\/\/product\/variac-tdgc2-0-5kva-2a\/"},"modified":"2024-12-16T09:29:39","modified_gmt":"2024-12-16T08:29:39","slug":"variac-tdgc2-0-5kva-2a","status":"publish","type":"product","link":"https:\/\/greendisc.dev-project.digital\/de\/produkt\/variac-tdgc2-0-5kva-2a\/","title":{"rendered":"Variac TDGC2-0.5Kva 2a"},"content":{"rendered":"<p><meta charset=\"UTF-8\"><\/p>\n<p>Wenn Sie auf der Suche nach einem hochwertigen einstellbaren Transformator f\u00fcr Ihre elektrischen Anwendungen sind, ist der Variac TDGC2-0.5Kva die perfekte Wahl f\u00fcr Sie. Dieser Transformator liefert einen Strom von 2 Ampere und wurde entwickelt, um die Spannung genau zu regulieren und zu stabilisieren, damit Sie Ihre Ger\u00e4te sicher und effizient nutzen k\u00f6nnen.<\/p>\n<p>Mit dem Variac TDGC2-0.5Kva k\u00f6nnen Sie die Spannung einfach und pr\u00e4zise \u00fcber den Drehknopf am Transformator steuern. Das macht ihn ideal f\u00fcr eine Vielzahl von Anwendungen, wie z.B. Labore, Werkst\u00e4tten und Audio- und Videoproduktionen. Dar\u00fcber hinaus kann der Transformator zur Spannungsregulierung sowohl f\u00fcr Gleichstrom als auch f\u00fcr Wechselstrom verwendet werden, was ihn zu einer vielseitigen L\u00f6sung f\u00fcr all Ihre Bed\u00fcrfnisse bei der Spannungsregulierung macht.<\/p>\n<p>Der Variac TDGC2-0.5Kva ist au\u00dferdem sehr kompakt und einfach zu bedienen. Er ist robust gebaut und sehr mobil, so dass Sie ihn leicht von einem Ort zum anderen bringen und an verschiedene Ger\u00e4te anschlie\u00dfen k\u00f6nnen. Dar\u00fcber hinaus sorgt die hohe Qualit\u00e4t des Produkts daf\u00fcr, dass es auch unter rauen Bedingungen lange und zuverl\u00e4ssig funktioniert.<\/p>\n<p>Wenn Sie auf der Suche nach einem einstellbaren Transformator sind, der sicher und zuverl\u00e4ssig arbeitet und Ihnen die volle Kontrolle \u00fcber die Spannung Ihrer Ger\u00e4te gibt, ist der Variac TDGC2-0.5Kva die perfekte Wahl f\u00fcr Sie. Bestellen Sie es noch heute und erleben Sie die Vorteile einer pr\u00e4zisen Spannungsregelung f\u00fcr alle Ihre elektronischen Anwendungen!<\/p>\n","protected":false},"excerpt":{"rendered":"<p>Wenn Sie auf der Suche nach einem hochwertigen einstellbaren Transformator f\u00fcr Ihre elektrischen Anwendungen sind, ist der Variac TDGC2-0.5Kva die perfekte Wahl f\u00fcr Sie.<\/p>\n","protected":false},"featured_media":26493,"template":"","meta":[],"product_brand":[],"product_cat":[350,463],"product_tag":[],"class_list":{"0":"post-29081","1":"product","2":"type-product","3":"status-publish","4":"has-post-thumbnail","6":"product_cat-aeronautik","7":"product_cat-klimagerate","9":"first","10":"outofstock","11":"taxable","12":"shipping-taxable","13":"purchasable","14":"product-type-simple"},"_links":{"self":[{"href":"https:\/\/greendisc.dev-project.digital\/de\/wp-json\/wp\/v2\/product\/29081","targetHints":{"allow":["GET"]}}],"collection":[{"href":"https:\/\/greendisc.dev-project.digital\/de\/wp-json\/wp\/v2\/product"}],"about":[{"href":"https:\/\/greendisc.dev-project.digital\/de\/wp-json\/wp\/v2\/types\/product"}],"version-history":[{"count":0,"href":"https:\/\/greendisc.dev-project.digital\/de\/wp-json\/wp\/v2\/product\/29081\/revisions"}],"wp:featuredmedia":[{"embeddable":true,"href":"https:\/\/greendisc.dev-project.digital\/de\/wp-json\/wp\/v2\/media\/26493"}],"wp:attachment":[{"href":"https:\/\/greendisc.dev-project.digital\/de\/wp-json\/wp\/v2\/media?parent=29081"}],"wp:term":[{"taxonomy":"product_brand","embeddable":true,"href":"https:\/\/greendisc.dev-project.digital\/de\/wp-json\/wp\/v2\/product_brand?post=29081"},{"taxonomy":"product_cat","embeddable":true,"href":"https:\/\/greendisc.dev-project.digital\/de\/wp-json\/wp\/v2\/product_cat?post=29081"},{"taxonomy":"product_tag","embeddable":true,"href":"https:\/\/greendisc.dev-project.digital\/de\/wp-json\/wp\/v2\/product_tag?post=29081"}],"curies":[{"name":"wp","href":"https:\/\/api.w.org\/{rel}","templated":true}]}}