 {"id":29074,"date":"2023-11-14T12:33:17","date_gmt":"2023-11-14T11:33:17","guid":{"rendered":"https:\/\/greendisc.dev-project.digital\/\/product\/variac-tdgc2-1kva-4a\/"},"modified":"2024-12-16T09:29:37","modified_gmt":"2024-12-16T08:29:37","slug":"variac-tdgc2-1kva-4a","status":"publish","type":"product","link":"https:\/\/greendisc.dev-project.digital\/de\/produkt\/variac-tdgc2-1kva-4a\/","title":{"rendered":"Variac TDGC2-1Kva 4a"},"content":{"rendered":"<p>Wenn Sie auf der Suche nach einem zuverl\u00e4ssigen und effizienten Stelltransformator sind, ist der Variac TDGC2-1Kva die perfekte Wahl f\u00fcr Sie. Dieser Transformator liefert eine Stromst\u00e4rke von 4 Ampere und wurde speziell daf\u00fcr entwickelt, die Spannung genau zu regulieren und zu stabilisieren, damit Sie Ihre Ger\u00e4te sicher und effizient nutzen k\u00f6nnen.<\/p>\n<p>Mit dem Variac TDGC2-1Kva k\u00f6nnen Sie die Spannung mit dem Drehknopf am Transformator einfach und pr\u00e4zise steuern. Das macht ihn ideal f\u00fcr eine Vielzahl von Anwendungen, wie z.B. Labore, Werkst\u00e4tten, Audio- und Videoproduktion. Dar\u00fcber hinaus kann der Transformator zur Spannungsregulierung sowohl f\u00fcr Gleichstrom als auch f\u00fcr Wechselstrom verwendet werden, was ihn zu einer vielseitigen L\u00f6sung f\u00fcr all Ihre Bed\u00fcrfnisse bei der Spannungsregulierung macht.<\/p>\n<p>Mit seiner kompakten Gr\u00f6\u00dfe und seiner robusten Konstruktion ist der Variac TDGC2-1Kva au\u00dferdem \u00e4u\u00dferst tragbar und einfach zu bedienen. Sie k\u00f6nnen den Transformator problemlos von einem Ort zum anderen bringen und an eine Vielzahl von Ger\u00e4ten anschlie\u00dfen. Dar\u00fcber hinaus sorgt die hohe Qualit\u00e4t des Produkts f\u00fcr einen lang anhaltenden und zuverl\u00e4ssigen Betrieb, auch unter rauen Bedingungen.<\/p>\n<p>Wenn Sie einen einstellbaren Transformator suchen, der sicher und zuverl\u00e4ssig arbeitet und Ihnen die volle Kontrolle \u00fcber die Spannung Ihrer Ger\u00e4te gibt, ist der Variac TDGC2-1Kva die perfekte Wahl f\u00fcr Sie. Bestellen Sie es noch heute und erleben Sie die Vorteile einer pr\u00e4zisen Spannungsregelung f\u00fcr alle Ihre elektronischen Anwendungen!<\/p>\n","protected":false},"excerpt":{"rendered":"<p>Wenn Sie auf der Suche nach einem zuverl\u00e4ssigen und effizienten Stelltransformator sind, ist der Variac TDGC2-1Kva die perfekte Wahl f\u00fcr Sie.<\/p>\n","protected":false},"featured_media":26495,"template":"","meta":[],"product_brand":[],"product_cat":[350,463],"product_tag":[],"class_list":{"0":"post-29074","1":"product","2":"type-product","3":"status-publish","4":"has-post-thumbnail","6":"product_cat-aeronautik","7":"product_cat-klimagerate","9":"first","10":"instock","11":"taxable","12":"shipping-taxable","13":"purchasable","14":"product-type-simple"},"_links":{"self":[{"href":"https:\/\/greendisc.dev-project.digital\/de\/wp-json\/wp\/v2\/product\/29074","targetHints":{"allow":["GET"]}}],"collection":[{"href":"https:\/\/greendisc.dev-project.digital\/de\/wp-json\/wp\/v2\/product"}],"about":[{"href":"https:\/\/greendisc.dev-project.digital\/de\/wp-json\/wp\/v2\/types\/product"}],"version-history":[{"count":0,"href":"https:\/\/greendisc.dev-project.digital\/de\/wp-json\/wp\/v2\/product\/29074\/revisions"}],"wp:featuredmedia":[{"embeddable":true,"href":"https:\/\/greendisc.dev-project.digital\/de\/wp-json\/wp\/v2\/media\/26495"}],"wp:attachment":[{"href":"https:\/\/greendisc.dev-project.digital\/de\/wp-json\/wp\/v2\/media?parent=29074"}],"wp:term":[{"taxonomy":"product_brand","embeddable":true,"href":"https:\/\/greendisc.dev-project.digital\/de\/wp-json\/wp\/v2\/product_brand?post=29074"},{"taxonomy":"product_cat","embeddable":true,"href":"https:\/\/greendisc.dev-project.digital\/de\/wp-json\/wp\/v2\/product_cat?post=29074"},{"taxonomy":"product_tag","embeddable":true,"href":"https:\/\/greendisc.dev-project.digital\/de\/wp-json\/wp\/v2\/product_tag?post=29074"}],"curies":[{"name":"wp","href":"https:\/\/api.w.org\/{rel}","templated":true}]}}