 {"id":28963,"date":"2023-11-14T12:34:24","date_gmt":"2023-11-14T11:34:24","guid":{"rendered":"https:\/\/greendisc.dev-project.digital\/\/product\/weisse-marken-steinwollbloecke-4x4x4cm-1300-stueck-pro-beutel\/"},"modified":"2023-11-14T12:34:24","modified_gmt":"2023-11-14T11:34:24","slug":"weisse-marken-steinwollbloecke-4x4x4cm-1300-stueck-pro-beutel","status":"publish","type":"product","link":"https:\/\/greendisc.dev-project.digital\/de\/produkt\/weisse-marken-steinwollbloecke-4x4x4cm-1300-stueck-pro-beutel\/","title":{"rendered":"Wei\u00dfe Marken-Steinwollbl\u00f6cke, 4x4x4cm (1300 St\u00fcck pro Beutel)"},"content":{"rendered":"<p>Wei\u00dfe Marken-Steinwollbl\u00f6cke, 4x4x4cm (1300 St\u00fcck pro Beutel)<\/p>\n","protected":false},"excerpt":{"rendered":"<p>Wei\u00dfe Marken-Steinwollbl\u00f6cke, 4x4x4cm (1300 St\u00fcck pro Beutel)<\/p>\n","protected":false},"featured_media":26619,"template":"","meta":[],"product_brand":[],"product_cat":[454,363],"product_tag":[],"class_list":{"0":"post-28963","1":"product","2":"type-product","3":"status-publish","4":"has-post-thumbnail","6":"product_cat-start-stecklingsblocke","7":"product_cat-wachstumsmedien","9":"first","10":"instock","11":"taxable","12":"shipping-taxable","13":"purchasable","14":"product-type-simple"},"_links":{"self":[{"href":"https:\/\/greendisc.dev-project.digital\/de\/wp-json\/wp\/v2\/product\/28963","targetHints":{"allow":["GET"]}}],"collection":[{"href":"https:\/\/greendisc.dev-project.digital\/de\/wp-json\/wp\/v2\/product"}],"about":[{"href":"https:\/\/greendisc.dev-project.digital\/de\/wp-json\/wp\/v2\/types\/product"}],"version-history":[{"count":0,"href":"https:\/\/greendisc.dev-project.digital\/de\/wp-json\/wp\/v2\/product\/28963\/revisions"}],"wp:featuredmedia":[{"embeddable":true,"href":"https:\/\/greendisc.dev-project.digital\/de\/wp-json\/wp\/v2\/media\/26619"}],"wp:attachment":[{"href":"https:\/\/greendisc.dev-project.digital\/de\/wp-json\/wp\/v2\/media?parent=28963"}],"wp:term":[{"taxonomy":"product_brand","embeddable":true,"href":"https:\/\/greendisc.dev-project.digital\/de\/wp-json\/wp\/v2\/product_brand?post=28963"},{"taxonomy":"product_cat","embeddable":true,"href":"https:\/\/greendisc.dev-project.digital\/de\/wp-json\/wp\/v2\/product_cat?post=28963"},{"taxonomy":"product_tag","embeddable":true,"href":"https:\/\/greendisc.dev-project.digital\/de\/wp-json\/wp\/v2\/product_tag?post=28963"}],"curies":[{"name":"wp","href":"https:\/\/api.w.org\/{rel}","templated":true}]}}