 {"id":28941,"date":"2023-11-14T12:26:07","date_gmt":"2023-11-14T11:26:07","guid":{"rendered":"https:\/\/greendisc.dev-project.digital\/\/product\/grifftasche-35x45cm\/"},"modified":"2023-11-14T12:26:07","modified_gmt":"2023-11-14T11:26:07","slug":"grifftasche-35x45cm","status":"publish","type":"product","link":"https:\/\/greendisc.dev-project.digital\/de\/produkt\/grifftasche-35x45cm\/","title":{"rendered":"Grifftasche, 35x45cm"},"content":{"rendered":"<p><meta charset=\"utf-8\"><meta charset=\"utf-8\"><span data-mce-fragment=\"1\">Transparente 350 x 450 mm gro\u00dfe, extrastarke Griffbeutel zum Verpacken von z.B. Schrauben, Kleinteilen oder Dokumenten im A3-Format. Hergestellt aus 90 Mikron Polyethylen (LDPE) Kunststoff. Unsere Griffbeutel sind lebensmittelecht und BPA-frei, so dass sie f\u00fcr Lebensmittel und Non-Food-Produkte geeignet sind. Dank des 5 mm gro\u00dfen Aufh\u00e4ngelochs oberhalb des Verschlusses kann die Grifftasche aufgeh\u00e4ngt werden.<\/span><\/p>\n<p>Gewicht: 31 Gramm<\/p>\n","protected":false},"excerpt":{"rendered":"<p>Transparente 350 x 450 mm gro\u00dfe, extrastarke Griffbeutel zum Verpacken von z.B. Schrauben, Kleinteilen oder Dokumenten im A3-Format. Hergestellt aus<\/p>\n","protected":false},"featured_media":25437,"template":"","meta":[],"product_brand":[],"product_cat":[377,374],"product_tag":[],"class_list":{"0":"post-28941","1":"product","2":"type-product","3":"status-publish","4":"has-post-thumbnail","6":"product_cat-grip-taschen","7":"product_cat-verarbeitung-und-verpackung","9":"first","10":"instock","11":"taxable","12":"shipping-taxable","13":"purchasable","14":"product-type-simple"},"_links":{"self":[{"href":"https:\/\/greendisc.dev-project.digital\/de\/wp-json\/wp\/v2\/product\/28941","targetHints":{"allow":["GET"]}}],"collection":[{"href":"https:\/\/greendisc.dev-project.digital\/de\/wp-json\/wp\/v2\/product"}],"about":[{"href":"https:\/\/greendisc.dev-project.digital\/de\/wp-json\/wp\/v2\/types\/product"}],"version-history":[{"count":0,"href":"https:\/\/greendisc.dev-project.digital\/de\/wp-json\/wp\/v2\/product\/28941\/revisions"}],"wp:featuredmedia":[{"embeddable":true,"href":"https:\/\/greendisc.dev-project.digital\/de\/wp-json\/wp\/v2\/media\/25437"}],"wp:attachment":[{"href":"https:\/\/greendisc.dev-project.digital\/de\/wp-json\/wp\/v2\/media?parent=28941"}],"wp:term":[{"taxonomy":"product_brand","embeddable":true,"href":"https:\/\/greendisc.dev-project.digital\/de\/wp-json\/wp\/v2\/product_brand?post=28941"},{"taxonomy":"product_cat","embeddable":true,"href":"https:\/\/greendisc.dev-project.digital\/de\/wp-json\/wp\/v2\/product_cat?post=28941"},{"taxonomy":"product_tag","embeddable":true,"href":"https:\/\/greendisc.dev-project.digital\/de\/wp-json\/wp\/v2\/product_tag?post=28941"}],"curies":[{"name":"wp","href":"https:\/\/api.w.org\/{rel}","templated":true}]}}