 {"id":28939,"date":"2023-11-14T12:26:07","date_gmt":"2023-11-14T11:26:07","guid":{"rendered":"https:\/\/greendisc.dev-project.digital\/\/product\/grifftasche-50x50cm\/"},"modified":"2023-11-14T12:26:07","modified_gmt":"2023-11-14T11:26:07","slug":"grifftasche-50x50cm","status":"publish","type":"product","link":"https:\/\/greendisc.dev-project.digital\/de\/produkt\/grifftasche-50x50cm\/","title":{"rendered":"Grifftasche, 50x50cm"},"content":{"rendered":"<p><meta charset=\"utf-8\"><span data-mce-fragment=\"1\">Transparente 500 x 500 mm gro\u00dfe, extra starke Griffbeutel zum Verpacken von z.B. Kleidung, Dokumenten oder Ersatzteilen. Hergestellt aus 90 Mikron Polyethylen (LDPE) Kunststoff. Unsere Griffbeutel sind lebensmittelecht und BPA-frei, so dass sie f\u00fcr Lebensmittel und Non-Food-Produkte geeignet sind. Dank des 5 mm gro\u00dfen Aufh\u00e4ngelochs oberhalb des Verschlusses kann die Grifftasche aufgeh\u00e4ngt werden.<\/p>\n<p>Gewicht: 48 Gramm<\/span><\/p>\n","protected":false},"excerpt":{"rendered":"<p>Transparente 500 x 500 mm gro\u00dfe, extra starke Griffbeutel zum Verpacken von z.B. Kleidung, Dokumenten oder Ersatzteilen. Hergestellt aus 90<\/p>\n","protected":false},"featured_media":25441,"template":"","meta":[],"product_brand":[],"product_cat":[377,374],"product_tag":[],"class_list":{"0":"post-28939","1":"product","2":"type-product","3":"status-publish","4":"has-post-thumbnail","6":"product_cat-grip-taschen","7":"product_cat-verarbeitung-und-verpackung","9":"first","10":"instock","11":"taxable","12":"shipping-taxable","13":"purchasable","14":"product-type-simple"},"_links":{"self":[{"href":"https:\/\/greendisc.dev-project.digital\/de\/wp-json\/wp\/v2\/product\/28939","targetHints":{"allow":["GET"]}}],"collection":[{"href":"https:\/\/greendisc.dev-project.digital\/de\/wp-json\/wp\/v2\/product"}],"about":[{"href":"https:\/\/greendisc.dev-project.digital\/de\/wp-json\/wp\/v2\/types\/product"}],"version-history":[{"count":0,"href":"https:\/\/greendisc.dev-project.digital\/de\/wp-json\/wp\/v2\/product\/28939\/revisions"}],"wp:featuredmedia":[{"embeddable":true,"href":"https:\/\/greendisc.dev-project.digital\/de\/wp-json\/wp\/v2\/media\/25441"}],"wp:attachment":[{"href":"https:\/\/greendisc.dev-project.digital\/de\/wp-json\/wp\/v2\/media?parent=28939"}],"wp:term":[{"taxonomy":"product_brand","embeddable":true,"href":"https:\/\/greendisc.dev-project.digital\/de\/wp-json\/wp\/v2\/product_brand?post=28939"},{"taxonomy":"product_cat","embeddable":true,"href":"https:\/\/greendisc.dev-project.digital\/de\/wp-json\/wp\/v2\/product_cat?post=28939"},{"taxonomy":"product_tag","embeddable":true,"href":"https:\/\/greendisc.dev-project.digital\/de\/wp-json\/wp\/v2\/product_tag?post=28939"}],"curies":[{"name":"wp","href":"https:\/\/api.w.org\/{rel}","templated":true}]}}