 {"id":28924,"date":"2023-11-14T12:25:41","date_gmt":"2023-11-14T11:25:41","guid":{"rendered":"https:\/\/greendisc.dev-project.digital\/\/product\/gruener-tulipz-kickstart-3l\/"},"modified":"2023-11-14T12:25:41","modified_gmt":"2023-11-14T11:25:41","slug":"gruener-tulipz-kickstart-3l","status":"publish","type":"product","link":"https:\/\/greendisc.dev-project.digital\/de\/produkt\/gruener-tulipz-kickstart-3l\/","title":{"rendered":"Gr\u00fcner Tulipz Kickstart 3L"},"content":{"rendered":"<p><meta charset=\"utf-8\"><\/p>\n<p data-mce-fragment=\"1\"><span data-mce-fragment=\"1\">Pflanzend\u00fcnger-Pellets<\/span><\/p>\n<p data-mce-fragment=\"1\"><span data-mce-fragment=\"1\">Stickstoffquelle als Rohmaterial<\/span><\/p>\n<p data-mce-fragment=\"1\"><span data-mce-fragment=\"1\">Hersteller von z.B. organischem D\u00fcnger, organischen Zus\u00e4tzen f\u00fcr die Pilzzucht, Substraten und Kompost k\u00f6nnen dieses D\u00fcngemittelpellet ebenfalls als Rohstoff verwenden. Mit seinem hohen Anteil an Stickstoff bietet dieses Produkt eine Alternative zu den bekannten tierischen Nebenprodukten. Dar\u00fcber hinaus hat dieses Produkt gute Laufeigenschaften (wenn es trocken ist). Bei Interesse k\u00f6nnen wir Ihnen einen &#8222;Prozesssicherheitsbericht&#8220; zusenden, aber man sollte auch selbst untersuchen, ob er in Ihrem Produktionsprozess anwendbar ist.<\/span><\/p>\n<p data-mce-fragment=\"1\"><strong data-mce-fragment=\"1\"><span data-mce-fragment=\"1\">VORTEILE VON PFLANZLICHEM NITRO N13:<\/span><\/strong><\/p>\n<ul data-mce-fragment=\"1\">\n<li data-mce-fragment=\"1\"><span data-mce-fragment=\"1\">Nat\u00fcrliche D\u00fcngepellets, die in der \u00f6kologischen Landwirtschaft und im Gartenbau zugelassen sind;<\/span><\/li>\n<li data-mce-fragment=\"1\"><span data-mce-fragment=\"1\">Hoher Stickstoffgehalt (13%), der schnell und langsam wirkt;<\/span><\/li>\n<li data-mce-fragment=\"1\"><span data-mce-fragment=\"1\">Wenig Salz und Chloride;<\/span><\/li>\n<li data-mce-fragment=\"1\"><span data-mce-fragment=\"1\">Enth\u00e4lt verschiedene Spurenelemente, Enzyme und Zucker f\u00fcr ein gesundes Bodenleben;<\/span><\/li>\n<li data-mce-fragment=\"1\"><span data-mce-fragment=\"1\">Geringerer Stickstoffverlust im Vergleich zu herk\u00f6mmlichen Harnstoffd\u00fcngern.<\/span><\/li>\n<\/ul>\n<p data-mce-fragment=\"1\"><strong data-mce-fragment=\"1\"><span data-mce-fragment=\"1\">DOSIEREN<\/span><\/strong><\/p>\n<p data-mce-fragment=\"1\"><span data-mce-fragment=\"1\">Blumenerde (Mischung) 2 &#8211; 3 kg\/m3 (=1000 Liter=20 S\u00e4cke (50 Liter))<\/span><\/p>\n","protected":false},"excerpt":{"rendered":"<p>Pflanzend\u00fcnger-Pellets Stickstoffquelle als Rohmaterial Hersteller von z.B. organischem D\u00fcnger, organischen Zus\u00e4tzen f\u00fcr die Pilzzucht, Substraten und Kompost k\u00f6nnen dieses D\u00fcngemittelpellet<\/p>\n","protected":false},"featured_media":25393,"template":"","meta":[],"product_brand":[],"product_cat":[451,344],"product_tag":[],"class_list":{"0":"post-28924","1":"product","2":"type-product","3":"status-publish","4":"has-post-thumbnail","6":"product_cat-grune-tulipz","7":"product_cat-pflanzennahrung","9":"first","10":"instock","11":"taxable","12":"shipping-taxable","13":"purchasable","14":"product-type-simple"},"_links":{"self":[{"href":"https:\/\/greendisc.dev-project.digital\/de\/wp-json\/wp\/v2\/product\/28924","targetHints":{"allow":["GET"]}}],"collection":[{"href":"https:\/\/greendisc.dev-project.digital\/de\/wp-json\/wp\/v2\/product"}],"about":[{"href":"https:\/\/greendisc.dev-project.digital\/de\/wp-json\/wp\/v2\/types\/product"}],"version-history":[{"count":0,"href":"https:\/\/greendisc.dev-project.digital\/de\/wp-json\/wp\/v2\/product\/28924\/revisions"}],"wp:featuredmedia":[{"embeddable":true,"href":"https:\/\/greendisc.dev-project.digital\/de\/wp-json\/wp\/v2\/media\/25393"}],"wp:attachment":[{"href":"https:\/\/greendisc.dev-project.digital\/de\/wp-json\/wp\/v2\/media?parent=28924"}],"wp:term":[{"taxonomy":"product_brand","embeddable":true,"href":"https:\/\/greendisc.dev-project.digital\/de\/wp-json\/wp\/v2\/product_brand?post=28924"},{"taxonomy":"product_cat","embeddable":true,"href":"https:\/\/greendisc.dev-project.digital\/de\/wp-json\/wp\/v2\/product_cat?post=28924"},{"taxonomy":"product_tag","embeddable":true,"href":"https:\/\/greendisc.dev-project.digital\/de\/wp-json\/wp\/v2\/product_tag?post=28924"}],"curies":[{"name":"wp","href":"https:\/\/api.w.org\/{rel}","templated":true}]}}