 {"id":28575,"date":"2023-11-14T12:22:00","date_gmt":"2023-11-14T11:22:00","guid":{"rendered":"https:\/\/greendisc.dev-project.digital\/\/product\/ec-messgeraet-pruefen\/"},"modified":"2023-11-14T12:22:00","modified_gmt":"2023-11-14T11:22:00","slug":"ec-messgeraet-pruefen","status":"publish","type":"product","link":"https:\/\/greendisc.dev-project.digital\/de\/produkt\/ec-messgeraet-pruefen\/","title":{"rendered":"EC-Messger\u00e4t pr\u00fcfen!"},"content":{"rendered":"<p>EC-Messger\u00e4t pr\u00fcfen!<\/p>\n","protected":false},"excerpt":{"rendered":"<p>EC-Messger\u00e4t pr\u00fcfen!<\/p>\n","protected":false},"featured_media":24979,"template":"","meta":[],"product_brand":[],"product_cat":[424,408],"product_tag":[],"class_list":{"0":"post-28575","1":"product","2":"type-product","3":"status-publish","4":"has-post-thumbnail","6":"product_cat-ec-ph-messgerate","7":"product_cat-messung-kalibrierung","9":"first","10":"instock","11":"taxable","12":"shipping-taxable","13":"purchasable","14":"product-type-simple"},"_links":{"self":[{"href":"https:\/\/greendisc.dev-project.digital\/de\/wp-json\/wp\/v2\/product\/28575","targetHints":{"allow":["GET"]}}],"collection":[{"href":"https:\/\/greendisc.dev-project.digital\/de\/wp-json\/wp\/v2\/product"}],"about":[{"href":"https:\/\/greendisc.dev-project.digital\/de\/wp-json\/wp\/v2\/types\/product"}],"version-history":[{"count":0,"href":"https:\/\/greendisc.dev-project.digital\/de\/wp-json\/wp\/v2\/product\/28575\/revisions"}],"wp:featuredmedia":[{"embeddable":true,"href":"https:\/\/greendisc.dev-project.digital\/de\/wp-json\/wp\/v2\/media\/24979"}],"wp:attachment":[{"href":"https:\/\/greendisc.dev-project.digital\/de\/wp-json\/wp\/v2\/media?parent=28575"}],"wp:term":[{"taxonomy":"product_brand","embeddable":true,"href":"https:\/\/greendisc.dev-project.digital\/de\/wp-json\/wp\/v2\/product_brand?post=28575"},{"taxonomy":"product_cat","embeddable":true,"href":"https:\/\/greendisc.dev-project.digital\/de\/wp-json\/wp\/v2\/product_cat?post=28575"},{"taxonomy":"product_tag","embeddable":true,"href":"https:\/\/greendisc.dev-project.digital\/de\/wp-json\/wp\/v2\/product_tag?post=28575"}],"curies":[{"name":"wp","href":"https:\/\/api.w.org\/{rel}","templated":true}]}}