 {"id":28545,"date":"2023-11-14T12:23:11","date_gmt":"2023-11-14T11:23:11","guid":{"rendered":"https:\/\/greendisc.dev-project.digital\/\/product\/trocknungsgestell-stapelbar-71x71cm\/"},"modified":"2023-11-14T12:23:11","modified_gmt":"2023-11-14T11:23:11","slug":"trocknungsgestell-stapelbar-71x71cm","status":"publish","type":"product","link":"https:\/\/greendisc.dev-project.digital\/de\/produkt\/trocknungsgestell-stapelbar-71x71cm\/","title":{"rendered":"Trocknungsgestell stapelbar, 71x71cm"},"content":{"rendered":"<p>Trocknungsgestell stapelbar, 71x71cm. Praktische Trocknungsst\u00e4nder f\u00fcr den Mehrzweckgebrauch.  <\/p>\n<p>Da diese Trockengestelle stapelbar sind, k\u00f6nnen Sie genau die Menge mitnehmen, die Sie ben\u00f6tigen.  <\/p>\n<p>Einfach zu benutzen, stabil und stapelbar.<\/p>\n","protected":false},"excerpt":{"rendered":"<p>Trocknungsgestell stapelbar, 71x71cm. Praktische Trocknungsst\u00e4nder f\u00fcr den Mehrzweckgebrauch. Da diese Trockengestelle stapelbar sind, k\u00f6nnen Sie genau die Menge mitnehmen, die<\/p>\n","protected":false},"featured_media":36951,"template":"","meta":[],"product_brand":[],"product_cat":[422,374],"product_tag":[],"class_list":{"0":"post-28545","1":"product","2":"type-product","3":"status-publish","4":"has-post-thumbnail","6":"product_cat-trocknungsgestelle","7":"product_cat-verarbeitung-und-verpackung","9":"first","10":"outofstock","11":"taxable","12":"shipping-taxable","13":"purchasable","14":"product-type-simple"},"_links":{"self":[{"href":"https:\/\/greendisc.dev-project.digital\/de\/wp-json\/wp\/v2\/product\/28545","targetHints":{"allow":["GET"]}}],"collection":[{"href":"https:\/\/greendisc.dev-project.digital\/de\/wp-json\/wp\/v2\/product"}],"about":[{"href":"https:\/\/greendisc.dev-project.digital\/de\/wp-json\/wp\/v2\/types\/product"}],"version-history":[{"count":0,"href":"https:\/\/greendisc.dev-project.digital\/de\/wp-json\/wp\/v2\/product\/28545\/revisions"}],"wp:featuredmedia":[{"embeddable":true,"href":"https:\/\/greendisc.dev-project.digital\/de\/wp-json\/wp\/v2\/media\/36951"}],"wp:attachment":[{"href":"https:\/\/greendisc.dev-project.digital\/de\/wp-json\/wp\/v2\/media?parent=28545"}],"wp:term":[{"taxonomy":"product_brand","embeddable":true,"href":"https:\/\/greendisc.dev-project.digital\/de\/wp-json\/wp\/v2\/product_brand?post=28545"},{"taxonomy":"product_cat","embeddable":true,"href":"https:\/\/greendisc.dev-project.digital\/de\/wp-json\/wp\/v2\/product_cat?post=28545"},{"taxonomy":"product_tag","embeddable":true,"href":"https:\/\/greendisc.dev-project.digital\/de\/wp-json\/wp\/v2\/product_tag?post=28545"}],"curies":[{"name":"wp","href":"https:\/\/api.w.org\/{rel}","templated":true}]}}