 {"id":28535,"date":"2023-11-14T12:23:06","date_gmt":"2023-11-14T11:23:06","guid":{"rendered":"https:\/\/greendisc.dev-project.digital\/\/product\/box-59x40x31cm-fuer-2-saecke-substrat\/"},"modified":"2023-11-14T12:23:06","modified_gmt":"2023-11-14T11:23:06","slug":"box-59x40x31cm-fuer-2-saecke-substrat","status":"publish","type":"product","link":"https:\/\/greendisc.dev-project.digital\/de\/produkt\/box-59x40x31cm-fuer-2-saecke-substrat\/","title":{"rendered":"Box 59x40x31cm (f\u00fcr 2 S\u00e4cke Substrat)"},"content":{"rendered":"<p>Box 59x40x31cm (f\u00fcr 2 S\u00e4cke Substrat)<\/p>\n","protected":false},"excerpt":{"rendered":"<p>Box 59x40x31cm (f\u00fcr 2 S\u00e4cke Substrat)<\/p>\n","protected":false},"featured_media":25139,"template":"","meta":[],"product_brand":[],"product_cat":[417,374],"product_tag":[],"class_list":{"0":"post-28535","1":"product","2":"type-product","3":"status-publish","4":"has-post-thumbnail","6":"product_cat-boxen","7":"product_cat-verarbeitung-und-verpackung","9":"first","10":"outofstock","11":"taxable","12":"shipping-taxable","13":"purchasable","14":"product-type-simple"},"_links":{"self":[{"href":"https:\/\/greendisc.dev-project.digital\/de\/wp-json\/wp\/v2\/product\/28535","targetHints":{"allow":["GET"]}}],"collection":[{"href":"https:\/\/greendisc.dev-project.digital\/de\/wp-json\/wp\/v2\/product"}],"about":[{"href":"https:\/\/greendisc.dev-project.digital\/de\/wp-json\/wp\/v2\/types\/product"}],"version-history":[{"count":0,"href":"https:\/\/greendisc.dev-project.digital\/de\/wp-json\/wp\/v2\/product\/28535\/revisions"}],"wp:featuredmedia":[{"embeddable":true,"href":"https:\/\/greendisc.dev-project.digital\/de\/wp-json\/wp\/v2\/media\/25139"}],"wp:attachment":[{"href":"https:\/\/greendisc.dev-project.digital\/de\/wp-json\/wp\/v2\/media?parent=28535"}],"wp:term":[{"taxonomy":"product_brand","embeddable":true,"href":"https:\/\/greendisc.dev-project.digital\/de\/wp-json\/wp\/v2\/product_brand?post=28535"},{"taxonomy":"product_cat","embeddable":true,"href":"https:\/\/greendisc.dev-project.digital\/de\/wp-json\/wp\/v2\/product_cat?post=28535"},{"taxonomy":"product_tag","embeddable":true,"href":"https:\/\/greendisc.dev-project.digital\/de\/wp-json\/wp\/v2\/product_tag?post=28535"}],"curies":[{"name":"wp","href":"https:\/\/api.w.org\/{rel}","templated":true}]}}