 {"id":28520,"date":"2023-11-14T12:17:37","date_gmt":"2023-11-14T11:17:37","guid":{"rendered":"https:\/\/greendisc.dev-project.digital\/\/product\/abfluss-daenischer-boden-komplett-1-aussengewinde\/"},"modified":"2023-11-14T12:17:37","modified_gmt":"2023-11-14T11:17:37","slug":"abfluss-daenischer-boden-komplett-1-aussengewinde","status":"publish","type":"product","link":"https:\/\/greendisc.dev-project.digital\/de\/produkt\/abfluss-daenischer-boden-komplett-1-aussengewinde\/","title":{"rendered":"Abfluss D\u00e4nischer Boden komplett (1&#8243; Au\u00dfengewinde)"},"content":{"rendered":"<p>Vollst\u00e4ndige Drainage f\u00fcr d\u00e4nischen Boden.  <\/p>\n<p>Dieser Abfluss wird komplett geliefert. Der Abfluss hat ein 1&#8243;-Au\u00dfengewinde und wird mit einem Gummiring und einer stabilen Schraubkappe geliefert, um den Abfluss sicher durch den d\u00e4nischen Boden zu befestigen. Geeignet f\u00fcr alle Gr\u00f6\u00dfen von d\u00e4nischen B\u00f6den.<\/p>\n","protected":false},"excerpt":{"rendered":"<p>Vollst\u00e4ndige Drainage f\u00fcr d\u00e4nischen Boden. Dieser Abfluss wird komplett geliefert. Der Abfluss hat ein 1&#8243;-Au\u00dfengewinde und wird mit einem Gummiring<\/p>\n","protected":false},"featured_media":24377,"template":"","meta":[],"product_brand":[],"product_cat":[415,363],"product_tag":[],"class_list":{"0":"post-28520","1":"product","2":"type-product","3":"status-publish","4":"has-post-thumbnail","6":"product_cat-danische-boden-waage-tabletts","7":"product_cat-wachstumsmedien","9":"first","10":"instock","11":"taxable","12":"shipping-taxable","13":"purchasable","14":"product-type-simple"},"_links":{"self":[{"href":"https:\/\/greendisc.dev-project.digital\/de\/wp-json\/wp\/v2\/product\/28520","targetHints":{"allow":["GET"]}}],"collection":[{"href":"https:\/\/greendisc.dev-project.digital\/de\/wp-json\/wp\/v2\/product"}],"about":[{"href":"https:\/\/greendisc.dev-project.digital\/de\/wp-json\/wp\/v2\/types\/product"}],"version-history":[{"count":0,"href":"https:\/\/greendisc.dev-project.digital\/de\/wp-json\/wp\/v2\/product\/28520\/revisions"}],"wp:featuredmedia":[{"embeddable":true,"href":"https:\/\/greendisc.dev-project.digital\/de\/wp-json\/wp\/v2\/media\/24377"}],"wp:attachment":[{"href":"https:\/\/greendisc.dev-project.digital\/de\/wp-json\/wp\/v2\/media?parent=28520"}],"wp:term":[{"taxonomy":"product_brand","embeddable":true,"href":"https:\/\/greendisc.dev-project.digital\/de\/wp-json\/wp\/v2\/product_brand?post=28520"},{"taxonomy":"product_cat","embeddable":true,"href":"https:\/\/greendisc.dev-project.digital\/de\/wp-json\/wp\/v2\/product_cat?post=28520"},{"taxonomy":"product_tag","embeddable":true,"href":"https:\/\/greendisc.dev-project.digital\/de\/wp-json\/wp\/v2\/product_tag?post=28520"}],"curies":[{"name":"wp","href":"https:\/\/api.w.org\/{rel}","templated":true}]}}