 {"id":28518,"date":"2023-11-14T12:22:22","date_gmt":"2023-11-14T11:22:22","guid":{"rendered":"https:\/\/greendisc.dev-project.digital\/\/product\/co2-beutel-kohlendioxid\/"},"modified":"2023-11-14T12:22:22","modified_gmt":"2023-11-14T11:22:22","slug":"co2-beutel-kohlendioxid","status":"publish","type":"product","link":"https:\/\/greendisc.dev-project.digital\/de\/produkt\/co2-beutel-kohlendioxid\/","title":{"rendered":"CO2 Beutel Kohlendioxid"},"content":{"rendered":"<p><meta charset=\"utf-8\"><b data-mce-fragment=\"1\">Warum CO2Bag?<\/b><br data-mce-fragment=\"1\"><span data-mce-fragment=\"1\">Die Tage der CO2-Eimer geh\u00f6ren der Vergangenheit an. Der CO2Bag ist ein kleiner und preiswerter Beutel, der Kohlendioxid f\u00fcr Ihre Pflanzen produziert.<\/span><br data-mce-fragment=\"1\"><span data-mce-fragment=\"1\">Sie k\u00f6nnen das Wachstum Ihrer Pflanzen steigern und den Reifungsprozess der Fr\u00fcchte beschleunigen. Er verbessert den Geschmack, die Farbe und den Ernteertrag.<\/span><br data-mce-fragment=\"1\"><br data-mce-fragment=\"1\"><span data-mce-fragment=\"1\">CO2Bag ist sicher in der Anwendung, einfach zu integrieren und zu warten.<\/span><br data-mce-fragment=\"1\"><span data-mce-fragment=\"1\">Es ist bei weitem das kleinste und effektivste Produkt auf dem Markt. Eimer mit CO2 nehmen viel Platz weg. Der CO2Bag dagegen ist klein und kompakt.<\/span><br data-mce-fragment=\"1\"><br data-mce-fragment=\"1\"><b data-mce-fragment=\"1\">Was ist Kohlendioxid?<\/b><br data-mce-fragment=\"1\"><span data-mce-fragment=\"1\">Kohlendioxid ist f\u00fcr Pflanzen das, was Sauerstoff f\u00fcr den Menschen ist.<\/span><br data-mce-fragment=\"1\"><span data-mce-fragment=\"1\">Es ist unter anderem einer der wichtigsten Faktoren f\u00fcr das Wachstum von Gr\u00fcnpflanzen.<\/span><br data-mce-fragment=\"1\"><span data-mce-fragment=\"1\">Alle Pflanzen brauchen Kohlendioxid, um richtig zu wachsen.<\/span><br data-mce-fragment=\"1\"><span data-mce-fragment=\"1\">Wenn die Pflanze nicht gen\u00fcgend Kohlendioxid aus der Luft erh\u00e4lt, w\u00e4chst sie langsamer.<\/span><br data-mce-fragment=\"1\"><span data-mce-fragment=\"1\">CO2Bag ist eine effektive, einfache und billige Methode, um mehr Kohlendioxid in Ihrem Gew\u00e4chshaus zu produzieren.<\/span><br data-mce-fragment=\"1\"><br data-mce-fragment=\"1\"><b data-mce-fragment=\"1\">Wann und wo kann der CO2Bag verwendet werden?<\/b><br data-mce-fragment=\"1\"><span data-mce-fragment=\"1\">Beginnen Sie mit der Verwendung von CO2Bag 2 bis 3 Wochen nach der Aussaat.<\/span><br data-mce-fragment=\"1\"><span data-mce-fragment=\"1\">Stechen Sie sechs bis acht L\u00f6cher in die Oberseite des Beutels und h\u00e4ngen Sie ihn \u00fcber Ihre Pflanzen.<\/span><br data-mce-fragment=\"1\"><span data-mce-fragment=\"1\">In gro\u00dfen Gew\u00e4chsh\u00e4usern h\u00e4ngen Sie den Beutel am besten \u00fcber die G\u00e4nge. Der CO2Bag dispergiert Kohlendioxid bei Temperaturen \u00fcber 18 \u00b0C. Lagern Sie den versiegelten Beutel an einem k\u00fchlen, trockenen Ort bei einer Temperatur unter 18\u00b0C.<\/span><br data-mce-fragment=\"1\"><br data-mce-fragment=\"1\"><b data-mce-fragment=\"1\">Wie lange k\u00f6nnen Sie den CO2Bag verwenden?<\/b><br data-mce-fragment=\"1\"><span data-mce-fragment=\"1\">Wenn der Inhalt des CO2Bag mit Sauerstoff in Kontakt kommt, beginnt die Produktion von Kohlendioxid (co2).<\/span><br data-mce-fragment=\"1\"><span data-mce-fragment=\"1\">Hinweis: Es kann einige Tage dauern, bis die Kohlendioxidproduktion beginnt.<\/span><br data-mce-fragment=\"1\"><span data-mce-fragment=\"1\">Abh\u00e4ngig von der Bel\u00fcftung des Gew\u00e4chshauses produziert ein CO2Bag Kohlendioxid f\u00fcr ein 5m\u00b2 gro\u00dfes Gew\u00e4chshaus, und zwar f\u00fcr etwa 1-3 Monate.<\/span><br data-mce-fragment=\"1\"><br data-mce-fragment=\"1\"><b data-mce-fragment=\"1\">Wie k\u00f6nnen Sie die Vorteile maximieren?<\/b><br data-mce-fragment=\"1\"><span data-mce-fragment=\"1\">Aufgrund des zus\u00e4tzlichen Kohlendioxids in der Luft kann die Pflanze Temperaturen von bis zu 3-5 \u00b0C tolerieren, die h\u00f6her sind als zuvor. Dies f\u00fchrt jedoch dazu, dass die Pflanzen mehr Wasser und N\u00e4hrstoffe ben\u00f6tigen. Denken Sie also daran, gen\u00fcgend Wasser, N\u00e4hrstoffe und Licht zu verwenden, damit die Vorteile von CO2Bag auch wirklich zur Geltung kommen.<\/span><br data-mce-fragment=\"1\"><br data-mce-fragment=\"1\"><b data-mce-fragment=\"1\">Was ist in der Tasche?<\/b><br data-mce-fragment=\"1\"><span data-mce-fragment=\"1\">Die Packung enth\u00e4lt eine Erfindung auf Basis von Hydrogencarbonat (HCO3 NH4).<\/span><br data-mce-fragment=\"1\"><br data-mce-fragment=\"1\"><b data-mce-fragment=\"1\">Lohnt es sich, den Beutel in der N\u00e4he eines Ventilators zu installieren?<\/b><br data-mce-fragment=\"1\"><span data-mce-fragment=\"1\">Ja. Der Ventilator sollte in der N\u00e4he stehen, damit das CO2 gleichm\u00e4\u00dfig im Raum verteilt wird.<\/span><br data-mce-fragment=\"1\"><br data-mce-fragment=\"1\"><b data-mce-fragment=\"1\">K\u00f6nnen Sie das Produkt in gro\u00dfen Gew\u00e4chsh\u00e4usern verwenden?<\/b><br data-mce-fragment=\"1\"><span data-mce-fragment=\"1\">Ja. Die Anzahl der zu verwendenden Beutel l\u00e4sst sich leicht durch die Gr\u00f6\u00dfe des Raumes erh\u00f6hen. Bewahren Sie etwa 1 Beutel f\u00fcr jeweils 5 m2 auf.<\/span><br data-mce-fragment=\"1\"><br data-mce-fragment=\"1\"><b data-mce-fragment=\"1\">Bei welcher Temperatur funktioniert der Beutel?<\/b><br data-mce-fragment=\"1\"><span data-mce-fragment=\"1\">Die empfohlene Temperatur betr\u00e4gt 25-28 \u00b0C<\/span><\/p>\n","protected":false},"excerpt":{"rendered":"<p>Warum CO2Bag?Die Tage der CO2-Eimer geh\u00f6ren der Vergangenheit an. Der CO2Bag ist ein kleiner und preiswerter Beutel, der Kohlendioxid f\u00fcr<\/p>\n","protected":false},"featured_media":25025,"template":"","meta":[],"product_brand":[],"product_cat":[350,406],"product_tag":[],"class_list":{"0":"post-28518","1":"product","2":"type-product","3":"status-publish","4":"has-post-thumbnail","6":"product_cat-aeronautik","7":"product_cat-co2-zubehor","9":"first","10":"instock","11":"taxable","12":"shipping-taxable","13":"purchasable","14":"product-type-simple"},"_links":{"self":[{"href":"https:\/\/greendisc.dev-project.digital\/de\/wp-json\/wp\/v2\/product\/28518","targetHints":{"allow":["GET"]}}],"collection":[{"href":"https:\/\/greendisc.dev-project.digital\/de\/wp-json\/wp\/v2\/product"}],"about":[{"href":"https:\/\/greendisc.dev-project.digital\/de\/wp-json\/wp\/v2\/types\/product"}],"version-history":[{"count":0,"href":"https:\/\/greendisc.dev-project.digital\/de\/wp-json\/wp\/v2\/product\/28518\/revisions"}],"wp:featuredmedia":[{"embeddable":true,"href":"https:\/\/greendisc.dev-project.digital\/de\/wp-json\/wp\/v2\/media\/25025"}],"wp:attachment":[{"href":"https:\/\/greendisc.dev-project.digital\/de\/wp-json\/wp\/v2\/media?parent=28518"}],"wp:term":[{"taxonomy":"product_brand","embeddable":true,"href":"https:\/\/greendisc.dev-project.digital\/de\/wp-json\/wp\/v2\/product_brand?post=28518"},{"taxonomy":"product_cat","embeddable":true,"href":"https:\/\/greendisc.dev-project.digital\/de\/wp-json\/wp\/v2\/product_cat?post=28518"},{"taxonomy":"product_tag","embeddable":true,"href":"https:\/\/greendisc.dev-project.digital\/de\/wp-json\/wp\/v2\/product_tag?post=28518"}],"curies":[{"name":"wp","href":"https:\/\/api.w.org\/{rel}","templated":true}]}}