 {"id":28502,"date":"2023-11-14T12:20:16","date_gmt":"2023-11-14T11:20:16","guid":{"rendered":"https:\/\/greendisc.dev-project.digital\/\/product\/biogreen-co2-ofen-4kw-propangas\/"},"modified":"2023-11-14T12:20:16","modified_gmt":"2023-11-14T11:20:16","slug":"biogreen-co2-ofen-4kw-propangas","status":"publish","type":"product","link":"https:\/\/greendisc.dev-project.digital\/de\/produkt\/biogreen-co2-ofen-4kw-propangas\/","title":{"rendered":"Biogreen CO2-Ofen 4kw, Propangas"},"content":{"rendered":"<p>Der Biogreen CO2-Generator f\u00fcr Propangas mit einer Leistung von 4 kW ist mit einer Z\u00fcndflamme ausgestattet und kann stufenlos zwischen 0,75 und 4,5 kW geregelt werden. Der Vorteil der stufenlosen Steuerung ist, dass die Leistung des Ofens an die jeweilige Situation des Raumes angepasst werden kann. Nicht regulierbare CO2-Heizger\u00e4te verursachen manchmal Spitzen im CO2-Gehalt, w\u00e4hrend der Biogreen CO2-Generator f\u00fcr eine gleichm\u00e4\u00dfige Nachf\u00fcllung von CO2 sorgt.<\/p>\n<p>W\u00e4hrend der Wachstumsphase kann das Pilotlicht allein f\u00fcr eine leichte CO2-Zufuhr sorgen. Der 4,5KW-Propanheizstrahler ist f\u00fcr R\u00e4ume von 4 bis 30m2 geeignet, je nach Absaugung. F\u00fcr gr\u00f6\u00dfere R\u00e4ume empfiehlt sich der Einsatz mehrerer Heizger\u00e4te.<\/p>\n<p>Das neueste Modell verf\u00fcgt \u00fcber einen verbesserten Brenner, der nicht so leicht ausbl\u00e4st, und hat spezielle Halterungen f\u00fcr eine sichere Wand- und Bodenmontage.<\/p>\n","protected":false},"excerpt":{"rendered":"<p>Der Biogreen CO2-Generator f\u00fcr Propangas mit einer Leistung von 4 kW ist mit einer Z\u00fcndflamme ausgestattet und kann stufenlos zwischen<\/p>\n","protected":false},"featured_media":24751,"template":"","meta":[],"product_brand":[],"product_cat":[350,406,413],"product_tag":[],"class_list":{"0":"post-28502","1":"product","2":"type-product","3":"status-publish","4":"has-post-thumbnail","6":"product_cat-aeronautik","7":"product_cat-co2-zubehor","8":"product_cat-heizofen","10":"first","11":"instock","12":"taxable","13":"shipping-taxable","14":"purchasable","15":"product-type-simple"},"_links":{"self":[{"href":"https:\/\/greendisc.dev-project.digital\/de\/wp-json\/wp\/v2\/product\/28502","targetHints":{"allow":["GET"]}}],"collection":[{"href":"https:\/\/greendisc.dev-project.digital\/de\/wp-json\/wp\/v2\/product"}],"about":[{"href":"https:\/\/greendisc.dev-project.digital\/de\/wp-json\/wp\/v2\/types\/product"}],"version-history":[{"count":0,"href":"https:\/\/greendisc.dev-project.digital\/de\/wp-json\/wp\/v2\/product\/28502\/revisions"}],"wp:featuredmedia":[{"embeddable":true,"href":"https:\/\/greendisc.dev-project.digital\/de\/wp-json\/wp\/v2\/media\/24751"}],"wp:attachment":[{"href":"https:\/\/greendisc.dev-project.digital\/de\/wp-json\/wp\/v2\/media?parent=28502"}],"wp:term":[{"taxonomy":"product_brand","embeddable":true,"href":"https:\/\/greendisc.dev-project.digital\/de\/wp-json\/wp\/v2\/product_brand?post=28502"},{"taxonomy":"product_cat","embeddable":true,"href":"https:\/\/greendisc.dev-project.digital\/de\/wp-json\/wp\/v2\/product_cat?post=28502"},{"taxonomy":"product_tag","embeddable":true,"href":"https:\/\/greendisc.dev-project.digital\/de\/wp-json\/wp\/v2\/product_tag?post=28502"}],"curies":[{"name":"wp","href":"https:\/\/api.w.org\/{rel}","templated":true}]}}