 {"id":28494,"date":"2023-11-14T12:32:53","date_gmt":"2023-11-14T11:32:53","guid":{"rendered":"https:\/\/greendisc.dev-project.digital\/\/product\/techgrow-co2-controller-inkl-s2-sensor-0-2000ppm\/"},"modified":"2025-05-26T15:08:45","modified_gmt":"2025-05-26T13:08:45","slug":"techgrow-co2-controller-inkl-s2-sensor-0-2000ppm","status":"publish","type":"product","link":"https:\/\/greendisc.dev-project.digital\/de\/produkt\/techgrow-co2-controller-inkl-s2-sensor-0-2000ppm\/","title":{"rendered":"Techgrow | T-1 co2 controller | Excl. Sensor"},"content":{"rendered":"<h1>TechGrow CO2 Controller T-1 &#8211; Pr\u00e4zise CO2-Steuerung f\u00fcr ein optimales Klima<\/h1>\n<p>Der <strong>TechGrow CO2 Controller T-1<\/strong> ist die digitale L\u00f6sung f\u00fcr stabile CO2-Werte in jedem Grow-Raum. Dieses fortschrittliche Ger\u00e4t misst und kontrolliert kontinuierlich die CO2-Konzentration mit einem einstellbaren Bereich von <strong>300 bis 2000 ppm<\/strong>. Das moderne Digitaldisplay zeigt die Werte in Echtzeit an und ist mit einem Dreh-\/Druckknopf einfach zu bedienen.<\/p>\n<p>Mit seinem robusten, spritzwassergesch\u00fctzten Geh\u00e4use ist der <strong>T-1<\/strong> bestens f\u00fcr die Herausforderungen einer feuchten Wachstumsumgebung ger\u00fcstet. Der Controller ist mit einem <strong>externen CO2-Sensor<\/strong> ausgestattet, der \u00fcber ein Standard-Netzwerkkabel (UTP) angeschlossen ist, so dass Sie flexibel an der optimalsten Stelle im Raum messen k\u00f6nnen.<\/p>\n<h2>Die wichtigsten Vorteile und Merkmale des TechGrow T-1:<\/h2>\n<ul>\n<li><strong>Einstellbarer CO2-Bereich von 300 bis 2000 ppm<\/strong> f\u00fcr pr\u00e4zise Kontrolle.<\/li>\n<li><strong>Erweiterte Kalibrierungsfunktion<\/strong> zur Kalibrierung des CO2-Sensors mit Au\u00dfenluft.<\/li>\n<li><strong>Display mit Echtzeitanzeige<\/strong> von CO2, Temperatur und Luftfeuchtigkeit (abh\u00e4ngig von den angeschlossenen Sensoren).<\/li>\n<li><strong>Min\/Max-Speicherfunktion<\/strong> zur Anzeige der niedrigsten und h\u00f6chsten Messwerte.<\/li>\n<li><strong>Indikator-LEDs<\/strong> f\u00fcr CO2-Dosierung, Lichterkennung und stabiles Klima.<\/li>\n<li><strong>Automatische Tag\/Nacht-Erkennung<\/strong> dank des integrierten Lichtsensors.<\/li>\n<li><strong>Energieeffizientes Display<\/strong>, das sich nach 60 Sekunden automatisch dimmt.<\/li>\n<li><strong>Gesch\u00fctzt gegen Sensorausf\u00e4lle<\/strong> durch automatische Kabelbrucherkennung.<\/li>\n<li><strong>Flexible Installation<\/strong>: montierbar auf einer DIN-Schiene und verkn\u00fcpfbar mit anderen TechGrow-Modulen wie dem <strong>SMS-Modul (AM-T<\/strong> ) und dem <strong>Datalogger (DL-1<\/strong>).<\/li>\n<\/ul>\n<h2>Warum sollten Sie den TechGrow T-1 w\u00e4hlen?<\/h2>\n<p>Der <strong>TechGrow T-1 CO2-Controller<\/strong> wurde f\u00fcr professionelle Z\u00fcchter und anspruchsvolle Anwender entwickelt, die ein optimales Klima und maximale Ertr\u00e4ge anstreben. Dank seines modularen Aufbaus und der Kompatibilit\u00e4t mit anderen TechGrow-Ger\u00e4ten eignet sich dieses System ideal f\u00fcr fortschrittliche Anbauumgebungen.<\/p>\n<h3>Spezifikationen:<\/h3>\n<ul>\n<li>Kontrollbereich: 300 &#8211; 2000 ppm CO2<\/li>\n<li>Anzeige: CO2, Temperatur, Luftfeuchtigkeit (abh\u00e4ngig von den Sensoren)<\/li>\n<li>Bedienung: 1 Dreh-\/Druckknopf<\/li>\n<li>Geh\u00e4use: Spritzwassergesch\u00fctztes, robustes Design<\/li>\n<li>Anschlussm\u00f6glichkeiten: Standard-UTP-Netzwerkkabel<\/li>\n<li>Montage: DIN-Schiene<\/li>\n<li>Kompatibilit\u00e4t: SMS-Modul (AM-T), Datenlogger (DL-1)<\/li>\n<li>Mit Ausnahme des CO2-Sensors, dieser ist separat erh\u00e4ltlich<\/li>\n<\/ul>\n<p><strong>\ud83d\udce6 Bestellen Sie den TechGrow T-1 CO2 Controller noch heute<\/strong> bei <strong>Greendiscounter.com<\/strong> und optimieren Sie Ihr Anbauklima f\u00fcr maximales Wachstum und Ertrag!<\/p>\n","protected":false},"excerpt":{"rendered":"<p>Techgrow co2 controller inkl. S2-Sensor (0-2000ppm)<\/p>\n","protected":false},"featured_media":26437,"template":"","meta":[],"product_brand":[],"product_cat":[350,406,405],"product_tag":[],"class_list":{"0":"post-28494","1":"product","2":"type-product","3":"status-publish","4":"has-post-thumbnail","6":"product_cat-aeronautik","7":"product_cat-co2-zubehor","8":"product_cat-co2-meter","10":"first","11":"instock","12":"taxable","13":"shipping-taxable","14":"purchasable","15":"product-type-simple"},"_links":{"self":[{"href":"https:\/\/greendisc.dev-project.digital\/de\/wp-json\/wp\/v2\/product\/28494","targetHints":{"allow":["GET"]}}],"collection":[{"href":"https:\/\/greendisc.dev-project.digital\/de\/wp-json\/wp\/v2\/product"}],"about":[{"href":"https:\/\/greendisc.dev-project.digital\/de\/wp-json\/wp\/v2\/types\/product"}],"version-history":[{"count":0,"href":"https:\/\/greendisc.dev-project.digital\/de\/wp-json\/wp\/v2\/product\/28494\/revisions"}],"wp:featuredmedia":[{"embeddable":true,"href":"https:\/\/greendisc.dev-project.digital\/de\/wp-json\/wp\/v2\/media\/26437"}],"wp:attachment":[{"href":"https:\/\/greendisc.dev-project.digital\/de\/wp-json\/wp\/v2\/media?parent=28494"}],"wp:term":[{"taxonomy":"product_brand","embeddable":true,"href":"https:\/\/greendisc.dev-project.digital\/de\/wp-json\/wp\/v2\/product_brand?post=28494"},{"taxonomy":"product_cat","embeddable":true,"href":"https:\/\/greendisc.dev-project.digital\/de\/wp-json\/wp\/v2\/product_cat?post=28494"},{"taxonomy":"product_tag","embeddable":true,"href":"https:\/\/greendisc.dev-project.digital\/de\/wp-json\/wp\/v2\/product_tag?post=28494"}],"curies":[{"name":"wp","href":"https:\/\/api.w.org\/{rel}","templated":true}]}}