 {"id":28425,"date":"2023-11-14T12:21:33","date_gmt":"2023-11-14T11:21:33","guid":{"rendered":"https:\/\/greendisc.dev-project.digital\/\/product\/can-fan-iso-max-rohrventilator-315mm-3260-m3\/"},"modified":"2023-11-14T12:21:33","modified_gmt":"2023-11-14T11:21:33","slug":"can-fan-iso-max-rohrventilator-315mm-3260-m3","status":"publish","type":"product","link":"https:\/\/greendisc.dev-project.digital\/de\/produkt\/can-fan-iso-max-rohrventilator-315mm-3260-m3\/","title":{"rendered":"Can-Fan, Iso-Max Rohrventilator 315mm, 3260 m3"},"content":{"rendered":"<p><meta charset=\"UTF-8\"><\/p>\n<p><span>&#8211; Kapazit\u00e4t 3260m3\/h<br \/>&#8211; Flanschgr\u00f6\u00dfe \u00d8 315 mm<br \/>&#8211; Ampere: 2.3<br \/>&#8211; Watt: 512<br \/>&#8211; Gewicht: 19,2 kg<br \/>&#8211; Isolationsklasse: F<br \/>&#8211; Schutzklasse: IP X4<br \/>&#8211; Statischer Druck: 408 Pa<br \/>&#8211; Umdrehungen: 2759 U\/min<br \/><\/span><\/p>\n","protected":false},"excerpt":{"rendered":"<p>&#8211; Kapazit\u00e4t 3260m3\/h&#8211; Flanschgr\u00f6\u00dfe \u00d8 315 mm&#8211; Ampere: 2.3&#8211; Watt: 512&#8211; Gewicht: 19,2 kg&#8211; Isolationsklasse: F&#8211; Schutzklasse: IP X4&#8211; Statischer<\/p>\n","protected":false},"featured_media":24927,"template":"","meta":[],"product_brand":[],"product_cat":[350,402,399],"product_tag":[],"class_list":{"0":"post-28425","1":"product","2":"type-product","3":"status-publish","4":"has-post-thumbnail","6":"product_cat-aeronautik","7":"product_cat-can-kohlefilter","8":"product_cat-rohrenventilatoren","10":"first","11":"outofstock","12":"taxable","13":"shipping-taxable","14":"purchasable","15":"product-type-simple"},"_links":{"self":[{"href":"https:\/\/greendisc.dev-project.digital\/de\/wp-json\/wp\/v2\/product\/28425","targetHints":{"allow":["GET"]}}],"collection":[{"href":"https:\/\/greendisc.dev-project.digital\/de\/wp-json\/wp\/v2\/product"}],"about":[{"href":"https:\/\/greendisc.dev-project.digital\/de\/wp-json\/wp\/v2\/types\/product"}],"version-history":[{"count":0,"href":"https:\/\/greendisc.dev-project.digital\/de\/wp-json\/wp\/v2\/product\/28425\/revisions"}],"wp:featuredmedia":[{"embeddable":true,"href":"https:\/\/greendisc.dev-project.digital\/de\/wp-json\/wp\/v2\/media\/24927"}],"wp:attachment":[{"href":"https:\/\/greendisc.dev-project.digital\/de\/wp-json\/wp\/v2\/media?parent=28425"}],"wp:term":[{"taxonomy":"product_brand","embeddable":true,"href":"https:\/\/greendisc.dev-project.digital\/de\/wp-json\/wp\/v2\/product_brand?post=28425"},{"taxonomy":"product_cat","embeddable":true,"href":"https:\/\/greendisc.dev-project.digital\/de\/wp-json\/wp\/v2\/product_cat?post=28425"},{"taxonomy":"product_tag","embeddable":true,"href":"https:\/\/greendisc.dev-project.digital\/de\/wp-json\/wp\/v2\/product_tag?post=28425"}],"curies":[{"name":"wp","href":"https:\/\/api.w.org\/{rel}","templated":true}]}}