 {"id":28424,"date":"2023-11-14T12:21:36","date_gmt":"2023-11-14T11:21:36","guid":{"rendered":"https:\/\/greendisc.dev-project.digital\/\/product\/can-fan-satelit-fuer-iso-max-und-max-fan\/"},"modified":"2023-11-14T12:21:36","modified_gmt":"2023-11-14T11:21:36","slug":"can-fan-satelit-fuer-iso-max-und-max-fan","status":"publish","type":"product","link":"https:\/\/greendisc.dev-project.digital\/de\/produkt\/can-fan-satelit-fuer-iso-max-und-max-fan\/","title":{"rendered":"Can-Fan, Satelit f\u00fcr Iso-max und Max-Fan"},"content":{"rendered":"<p data-mce-fragment=\"1\">Dieser Can-Fan Satellite ist ein innovativer 6-stufiger Transformator, mit dem Sie unter anderem die Geschwindigkeit der beliebten ISO Max-Ventilatoren (AC-Ger\u00e4t: Modelle 250, 315 und 355) manuell steuern k\u00f6nnen.<\/p>\n<p data-mce-fragment=\"1\">F\u00fcr maximalen Komfort schlie\u00dfen Sie den LCD EC Fan Controller an den Can-Fan Satellite an. Auf diese Weise erhalten Sie die volle Funktionalit\u00e4t des Can Fan LCD EC Fan Controllers.<\/p>\n","protected":false},"excerpt":{"rendered":"<p>Dieser Can-Fan Satellite ist ein innovativer 6-stufiger Transformator, mit dem Sie unter anderem die Geschwindigkeit der beliebten ISO Max-Ventilatoren (AC-Ger\u00e4t:<\/p>\n","protected":false},"featured_media":24931,"template":"","meta":[],"product_brand":[],"product_cat":[350,402,399],"product_tag":[],"class_list":{"0":"post-28424","1":"product","2":"type-product","3":"status-publish","4":"has-post-thumbnail","6":"product_cat-aeronautik","7":"product_cat-can-kohlefilter","8":"product_cat-rohrenventilatoren","10":"first","11":"instock","12":"taxable","13":"shipping-taxable","14":"purchasable","15":"product-type-simple"},"_links":{"self":[{"href":"https:\/\/greendisc.dev-project.digital\/de\/wp-json\/wp\/v2\/product\/28424","targetHints":{"allow":["GET"]}}],"collection":[{"href":"https:\/\/greendisc.dev-project.digital\/de\/wp-json\/wp\/v2\/product"}],"about":[{"href":"https:\/\/greendisc.dev-project.digital\/de\/wp-json\/wp\/v2\/types\/product"}],"version-history":[{"count":0,"href":"https:\/\/greendisc.dev-project.digital\/de\/wp-json\/wp\/v2\/product\/28424\/revisions"}],"wp:featuredmedia":[{"embeddable":true,"href":"https:\/\/greendisc.dev-project.digital\/de\/wp-json\/wp\/v2\/media\/24931"}],"wp:attachment":[{"href":"https:\/\/greendisc.dev-project.digital\/de\/wp-json\/wp\/v2\/media?parent=28424"}],"wp:term":[{"taxonomy":"product_brand","embeddable":true,"href":"https:\/\/greendisc.dev-project.digital\/de\/wp-json\/wp\/v2\/product_brand?post=28424"},{"taxonomy":"product_cat","embeddable":true,"href":"https:\/\/greendisc.dev-project.digital\/de\/wp-json\/wp\/v2\/product_cat?post=28424"},{"taxonomy":"product_tag","embeddable":true,"href":"https:\/\/greendisc.dev-project.digital\/de\/wp-json\/wp\/v2\/product_tag?post=28424"}],"curies":[{"name":"wp","href":"https:\/\/api.w.org\/{rel}","templated":true}]}}