 {"id":28354,"date":"2023-11-14T12:29:26","date_gmt":"2023-11-14T11:29:26","guid":{"rendered":"https:\/\/greendisc.dev-project.digital\/\/product\/nitrilhandschuh-groesse-xl-100-pro-karton\/"},"modified":"2023-11-14T12:29:26","modified_gmt":"2023-11-14T11:29:26","slug":"nitrilhandschuh-groesse-xl-100-pro-karton","status":"publish","type":"product","link":"https:\/\/greendisc.dev-project.digital\/de\/produkt\/nitrilhandschuh-groesse-xl-100-pro-karton\/","title":{"rendered":"Nitrilhandschuh, Gr\u00f6\u00dfe XL (100 pro Karton)"},"content":{"rendered":"<p>Nitrilhandschuh, Gr\u00f6\u00dfe XL (100 pro Karton)<\/p>\n","protected":false},"excerpt":{"rendered":"<p>Nitrilhandschuh, Gr\u00f6\u00dfe XL (100 pro Karton)<\/p>\n","protected":false},"featured_media":25869,"template":"","meta":[],"product_brand":[],"product_cat":[391,374],"product_tag":[],"class_list":{"0":"post-28354","1":"product","2":"type-product","3":"status-publish","4":"has-post-thumbnail","6":"product_cat-schutzkleidung","7":"product_cat-verarbeitung-und-verpackung","9":"first","10":"instock","11":"taxable","12":"shipping-taxable","13":"purchasable","14":"product-type-simple"},"_links":{"self":[{"href":"https:\/\/greendisc.dev-project.digital\/de\/wp-json\/wp\/v2\/product\/28354","targetHints":{"allow":["GET"]}}],"collection":[{"href":"https:\/\/greendisc.dev-project.digital\/de\/wp-json\/wp\/v2\/product"}],"about":[{"href":"https:\/\/greendisc.dev-project.digital\/de\/wp-json\/wp\/v2\/types\/product"}],"version-history":[{"count":0,"href":"https:\/\/greendisc.dev-project.digital\/de\/wp-json\/wp\/v2\/product\/28354\/revisions"}],"wp:featuredmedia":[{"embeddable":true,"href":"https:\/\/greendisc.dev-project.digital\/de\/wp-json\/wp\/v2\/media\/25869"}],"wp:attachment":[{"href":"https:\/\/greendisc.dev-project.digital\/de\/wp-json\/wp\/v2\/media?parent=28354"}],"wp:term":[{"taxonomy":"product_brand","embeddable":true,"href":"https:\/\/greendisc.dev-project.digital\/de\/wp-json\/wp\/v2\/product_brand?post=28354"},{"taxonomy":"product_cat","embeddable":true,"href":"https:\/\/greendisc.dev-project.digital\/de\/wp-json\/wp\/v2\/product_cat?post=28354"},{"taxonomy":"product_tag","embeddable":true,"href":"https:\/\/greendisc.dev-project.digital\/de\/wp-json\/wp\/v2\/product_tag?post=28354"}],"curies":[{"name":"wp","href":"https:\/\/api.w.org\/{rel}","templated":true}]}}