 {"id":28331,"date":"2023-11-14T12:19:46","date_gmt":"2023-11-14T11:19:46","guid":{"rendered":"https:\/\/greendisc.dev-project.digital\/\/product\/bcuzz-wurzelstimulator-1-ltr\/"},"modified":"2023-11-14T12:19:46","modified_gmt":"2023-11-14T11:19:46","slug":"bcuzz-wurzelstimulator-1-ltr","status":"publish","type":"product","link":"https:\/\/greendisc.dev-project.digital\/de\/produkt\/bcuzz-wurzelstimulator-1-ltr\/","title":{"rendered":"B&#8217;cuzz Wurzelstimulator 1 ltr."},"content":{"rendered":"<p><meta charset=\"utf-8\"><\/p>\n<div data-mce-fragment=\"1\"><span data-mce-fragment=\"1\">Unterst\u00fctzt die Wurzelbildung und die Widerstandsf\u00e4higkeit der Pflanzen. Ideal f\u00fcr vorbewurzelte Stecklinge.<\/span><\/div>\n<div data-mce-fragment=\"1\"><br data-mce-fragment=\"1\"><\/div>\n<div data-mce-fragment=\"1\">\n<div data-mce-fragment=\"1\">\n<span data-mce-fragment=\"1\">Geeignet f\u00fcr eine breite Palette von Obst und Gem\u00fcse, wie Kartoffeln und S\u00fc\u00dfkartoffeln. Es kann auch f\u00fcr bl\u00fchende Zierpflanzen (z.B. Chrysanthemen, Tulpen, Muscari) verwendet werden.<br data-mce-fragment=\"1\"><br data-mce-fragment=\"1\"><meta charset=\"utf-8\"><\/span><\/p>\n<p data-mce-fragment=\"1\"><strong data-mce-fragment=\"1\">Anwendung:<\/strong><\/p>\n<p data-mce-fragment=\"1\">F\u00fcgen Sie es ab der ersten Woche dem Futterwasser hinzu. Kann t\u00e4glich zur Bew\u00e4sserung der Ernte verwendet werden. Ab der zweiten Woche durch B&#8217;cuzz Booster ersetzen.<\/p>\n<p data-mce-fragment=\"1\"><span data-mce-fragment=\"1\"> <\/span>D<strong data-mce-fragment=\"1\">osierung<\/strong> (1:1000): 1ml pro Liter N\u00e4hrstoffl\u00f6sung.<\/p>\n<p data-mce-fragment=\"1\"><strong data-mce-fragment=\"1\">Verwendung: Bei Raumtemperatur aufbewahren. Vor Gebrauch gut sch\u00fctteln. Au\u00dferhalb der Reichweite von Kindern aufbewahren. Nach dem \u00d6ffnen nur begrenzt haltbar. Nicht zum Einnehmen. Der Hersteller haftet nicht f\u00fcr Sch\u00e4den, die gem\u00e4\u00df unseren Allgemeinen Gesch\u00e4ftsbedingungen entstehen.<\/strong><\/p>\n<\/div>\n<\/div>\n","protected":false},"excerpt":{"rendered":"<p>Unterst\u00fctzt die Wurzelbildung und die Widerstandsf\u00e4higkeit der Pflanzen. Ideal f\u00fcr vorbewurzelte Stecklinge. Geeignet f\u00fcr eine breite Palette von Obst und<\/p>\n","protected":false},"featured_media":24691,"template":"","meta":[],"product_brand":[],"product_cat":[388,344],"product_tag":[],"class_list":{"0":"post-28331","1":"product","2":"type-product","3":"status-publish","4":"has-post-thumbnail","6":"product_cat-atami-bcuzz-de","7":"product_cat-pflanzennahrung","9":"first","10":"instock","11":"taxable","12":"shipping-taxable","13":"purchasable","14":"product-type-simple"},"_links":{"self":[{"href":"https:\/\/greendisc.dev-project.digital\/de\/wp-json\/wp\/v2\/product\/28331","targetHints":{"allow":["GET"]}}],"collection":[{"href":"https:\/\/greendisc.dev-project.digital\/de\/wp-json\/wp\/v2\/product"}],"about":[{"href":"https:\/\/greendisc.dev-project.digital\/de\/wp-json\/wp\/v2\/types\/product"}],"version-history":[{"count":0,"href":"https:\/\/greendisc.dev-project.digital\/de\/wp-json\/wp\/v2\/product\/28331\/revisions"}],"wp:featuredmedia":[{"embeddable":true,"href":"https:\/\/greendisc.dev-project.digital\/de\/wp-json\/wp\/v2\/media\/24691"}],"wp:attachment":[{"href":"https:\/\/greendisc.dev-project.digital\/de\/wp-json\/wp\/v2\/media?parent=28331"}],"wp:term":[{"taxonomy":"product_brand","embeddable":true,"href":"https:\/\/greendisc.dev-project.digital\/de\/wp-json\/wp\/v2\/product_brand?post=28331"},{"taxonomy":"product_cat","embeddable":true,"href":"https:\/\/greendisc.dev-project.digital\/de\/wp-json\/wp\/v2\/product_cat?post=28331"},{"taxonomy":"product_tag","embeddable":true,"href":"https:\/\/greendisc.dev-project.digital\/de\/wp-json\/wp\/v2\/product_tag?post=28331"}],"curies":[{"name":"wp","href":"https:\/\/api.w.org\/{rel}","templated":true}]}}