 {"id":28324,"date":"2023-11-14T12:19:44","date_gmt":"2023-11-14T11:19:44","guid":{"rendered":"https:\/\/greendisc.dev-project.digital\/\/product\/bcuzz-bodenverbesserer-universal-1-ltr\/"},"modified":"2023-11-14T12:19:44","modified_gmt":"2023-11-14T11:19:44","slug":"bcuzz-bodenverbesserer-universal-1-ltr","status":"publish","type":"product","link":"https:\/\/greendisc.dev-project.digital\/de\/produkt\/bcuzz-bodenverbesserer-universal-1-ltr\/","title":{"rendered":"B&#8217;cuzz Bodenverbesserer Universal 1 ltr"},"content":{"rendered":"<p><meta charset=\"utf-8\"><\/p>\n<div data-mce-fragment=\"1\"><span data-mce-fragment=\"1\">Gibt der Pflanze einen nat\u00fcrlichen Schub w\u00e4hrend der Wachstums- und Bl\u00fctezeit. Enth\u00e4lt alle Komponenten f\u00fcr den Zitronens\u00e4urezyklus. Speziell f\u00fcr den Anbau auf dem Boden entwickelt.<\/span><\/div>\n<div data-mce-fragment=\"1\"><br data-mce-fragment=\"1\"><\/div>\n<div data-mce-fragment=\"1\">\n<div data-mce-fragment=\"1\">\n<span data-mce-fragment=\"1\"><span data-mce-fragment=\"1\">Geeignet f\u00fcr eine Vielzahl von Gem\u00fcse, Obst, Kr\u00e4utern und Gew\u00fcrzen wie Salat, Spinat, Kohl, Gurken, Koriander, Schnittlauch usw.<\/p>\n<p><meta charset=\"utf-8\"><\/span><\/span><\/p>\n<p><strong>Anwendung:<\/strong><br \/>F\u00fcgen Sie es ab der Wachstumsphase dem Futterwasser hinzu. Kann w\u00e4hrend der Wachstumsphase t\u00e4glich zur Bew\u00e4sserung der Pflanzen verwendet werden.<\/p>\n<p><strong>Anbautipp:<\/strong><br \/>Atami empfiehlt die Verwendung von Soil Booster in Kombination mit dem B&#8217;cuzz Bl\u00fchstimulator f\u00fcr optimale Ergebnisse.<\/p>\n<p><span> <\/span>D<strong>osierung:<\/strong> 0,1 &#8211; 0,5 ml pro Liter N\u00e4hrl\u00f6sung.<\/p>\n<p><strong>Achtung: Bei Zimmertemperatur aufbewahren. Vor Gebrauch gut sch\u00fctteln. Au\u00dferhalb der Reichweite von Kindern aufbewahren. Nach dem \u00d6ffnen nur begrenzt haltbar. Nicht zum Einnehmen. Der Hersteller haftet nicht f\u00fcr Sch\u00e4den, die gem\u00e4\u00df unseren Allgemeinen Gesch\u00e4ftsbedingungen entstehen.<\/strong><\/p>\n<p>\n<\/div>\n<\/div>\n","protected":false},"excerpt":{"rendered":"<p>Gibt der Pflanze einen nat\u00fcrlichen Schub w\u00e4hrend der Wachstums- und Bl\u00fctezeit. Enth\u00e4lt alle Komponenten f\u00fcr den Zitronens\u00e4urezyklus. Speziell f\u00fcr den<\/p>\n","protected":false},"featured_media":24687,"template":"","meta":[],"product_brand":[],"product_cat":[388,344],"product_tag":[],"class_list":{"0":"post-28324","1":"product","2":"type-product","3":"status-publish","4":"has-post-thumbnail","6":"product_cat-atami-bcuzz-de","7":"product_cat-pflanzennahrung","9":"first","10":"instock","11":"taxable","12":"shipping-taxable","13":"purchasable","14":"product-type-simple"},"_links":{"self":[{"href":"https:\/\/greendisc.dev-project.digital\/de\/wp-json\/wp\/v2\/product\/28324","targetHints":{"allow":["GET"]}}],"collection":[{"href":"https:\/\/greendisc.dev-project.digital\/de\/wp-json\/wp\/v2\/product"}],"about":[{"href":"https:\/\/greendisc.dev-project.digital\/de\/wp-json\/wp\/v2\/types\/product"}],"version-history":[{"count":0,"href":"https:\/\/greendisc.dev-project.digital\/de\/wp-json\/wp\/v2\/product\/28324\/revisions"}],"wp:featuredmedia":[{"embeddable":true,"href":"https:\/\/greendisc.dev-project.digital\/de\/wp-json\/wp\/v2\/media\/24687"}],"wp:attachment":[{"href":"https:\/\/greendisc.dev-project.digital\/de\/wp-json\/wp\/v2\/media?parent=28324"}],"wp:term":[{"taxonomy":"product_brand","embeddable":true,"href":"https:\/\/greendisc.dev-project.digital\/de\/wp-json\/wp\/v2\/product_brand?post=28324"},{"taxonomy":"product_cat","embeddable":true,"href":"https:\/\/greendisc.dev-project.digital\/de\/wp-json\/wp\/v2\/product_cat?post=28324"},{"taxonomy":"product_tag","embeddable":true,"href":"https:\/\/greendisc.dev-project.digital\/de\/wp-json\/wp\/v2\/product_tag?post=28324"}],"curies":[{"name":"wp","href":"https:\/\/api.w.org\/{rel}","templated":true}]}}