 {"id":28320,"date":"2023-11-14T12:19:42","date_gmt":"2023-11-14T11:19:42","guid":{"rendered":"https:\/\/greendisc.dev-project.digital\/\/product\/bcuzz-silic-boost-5-ltr\/"},"modified":"2023-11-14T12:19:42","modified_gmt":"2023-11-14T11:19:42","slug":"bcuzz-silic-boost-5-ltr","status":"publish","type":"product","link":"https:\/\/greendisc.dev-project.digital\/de\/produkt\/bcuzz-silic-boost-5-ltr\/","title":{"rendered":"B&#8217;cuzz Silic Boost 5 ltr."},"content":{"rendered":"<p><strong data-mce-fragment=\"1\" _mstmutation=\"1\" _istranslated=\"1\">Silizium (Si) ist eines der am h\u00e4ufigsten vorkommenden Elemente im Boden. Das meiste davon ist jedoch f\u00fcr Ihre Pflanzen nicht zug\u00e4nglich. Das ist bedauerlich, denn Silizium hat eine st\u00e4rkende Wirkung auf Ihre Pflanzen und macht sie weniger empfindlich gegen\u00fcber Umweltstressoren wie Hitze oder Trockenheit.<\/strong><br data-mce-fragment=\"1\" _mstmutation=\"1\" _istranslated=\"1\"><br data-mce-fragment=\"1\" _mstmutation=\"1\" _istranslated=\"1\"><span data-mce-fragment=\"1\">B&#8217;cuzz Silic Boost ist ein stabiles Siliziumprodukt in einer f\u00fcr Pflanzen verf\u00fcgbaren Form. Es ist also eine hervorragende Erg\u00e4nzung zu Ihrer \u00fcblichen Nahrungserg\u00e4nzung.<\/span><br data-mce-fragment=\"1\" _mstmutation=\"1\" _istranslated=\"1\"><br data-mce-fragment=\"1\" _mstmutation=\"1\" _istranslated=\"1\"><strong data-mce-fragment=\"1\" _mstmutation=\"1\" _istranslated=\"1\">BESONDERS GEEIGNET F\u00dcR<\/strong><br data-mce-fragment=\"1\" _mstmutation=\"1\" _istranslated=\"1\"><span data-mce-fragment=\"1\">verschiedene Gem\u00fcse, Fr\u00fcchte und Kr\u00e4uter wie Gurken, Tomaten, Erdbeeren, Sonnenblumen, Sprossen, Basilikum, etc. Die erforderliche Dosierung kann auf die Bed\u00fcrfnisse der jeweiligen Pflanze oder Kultur abgestimmt werden.<\/span><br data-mce-fragment=\"1\" _mstmutation=\"1\" _istranslated=\"1\"><br data-mce-fragment=\"1\" _mstmutation=\"1\" _istranslated=\"1\"><strong data-mce-fragment=\"1\" _mstmutation=\"1\" _istranslated=\"1\">ANWENDUNG<\/strong><br data-mce-fragment=\"1\" _mstmutation=\"1\" _istranslated=\"1\"><span data-mce-fragment=\"1\">Verwenden Sie das Produkt ab Beginn der Wachstumsphase t\u00e4glich, indem Sie es der N\u00e4hrl\u00f6sung hinzuf\u00fcgen. Kann auch in Bew\u00e4sserungssystemen oder als Blattspray verwendet werden.<\/span><br data-mce-fragment=\"1\" _mstmutation=\"1\" _istranslated=\"1\"><br data-mce-fragment=\"1\" _mstmutation=\"1\" _istranslated=\"1\"><strong data-mce-fragment=\"1\" _mstmutation=\"1\" _istranslated=\"1\">DOSIEREN<\/strong><span data-mce-fragment=\"1\"><\/span><br data-mce-fragment=\"1\" _mstmutation=\"1\" _istranslated=\"1\"><span data-mce-fragment=\"1\">Geben Sie 0,1 ml B&#8217;cuzz Silic Boost pro Liter N\u00e4hrstoffl\u00f6sung hinzu.<\/span><\/p>\n","protected":false},"excerpt":{"rendered":"<p>Silizium (Si) ist eines der am h\u00e4ufigsten vorkommenden Elemente im Boden. Das meiste davon ist jedoch f\u00fcr Ihre Pflanzen nicht<\/p>\n","protected":false},"featured_media":24683,"template":"","meta":[],"product_brand":[],"product_cat":[388,344],"product_tag":[],"class_list":{"0":"post-28320","1":"product","2":"type-product","3":"status-publish","4":"has-post-thumbnail","6":"product_cat-atami-bcuzz-de","7":"product_cat-pflanzennahrung","9":"first","10":"instock","11":"taxable","12":"shipping-taxable","13":"purchasable","14":"product-type-simple"},"_links":{"self":[{"href":"https:\/\/greendisc.dev-project.digital\/de\/wp-json\/wp\/v2\/product\/28320","targetHints":{"allow":["GET"]}}],"collection":[{"href":"https:\/\/greendisc.dev-project.digital\/de\/wp-json\/wp\/v2\/product"}],"about":[{"href":"https:\/\/greendisc.dev-project.digital\/de\/wp-json\/wp\/v2\/types\/product"}],"version-history":[{"count":0,"href":"https:\/\/greendisc.dev-project.digital\/de\/wp-json\/wp\/v2\/product\/28320\/revisions"}],"wp:featuredmedia":[{"embeddable":true,"href":"https:\/\/greendisc.dev-project.digital\/de\/wp-json\/wp\/v2\/media\/24683"}],"wp:attachment":[{"href":"https:\/\/greendisc.dev-project.digital\/de\/wp-json\/wp\/v2\/media?parent=28320"}],"wp:term":[{"taxonomy":"product_brand","embeddable":true,"href":"https:\/\/greendisc.dev-project.digital\/de\/wp-json\/wp\/v2\/product_brand?post=28320"},{"taxonomy":"product_cat","embeddable":true,"href":"https:\/\/greendisc.dev-project.digital\/de\/wp-json\/wp\/v2\/product_cat?post=28320"},{"taxonomy":"product_tag","embeddable":true,"href":"https:\/\/greendisc.dev-project.digital\/de\/wp-json\/wp\/v2\/product_tag?post=28320"}],"curies":[{"name":"wp","href":"https:\/\/api.w.org\/{rel}","templated":true}]}}