 {"id":28316,"date":"2023-11-14T12:19:35","date_gmt":"2023-11-14T11:19:35","guid":{"rendered":"https:\/\/greendisc.dev-project.digital\/\/product\/bcuzz-hydro-ab-10-ltr\/"},"modified":"2023-11-14T12:19:35","modified_gmt":"2023-11-14T11:19:35","slug":"bcuzz-hydro-ab-10-ltr","status":"publish","type":"product","link":"https:\/\/greendisc.dev-project.digital\/de\/produkt\/bcuzz-hydro-ab-10-ltr\/","title":{"rendered":"B&#8217;cuzz Hydro A&amp;B 10 ltr."},"content":{"rendered":"<p><meta charset=\"utf-8\"><\/p>\n<p><span><span>Professionelle Mineralnahrung ohne Wachstumsf\u00f6rderer.<span> <\/span><\/span>Speziell f\u00fcr Hydrokulturen entwickelt.<span> <\/span>Nur zusammen verwenden.<span> <\/span><span>Atami empfiehlt die Verwendung von Zusatzstoffen f\u00fcr beste Ergebnisse.<\/span><\/span><\/p>\n<p><span>Geeignet f\u00fcr eine breite Palette von Gem\u00fcse, Obst, Kr\u00e4utern und Gew\u00fcrzen wie Auberginen, Salbei und Basilikum.<span> <\/span>Er kann auch f\u00fcr Zimmer- und Topfpflanzen (z.B. Anthurien, Lavendel, Gerbera) verwendet werden.<\/span><\/p>\n<p data-mce-fragment=\"1\">Diese Nahrung kann nur verwendet werden, wenn Hydro nutrition A &amp; B zusammen und gleichzeitig in Wasser gemischt werden. F\u00fcr beste Ergebnisse empfehlen wir<\/p>\n<p data-mce-fragment=\"1\">Atami die Verwendung von Wasser bei Raumtemperatur (21\u00b0C).<\/p>\n<p data-mce-fragment=\"1\"><strong data-mce-fragment=\"1\">Dosierung:<\/strong> 1-3 ml A und 1-3 ml B pro Liter N\u00e4hrl\u00f6sung<\/p>\n<p data-mce-fragment=\"1\"><strong data-mce-fragment=\"1\">NPK: <\/strong><\/p>\n<p data-mce-fragment=\"1\">Hydro-Nahrung A: <strong data-mce-fragment=\"1\">NK 5-5 W\/W<\/strong><\/p>\n<p data-mce-fragment=\"1\">Hydro Ern\u00e4hrung B:<strong data-mce-fragment=\"1\"> PK 4-6 W\/W<\/strong><\/p>\n<p data-mce-fragment=\"1\"><strong data-mce-fragment=\"1\">Achtung: Bei Zimmertemperatur aufbewahren. Vor Gebrauch gut sch\u00fctteln. Au\u00dferhalb der Reichweite von Kindern aufbewahren. Nach dem \u00d6ffnen nur begrenzt haltbar. Nicht zum Einnehmen. Der Hersteller haftet nicht f\u00fcr Sch\u00e4den, die gem\u00e4\u00df unseren Allgemeinen Gesch\u00e4ftsbedingungen entstehen.<\/strong><\/p>\n","protected":false},"excerpt":{"rendered":"<p>Professionelle Mineralnahrung ohne Wachstumsf\u00f6rderer. Speziell f\u00fcr Hydrokulturen entwickelt. Nur zusammen verwenden. Atami empfiehlt die Verwendung von Zusatzstoffen f\u00fcr beste Ergebnisse.<\/p>\n","protected":false},"featured_media":24669,"template":"","meta":[],"product_brand":[],"product_cat":[388,344],"product_tag":[],"class_list":{"0":"post-28316","1":"product","2":"type-product","3":"status-publish","4":"has-post-thumbnail","6":"product_cat-atami-bcuzz-de","7":"product_cat-pflanzennahrung","9":"first","10":"instock","11":"taxable","12":"shipping-taxable","13":"purchasable","14":"product-type-simple"},"_links":{"self":[{"href":"https:\/\/greendisc.dev-project.digital\/de\/wp-json\/wp\/v2\/product\/28316","targetHints":{"allow":["GET"]}}],"collection":[{"href":"https:\/\/greendisc.dev-project.digital\/de\/wp-json\/wp\/v2\/product"}],"about":[{"href":"https:\/\/greendisc.dev-project.digital\/de\/wp-json\/wp\/v2\/types\/product"}],"version-history":[{"count":0,"href":"https:\/\/greendisc.dev-project.digital\/de\/wp-json\/wp\/v2\/product\/28316\/revisions"}],"wp:featuredmedia":[{"embeddable":true,"href":"https:\/\/greendisc.dev-project.digital\/de\/wp-json\/wp\/v2\/media\/24669"}],"wp:attachment":[{"href":"https:\/\/greendisc.dev-project.digital\/de\/wp-json\/wp\/v2\/media?parent=28316"}],"wp:term":[{"taxonomy":"product_brand","embeddable":true,"href":"https:\/\/greendisc.dev-project.digital\/de\/wp-json\/wp\/v2\/product_brand?post=28316"},{"taxonomy":"product_cat","embeddable":true,"href":"https:\/\/greendisc.dev-project.digital\/de\/wp-json\/wp\/v2\/product_cat?post=28316"},{"taxonomy":"product_tag","embeddable":true,"href":"https:\/\/greendisc.dev-project.digital\/de\/wp-json\/wp\/v2\/product_tag?post=28316"}],"curies":[{"name":"wp","href":"https:\/\/api.w.org\/{rel}","templated":true}]}}