 {"id":28306,"date":"2023-11-14T12:19:30","date_gmt":"2023-11-14T11:19:30","guid":{"rendered":"https:\/\/greendisc.dev-project.digital\/\/product\/bcuzz-coco-bloom-stimulator-5-ltr\/"},"modified":"2023-11-14T12:19:30","modified_gmt":"2023-11-14T11:19:30","slug":"bcuzz-coco-bloom-stimulator-5-ltr","status":"publish","type":"product","link":"https:\/\/greendisc.dev-project.digital\/de\/produkt\/bcuzz-coco-bloom-stimulator-5-ltr\/","title":{"rendered":"B&#8217;cuzz Coco Bloom Stimulator 5 ltr."},"content":{"rendered":"<p><strong data-mce-fragment=\"1\" _mstmutation=\"1\" _istranslated=\"1\">Die Bl\u00fctephase ist ein spannender Teil des Lebenszyklus einer Pflanze, in dem das Wachstum reduziert wird und die generative Entwicklung der Pflanze beginnt.<\/strong><span data-mce-fragment=\"1\"><\/span><br data-mce-fragment=\"1\" _mstmutation=\"1\" _istranslated=\"1\"><br data-mce-fragment=\"1\" _mstmutation=\"1\" _istranslated=\"1\"><span data-mce-fragment=\"1\">B&#8217;cuzz Coco Bloom Stimulator wurde speziell entwickelt, um die Bl\u00fctenbildung und die Bl\u00fctephase beim Anbau auf Kokossubstraten zu intensivieren. Wenden Sie diesen Bl\u00fchstimulator vor Beginn der Bl\u00fctephase an, sobald die Pflanze beginnt, Bl\u00fcten zu bilden. B&#8217;cuzz Bloom Stimulator f\u00f6rdert die Bl\u00fctephase und sorgt daf\u00fcr, dass sie intensiver ist und l\u00e4nger anh\u00e4lt. Das Ergebnis ist eine intensive Entwicklung von dicken und kompakten Bl\u00fcten sowie von Fr\u00fcchten, die gut riechen und schmecken.<\/span><br data-mce-fragment=\"1\" _mstmutation=\"1\" _istranslated=\"1\"><br data-mce-fragment=\"1\" _mstmutation=\"1\" _istranslated=\"1\"><strong data-mce-fragment=\"1\" _mstmutation=\"1\" _istranslated=\"1\">BESONDERS GEEIGNET F\u00dcR<\/strong><br data-mce-fragment=\"1\" _mstmutation=\"1\" _istranslated=\"1\"><span data-mce-fragment=\"1\">verschiedene Gem\u00fcse, Fr\u00fcchte und Kr\u00e4uter wie Tomaten, Salbei und Basilikum. Das Produkt kann auch f\u00fcr Zimmer- und K\u00fcbelpflanzen (z.B. Alokasie, Lavendel) verwendet werden. Die erforderliche Dosierung kann auf die Bed\u00fcrfnisse der jeweiligen Pflanze oder Kultur abgestimmt werden.<\/span><br data-mce-fragment=\"1\" _mstmutation=\"1\" _istranslated=\"1\"><br data-mce-fragment=\"1\" _mstmutation=\"1\" _istranslated=\"1\"><strong data-mce-fragment=\"1\" _mstmutation=\"1\" _istranslated=\"1\">ANWENDUNG<\/strong><br data-mce-fragment=\"1\" _mstmutation=\"1\" _istranslated=\"1\"><span data-mce-fragment=\"1\">Wenden Sie das Mittel ab dem Beginn der Bl\u00fctenbildung t\u00e4glich beim Gie\u00dfen der Pflanze an. Optimale Ergebnisse k\u00f6nnen in Kombination mit dem B&#8217;cuzz Coco Booster erzielt werden. Der B&#8217;cuzz Coco Bloom Stimulator ist einfach zu benutzen! Das Produkt ist ideal f\u00fcr die Kultivierung auf Kokosnusssubstraten.<\/span><br data-mce-fragment=\"1\" _mstmutation=\"1\" _istranslated=\"1\"><br data-mce-fragment=\"1\" _mstmutation=\"1\" _istranslated=\"1\"><strong data-mce-fragment=\"1\" _mstmutation=\"1\" _istranslated=\"1\">DOSIEREN<\/strong><br data-mce-fragment=\"1\" _mstmutation=\"1\" _istranslated=\"1\"><span data-mce-fragment=\"1\">0,5-1 ml pro Liter N\u00e4hrstoffl\u00f6sung<\/span><\/p>\n","protected":false},"excerpt":{"rendered":"<p>Die Bl\u00fctephase ist ein spannender Teil des Lebenszyklus einer Pflanze, in dem das Wachstum reduziert wird und die generative Entwicklung<\/p>\n","protected":false},"featured_media":24655,"template":"","meta":[],"product_brand":[],"product_cat":[388,344],"product_tag":[],"class_list":{"0":"post-28306","1":"product","2":"type-product","3":"status-publish","4":"has-post-thumbnail","6":"product_cat-atami-bcuzz-de","7":"product_cat-pflanzennahrung","9":"first","10":"instock","11":"taxable","12":"shipping-taxable","13":"purchasable","14":"product-type-simple"},"_links":{"self":[{"href":"https:\/\/greendisc.dev-project.digital\/de\/wp-json\/wp\/v2\/product\/28306","targetHints":{"allow":["GET"]}}],"collection":[{"href":"https:\/\/greendisc.dev-project.digital\/de\/wp-json\/wp\/v2\/product"}],"about":[{"href":"https:\/\/greendisc.dev-project.digital\/de\/wp-json\/wp\/v2\/types\/product"}],"version-history":[{"count":0,"href":"https:\/\/greendisc.dev-project.digital\/de\/wp-json\/wp\/v2\/product\/28306\/revisions"}],"wp:featuredmedia":[{"embeddable":true,"href":"https:\/\/greendisc.dev-project.digital\/de\/wp-json\/wp\/v2\/media\/24655"}],"wp:attachment":[{"href":"https:\/\/greendisc.dev-project.digital\/de\/wp-json\/wp\/v2\/media?parent=28306"}],"wp:term":[{"taxonomy":"product_brand","embeddable":true,"href":"https:\/\/greendisc.dev-project.digital\/de\/wp-json\/wp\/v2\/product_brand?post=28306"},{"taxonomy":"product_cat","embeddable":true,"href":"https:\/\/greendisc.dev-project.digital\/de\/wp-json\/wp\/v2\/product_cat?post=28306"},{"taxonomy":"product_tag","embeddable":true,"href":"https:\/\/greendisc.dev-project.digital\/de\/wp-json\/wp\/v2\/product_tag?post=28306"}],"curies":[{"name":"wp","href":"https:\/\/api.w.org\/{rel}","templated":true}]}}