 {"id":28293,"date":"2023-11-14T12:19:06","date_gmt":"2023-11-14T11:19:06","guid":{"rendered":"https:\/\/greendisc.dev-project.digital\/\/product\/ata-terra-max-5-ltr\/"},"modified":"2023-11-14T12:19:06","modified_gmt":"2023-11-14T11:19:06","slug":"ata-terra-max-5-ltr","status":"publish","type":"product","link":"https:\/\/greendisc.dev-project.digital\/de\/produkt\/ata-terra-max-5-ltr\/","title":{"rendered":"ATA Terra Max 5 ltr."},"content":{"rendered":"<p><meta charset=\"utf-8\"><\/p>\n<p data-mce-fragment=\"1\"><span data-mce-fragment=\"1\">Komplette Profi-Mehlformel. Stimuliert den Beginn und die optimale Fortsetzung des Bl\u00fctenwachstums. Sofort l\u00f6slich und schnell wirkend.<\/span><\/p>\n<p data-mce-fragment=\"1\"><span data-mce-fragment=\"1\">Geeignet f\u00fcr eine breite Palette von Gem\u00fcsesorten wie Blumenkohl, Brokkoli und Auberginen. Es kann auch f\u00fcr bl\u00fchende Zierpflanzen (z.B. Rosen, Heidekraut) verwendet werden.<br data-mce-fragment=\"1\"><br data-mce-fragment=\"1\"><\/span><strong data-mce-fragment=\"1\">Anwendung:<\/strong><\/p>\n<p data-mce-fragment=\"1\">Kann w\u00e4hrend der Bl\u00fctezeit t\u00e4glich zur Bew\u00e4sserung der Pflanzen verwendet werden.<\/p>\n<p data-mce-fragment=\"1\"><strong data-mce-fragment=\"1\">Anbautipp:<\/strong><\/p>\n<p data-mce-fragment=\"1\">Ideal f\u00fcr luftige, kalkhaltige B\u00f6den (Blumenerde).<\/p>\n<p data-mce-fragment=\"1\"><strong data-mce-fragment=\"1\"><span data-mce-fragment=\"1\"> <\/span>Dosierung:<\/strong>1 bis 5 ml auf 1 Liter N\u00e4hrl\u00f6sung (1:200).<strong data-mce-fragment=\"1\"><\/strong> F\u00fcr alle Bew\u00e4sserungssysteme.<\/p>\n<p data-mce-fragment=\"1\"><strong data-mce-fragment=\"1\">NPK: 2-2-4 W\/W<\/strong><\/p>\n<p data-mce-fragment=\"1\"><strong data-mce-fragment=\"1\">Verwendung: Bei Raumtemperatur aufbewahren. Vor Gebrauch gut sch\u00fctteln. Au\u00dferhalb der Reichweite von Kindern aufbewahren. Nach dem \u00d6ffnen nur begrenzt haltbar. Nicht zum Einnehmen. Der Hersteller haftet nicht f\u00fcr Sch\u00e4den, die gem\u00e4\u00df unseren Allgemeinen Gesch\u00e4ftsbedingungen entstehen.<\/strong><\/p>\n","protected":false},"excerpt":{"rendered":"<p>Komplette Profi-Mehlformel. Stimuliert den Beginn und die optimale Fortsetzung des Bl\u00fctenwachstums. Sofort l\u00f6slich und schnell wirkend. Geeignet f\u00fcr eine breite<\/p>\n","protected":false},"featured_media":24593,"template":"","meta":[],"product_brand":[],"product_cat":[388,344],"product_tag":[],"class_list":{"0":"post-28293","1":"product","2":"type-product","3":"status-publish","4":"has-post-thumbnail","6":"product_cat-atami-bcuzz-de","7":"product_cat-pflanzennahrung","9":"first","10":"instock","11":"taxable","12":"shipping-taxable","13":"purchasable","14":"product-type-simple"},"_links":{"self":[{"href":"https:\/\/greendisc.dev-project.digital\/de\/wp-json\/wp\/v2\/product\/28293","targetHints":{"allow":["GET"]}}],"collection":[{"href":"https:\/\/greendisc.dev-project.digital\/de\/wp-json\/wp\/v2\/product"}],"about":[{"href":"https:\/\/greendisc.dev-project.digital\/de\/wp-json\/wp\/v2\/types\/product"}],"version-history":[{"count":0,"href":"https:\/\/greendisc.dev-project.digital\/de\/wp-json\/wp\/v2\/product\/28293\/revisions"}],"wp:featuredmedia":[{"embeddable":true,"href":"https:\/\/greendisc.dev-project.digital\/de\/wp-json\/wp\/v2\/media\/24593"}],"wp:attachment":[{"href":"https:\/\/greendisc.dev-project.digital\/de\/wp-json\/wp\/v2\/media?parent=28293"}],"wp:term":[{"taxonomy":"product_brand","embeddable":true,"href":"https:\/\/greendisc.dev-project.digital\/de\/wp-json\/wp\/v2\/product_brand?post=28293"},{"taxonomy":"product_cat","embeddable":true,"href":"https:\/\/greendisc.dev-project.digital\/de\/wp-json\/wp\/v2\/product_cat?post=28293"},{"taxonomy":"product_tag","embeddable":true,"href":"https:\/\/greendisc.dev-project.digital\/de\/wp-json\/wp\/v2\/product_tag?post=28293"}],"curies":[{"name":"wp","href":"https:\/\/api.w.org\/{rel}","templated":true}]}}